{"id":1038,"date":"2025-03-10T16:21:34","date_gmt":"2025-03-10T15:21:34","guid":{"rendered":"https:\/\/calzaclemente.it\/products\/conservanti\/lisozima\/"},"modified":"2025-06-26T11:42:43","modified_gmt":"2025-06-26T09:42:43","slug":"lisozima","status":"publish","type":"product","link":"https:\/\/calzaclemente.it\/it\/prodotti\/conservanti\/lisozima\/","title":{"rendered":"Lisozima"},"content":{"rendered":"\n<div class=\"wp-block-cover alignfull is-light has-custom-content-position is-position-top-center has-white-color has-text-color has-link-color wp-elements-2bbb0831a6815cd19ce8866d0321d1fa\" style=\"padding-right:15px;padding-left:15px\" id=\"hero\"><span aria-hidden=\"true\" class=\"wp-block-cover__background has-neutral-800-background-color has-background-dim-40 has-background-dim\"><\/span><img loading=\"lazy\" decoding=\"async\" width=\"2560\" height=\"1707\" src=\"https:\/\/calzaclemente.it\/app\/uploads\/2025\/03\/close-up-gourmet-emmental-cheese-scaled.jpg\" class=\"wp-block-cover__image-background wp-post-image\" alt=\"\" data-object-fit=\"cover\" srcset=\"https:\/\/calzaclemente.it\/app\/uploads\/2025\/03\/close-up-gourmet-emmental-cheese-scaled.jpg 2560w, https:\/\/calzaclemente.it\/app\/uploads\/2025\/03\/close-up-gourmet-emmental-cheese-600x400.jpg 600w, https:\/\/calzaclemente.it\/app\/uploads\/2025\/03\/close-up-gourmet-emmental-cheese-1440x960.jpg 1440w, https:\/\/calzaclemente.it\/app\/uploads\/2025\/03\/close-up-gourmet-emmental-cheese-1024x683.jpg 1024w, https:\/\/calzaclemente.it\/app\/uploads\/2025\/03\/close-up-gourmet-emmental-cheese-1536x1024.jpg 1536w, https:\/\/calzaclemente.it\/app\/uploads\/2025\/03\/close-up-gourmet-emmental-cheese-2048x1365.jpg 2048w, https:\/\/calzaclemente.it\/app\/uploads\/2025\/03\/close-up-gourmet-emmental-cheese-70x47.jpg 70w, https:\/\/calzaclemente.it\/app\/uploads\/2025\/03\/close-up-gourmet-emmental-cheese-1920x1280.jpg 1920w\" sizes=\"auto, (max-width: 2560px) 100vw, 2560px\" \/><div class=\"wp-block-cover__inner-container is-layout-constrained wp-container-core-cover-is-layout-3467996f wp-block-cover-is-layout-constrained\">\n<div class=\"wp-block-group thor-maxwidth-3xl has-link-color wp-elements-df2ed51a40bed9922db979207b19ba26 is-layout-constrained wp-block-group-is-layout-constrained\"><nav aria-label=\"breadcrumbs\" class=\"rank-math-breadcrumb\"><p><span class=\"last\">Home<\/span><\/p><\/nav>\n\n\n<h1 class=\"wp-block-post-title\">Lisozima<\/h1><\/div>\n<\/div><\/div>\n\n<div style=\"height:60px\" aria-hidden=\"true\" class=\"wp-block-spacer thor-hidden-sm\"><\/div>\n\n<div class=\"wp-block-columns are-vertically-aligned-center thor-default is-layout-flex wp-container-core-columns-is-layout-0e0088bb wp-block-columns-is-layout-flex\" style=\"padding-top:30px;padding-bottom:30px\">\n<div class=\"wp-block-column is-vertically-aligned-center is-layout-flow wp-block-column-is-layout-flow\">\n<figure class=\"wp-block-image size-large has-custom-border\"><img loading=\"lazy\" decoding=\"async\" width=\"1440\" height=\"960\" src=\"https:\/\/calzaclemente.it\/app\/uploads\/2025\/03\/close-up-melted-cheese-1440x960.jpg\" alt=\"\" class=\"wp-image-1305\" style=\"border-radius:5px;aspect-ratio:4\/3;object-fit:cover\" srcset=\"https:\/\/calzaclemente.it\/app\/uploads\/2025\/03\/close-up-melted-cheese-1440x960.jpg 1440w, https:\/\/calzaclemente.it\/app\/uploads\/2025\/03\/close-up-melted-cheese-600x400.jpg 600w, https:\/\/calzaclemente.it\/app\/uploads\/2025\/03\/close-up-melted-cheese-1024x683.jpg 1024w, https:\/\/calzaclemente.it\/app\/uploads\/2025\/03\/close-up-melted-cheese-1536x1024.jpg 1536w, https:\/\/calzaclemente.it\/app\/uploads\/2025\/03\/close-up-melted-cheese-2048x1365.jpg 2048w, https:\/\/calzaclemente.it\/app\/uploads\/2025\/03\/close-up-melted-cheese-70x47.jpg 70w, https:\/\/calzaclemente.it\/app\/uploads\/2025\/03\/close-up-melted-cheese-1920x1280.jpg 1920w\" sizes=\"auto, (max-width: 1440px) 100vw, 1440px\" \/><\/figure>\n<\/div>\n\n\n\n<div class=\"wp-block-column is-vertically-aligned-center is-layout-flow wp-block-column-is-layout-flow\">\n<div class=\"wp-block-columns thor-default is-layout-flex wp-container-core-columns-is-layout-aca22cf8 wp-block-columns-is-layout-flex\">\n<div class=\"wp-block-column thor-hidden-sm thor-hidden-md thor-hidden-lg is-layout-flow wp-block-column-is-layout-flow\" style=\"flex-basis:110px\"><\/div>\n\n\n\n<div class=\"wp-block-column is-layout-flow wp-block-column-is-layout-flow\">\n<h2 class=\"wp-block-heading\">Astro Lisozima: Il tuo alleato tecnologico nella sicurezza alimentare<\/h2>\n\n\n\n<p class=\"\">Un enzima naturale presente nelle lacrime e nella saliva che viene utilizzato per controllare la crescita dei batteri sporigeni, in particolare nei formaggi a lunga stagionatura. <\/p>\n\n\n\n<p class=\"\">Questo enzima \u00e8 altamente efficace nel mantenere la stabilit\u00e0 microbiologica di questi formaggi, prevenendo il deterioramento e garantendo la loro qualit\u00e0 durante i lunghi periodi di stagionatura. Integrando questo enzima nel vostro processo produttivo potrete salvaguardare l&#8217;integrit\u00e0 e il profilo aromatico dei vostri formaggi a lunga stagionatura, offrendo prodotti sicuri ed eccezionali nel gusto. <\/p>\n\n\n\n<p class=\"\">Questo approccio innovativo vi consente di mantenere i pi\u00f9 alti standard di qualit\u00e0, prolungando la durata di conservazione delle vostre creazioni.<\/p>\n<\/div>\n\n\n\n<div class=\"wp-block-column thor-hidden-sm thor-hidden-md thor-hidden-lg is-layout-flow wp-block-column-is-layout-flow\" style=\"flex-basis:110px\"><\/div>\n<\/div>\n<\/div>\n<\/div>\n\n<div style=\"height:60px\" aria-hidden=\"true\" class=\"wp-block-spacer thor-hidden-sm\"><\/div>\n\n<div class=\"wp-block-group alignfull thor-maxwidth-default has-neutral-300-background-color has-background is-layout-constrained wp-block-group-is-layout-constrained\" style=\"padding-top:30px;padding-bottom:30px\">\n<div style=\"height:60px\" aria-hidden=\"true\" class=\"wp-block-spacer thor-hidden-sm\"><\/div>\n\n\n\n<h3 class=\"wp-block-heading\">Il nostro Portfolio<\/h3>\n\n\n<div id=\"thor-block_4eb64b2740851e9af284c5b427fb6fda\" class=\"thor-cards-slider layout-list align wp-block-acf-cards-slider\">\n\n  \n                  <div class=\"cards-list\">\n                                          <div class=\"w-full card-item\">\n                                        <figure>\n                                                    <img decoding=\"async\"\n                    src=\"https:\/\/calzaclemente.it\/app\/uploads\/2025\/03\/preparation-baby-formula-artificial-feeding-1-1440x960.jpg\"\n                    alt=\"\"\n                    srcset=\"https:\/\/calzaclemente.it\/app\/uploads\/2025\/03\/preparation-baby-formula-artificial-feeding-1-600x400.jpg 300w, https:\/\/calzaclemente.it\/app\/uploads\/2025\/03\/preparation-baby-formula-artificial-feeding-1-1440x960.jpg 1024w\"\n                    sizes=\"(max-width: 600px) 300px, 1024px\"\n                  \/>\n                              <\/figure>\n              \n                              <div class=\"entry-text\">\n                  <h3>ASTRO Lisozima granulare<\/h3>\n<p>Preparazione granulare<\/p>\n\n                <\/div>\n              \n                          <\/div><!--swiper-slide-->\n                                    <div class=\"w-full card-item\">\n                                        <figure>\n                                                    <img decoding=\"async\"\n                    src=\"https:\/\/calzaclemente.it\/app\/uploads\/2025\/03\/laboratory-samples-arrangement-1440x2158.jpg\"\n                    alt=\"\"\n                    srcset=\"https:\/\/calzaclemente.it\/app\/uploads\/2025\/03\/laboratory-samples-arrangement-600x899.jpg 300w, https:\/\/calzaclemente.it\/app\/uploads\/2025\/03\/laboratory-samples-arrangement-1440x2158.jpg 1024w\"\n                    sizes=\"(max-width: 600px) 300px, 1024px\"\n                  \/>\n                              <\/figure>\n              \n                              <div class=\"entry-text\">\n                  <h3>ASTRO Lisozima liquido<\/h3>\n<p>Preparazione liquida<\/p>\n\n                <\/div>\n              \n                          <\/div><!--swiper-slide-->\n          \n              <\/div>\n          <\/div>\n\n\n\n<div style=\"height:60px\" aria-hidden=\"true\" class=\"wp-block-spacer thor-hidden-sm\"><\/div>\n<\/div>\n","protected":false},"excerpt":{"rendered":"<p>Un enzima naturale presente nelle lacrime e nella saliva che viene utilizzato per controllare la crescita dei batteri sporigeni, in particolare nei formaggi a lunga stagionatura.<\/p>\n","protected":false},"author":1,"featured_media":2894,"parent":1035,"menu_order":0,"template":"","class_list":["post-1038","product","type-product","status-publish","has-post-thumbnail","hentry"],"acf":[],"_links":{"self":[{"href":"https:\/\/calzaclemente.it\/it\/wp-json\/wp\/v2\/product\/1038","targetHints":{"allow":["GET"]}}],"collection":[{"href":"https:\/\/calzaclemente.it\/it\/wp-json\/wp\/v2\/product"}],"about":[{"href":"https:\/\/calzaclemente.it\/it\/wp-json\/wp\/v2\/types\/product"}],"author":[{"embeddable":true,"href":"https:\/\/calzaclemente.it\/it\/wp-json\/wp\/v2\/users\/1"}],"up":[{"embeddable":true,"href":"https:\/\/calzaclemente.it\/it\/wp-json\/wp\/v2\/product\/1035"}],"wp:featuredmedia":[{"embeddable":true,"href":"https:\/\/calzaclemente.it\/it\/wp-json\/wp\/v2\/media\/2894"}],"wp:attachment":[{"href":"https:\/\/calzaclemente.it\/it\/wp-json\/wp\/v2\/media?parent=1038"}],"curies":[{"name":"wp","href":"https:\/\/api.w.org\/{rel}","templated":true}]}}