{"id":1036,"date":"2025-03-10T16:18:15","date_gmt":"2025-03-10T15:18:15","guid":{"rendered":"https:\/\/calzaclemente.it\/products\/conservanti\/natamicina\/"},"modified":"2025-06-26T11:50:38","modified_gmt":"2025-06-26T09:50:38","slug":"natamicina","status":"publish","type":"product","link":"https:\/\/calzaclemente.it\/it\/prodotti\/conservanti\/natamicina\/","title":{"rendered":"Natamicina"},"content":{"rendered":"\n<div class=\"wp-block-cover alignfull is-light has-custom-content-position is-position-top-center has-white-color has-text-color has-link-color wp-elements-2bbb0831a6815cd19ce8866d0321d1fa\" style=\"padding-right:15px;padding-left:15px\" id=\"hero\"><span aria-hidden=\"true\" class=\"wp-block-cover__background has-neutral-800-background-color has-background-dim-40 has-background-dim\"><\/span><img loading=\"lazy\" decoding=\"async\" width=\"1920\" height=\"540\" src=\"https:\/\/calzaclemente.it\/app\/uploads\/2026\/02\/BB_Header_RealDairy_1920x540.jpg\" class=\"wp-block-cover__image-background wp-post-image\" alt=\"\" data-object-fit=\"cover\" srcset=\"https:\/\/calzaclemente.it\/app\/uploads\/2026\/02\/BB_Header_RealDairy_1920x540.jpg 1920w, https:\/\/calzaclemente.it\/app\/uploads\/2026\/02\/BB_Header_RealDairy_1920x540-600x169.jpg 600w, https:\/\/calzaclemente.it\/app\/uploads\/2026\/02\/BB_Header_RealDairy_1920x540-1440x405.jpg 1440w, https:\/\/calzaclemente.it\/app\/uploads\/2026\/02\/BB_Header_RealDairy_1920x540-1024x288.jpg 1024w, https:\/\/calzaclemente.it\/app\/uploads\/2026\/02\/BB_Header_RealDairy_1920x540-1536x432.jpg 1536w, https:\/\/calzaclemente.it\/app\/uploads\/2026\/02\/BB_Header_RealDairy_1920x540-70x20.jpg 70w\" sizes=\"auto, (max-width: 1920px) 100vw, 1920px\" \/><div class=\"wp-block-cover__inner-container is-layout-constrained wp-container-core-cover-is-layout-3467996f wp-block-cover-is-layout-constrained\">\n<div class=\"wp-block-group thor-maxwidth-3xl has-link-color wp-elements-df2ed51a40bed9922db979207b19ba26 is-layout-constrained wp-block-group-is-layout-constrained\"><nav aria-label=\"breadcrumbs\" class=\"rank-math-breadcrumb\"><p><span class=\"last\">Home<\/span><\/p><\/nav>\n\n\n<h1 class=\"wp-block-post-title\">Natamicina<\/h1><\/div>\n<\/div><\/div>\n\n<div style=\"height:60px\" aria-hidden=\"true\" class=\"wp-block-spacer thor-hidden-sm\"><\/div>\n\n<div class=\"wp-block-columns are-vertically-aligned-center thor-default is-layout-flex wp-container-core-columns-is-layout-0e0088bb wp-block-columns-is-layout-flex\" style=\"padding-top:30px;padding-bottom:30px\">\n<div class=\"wp-block-column is-vertically-aligned-center is-layout-flow wp-block-column-is-layout-flow\">\n<figure class=\"wp-block-image size-large has-custom-border\"><img loading=\"lazy\" decoding=\"async\" width=\"1440\" height=\"2525\" src=\"https:\/\/calzaclemente.it\/app\/uploads\/2025\/03\/colorful-abstract-texture-detail-1440x2525.jpg\" alt=\"\" class=\"wp-image-1321\" style=\"border-radius:5px;aspect-ratio:4\/3;object-fit:cover\" srcset=\"https:\/\/calzaclemente.it\/app\/uploads\/2025\/03\/colorful-abstract-texture-detail-1440x2525.jpg 1440w, https:\/\/calzaclemente.it\/app\/uploads\/2025\/03\/colorful-abstract-texture-detail-600x1052.jpg 600w, https:\/\/calzaclemente.it\/app\/uploads\/2025\/03\/colorful-abstract-texture-detail-1024x1796.jpg 1024w, https:\/\/calzaclemente.it\/app\/uploads\/2025\/03\/colorful-abstract-texture-detail-876x1536.jpg 876w, https:\/\/calzaclemente.it\/app\/uploads\/2025\/03\/colorful-abstract-texture-detail-1168x2048.jpg 1168w, https:\/\/calzaclemente.it\/app\/uploads\/2025\/03\/colorful-abstract-texture-detail-70x123.jpg 70w, https:\/\/calzaclemente.it\/app\/uploads\/2025\/03\/colorful-abstract-texture-detail-1920x3367.jpg 1920w, https:\/\/calzaclemente.it\/app\/uploads\/2025\/03\/colorful-abstract-texture-detail-scaled.jpg 1460w\" sizes=\"auto, (max-width: 1440px) 100vw, 1440px\" \/><\/figure>\n<\/div>\n\n\n\n<div class=\"wp-block-column is-vertically-aligned-center is-layout-flow wp-block-column-is-layout-flow\">\n<div class=\"wp-block-columns thor-default is-layout-flex wp-container-core-columns-is-layout-aca22cf8 wp-block-columns-is-layout-flex\">\n<div class=\"wp-block-column thor-hidden-sm thor-hidden-md thor-hidden-lg is-layout-flow wp-block-column-is-layout-flow\" style=\"flex-basis:110px\"><\/div>\n\n\n\n<div class=\"wp-block-column is-layout-flow wp-block-column-is-layout-flow\">\n<h2 class=\"wp-block-heading\">Il potere della natura: Un antifungino naturale<\/h2>\n\n\n\n<p class=\"\">Un antifungino naturale che previene efficacemente lo sviluppo di muffe e lieviti sulla superficie dei formaggi e di altri prodotti lattiero-caseari.<\/p>\n\n\n\n<p class=\"\">Questo non solo prolunga la durata di conservazione dei vostri prodotti, ma garantisce anche che le loro propriet\u00e0 organolettiche\u2014come il gusto e l&#8217;aroma rimangano inalterate. Integrando questa soluzione nel vostro processo produttivo potrete mantenere i pi\u00f9 alti standard di qualit\u00e0, offrendo prodotti freschi e deliziosi ai vostri clienti per un periodo pi\u00f9 lungo. <\/p>\n<\/div>\n\n\n\n<div class=\"wp-block-column thor-hidden-sm thor-hidden-md thor-hidden-lg is-layout-flow wp-block-column-is-layout-flow\" style=\"flex-basis:110px\"><\/div>\n<\/div>\n<\/div>\n<\/div>\n\n<div style=\"height:60px\" aria-hidden=\"true\" class=\"wp-block-spacer thor-hidden-sm\"><\/div>\n\n<div class=\"wp-block-group alignfull thor-maxwidth-default has-neutral-300-background-color has-background is-layout-constrained wp-block-group-is-layout-constrained\" style=\"padding-top:30px;padding-bottom:30px\">\n<div style=\"height:60px\" aria-hidden=\"true\" class=\"wp-block-spacer thor-hidden-sm\"><\/div>\n\n\n\n<h3 class=\"wp-block-heading\">Il nostro Portfolio<\/h3>\n\n\n<div id=\"thor-block_809ab027ea71f54a1b64e478113c1f8c\" class=\"thor-cards-slider layout-list align wp-block-acf-cards-slider\">\n\n  \n                  <div class=\"cards-list\">\n                                          <div class=\"w-full card-item\">\n                                        <figure>\n                                                    <img decoding=\"async\"\n                    src=\"https:\/\/calzaclemente.it\/app\/uploads\/2025\/03\/preparation-baby-formula-artificial-feeding-1-1440x960.jpg\"\n                    alt=\"\"\n                    srcset=\"https:\/\/calzaclemente.it\/app\/uploads\/2025\/03\/preparation-baby-formula-artificial-feeding-1-600x400.jpg 300w, https:\/\/calzaclemente.it\/app\/uploads\/2025\/03\/preparation-baby-formula-artificial-feeding-1-1440x960.jpg 1024w\"\n                    sizes=\"(max-width: 600px) 300px, 1024px\"\n                  \/>\n                              <\/figure>\n              \n                              <div class=\"entry-text\">\n                  <h3>Astro Pimaricina polvere<\/h3>\n<p>Formula in polvere con una vasta gamma di ingredienti attivi<\/p>\n\n                <\/div>\n              \n                          <\/div><!--swiper-slide-->\n                                    <div class=\"w-full card-item\">\n                                        <figure>\n                                                    <img decoding=\"async\"\n                    src=\"https:\/\/calzaclemente.it\/app\/uploads\/2025\/03\/laboratory-samples-arrangement-1440x2158.jpg\"\n                    alt=\"\"\n                    srcset=\"https:\/\/calzaclemente.it\/app\/uploads\/2025\/03\/laboratory-samples-arrangement-600x899.jpg 300w, https:\/\/calzaclemente.it\/app\/uploads\/2025\/03\/laboratory-samples-arrangement-1440x2158.jpg 1024w\"\n                    sizes=\"(max-width: 600px) 300px, 1024px\"\n                  \/>\n                              <\/figure>\n              \n                              <div class=\"entry-text\">\n                  <h3>Astro Pimaricina liquida<\/h3>\n<p>Formula liquida con una vasta gamma di ingredienti attivi<\/p>\n\n                <\/div>\n              \n                          <\/div><!--swiper-slide-->\n          \n              <\/div>\n          <\/div>\n\n\n\n<div style=\"height:60px\" aria-hidden=\"true\" class=\"wp-block-spacer thor-hidden-sm\"><\/div>\n<\/div>\n\n<div style=\"height:60px\" aria-hidden=\"true\" class=\"wp-block-spacer thor-hidden-sm\"><\/div>\n\n<div class=\"wp-block-columns are-vertically-aligned-center thor-default is-layout-flex wp-container-core-columns-is-layout-0e0088bb wp-block-columns-is-layout-flex\" style=\"padding-top:30px;padding-bottom:30px\">\n<div class=\"wp-block-column is-vertically-aligned-center is-layout-flow wp-block-column-is-layout-flow\">\n<figure class=\"wp-block-image size-large has-custom-border\"><img loading=\"lazy\" decoding=\"async\" width=\"1440\" height=\"2160\" src=\"https:\/\/calzaclemente.it\/app\/uploads\/2025\/03\/close-up-view-science-concept-1440x2160.jpg\" alt=\"\" class=\"wp-image-1319\" style=\"border-radius:5px;aspect-ratio:1;object-fit:cover\" srcset=\"https:\/\/calzaclemente.it\/app\/uploads\/2025\/03\/close-up-view-science-concept-1440x2160.jpg 1440w, https:\/\/calzaclemente.it\/app\/uploads\/2025\/03\/close-up-view-science-concept-600x900.jpg 600w, https:\/\/calzaclemente.it\/app\/uploads\/2025\/03\/close-up-view-science-concept-1024x1536.jpg 1024w, https:\/\/calzaclemente.it\/app\/uploads\/2025\/03\/close-up-view-science-concept-1365x2048.jpg 1365w, https:\/\/calzaclemente.it\/app\/uploads\/2025\/03\/close-up-view-science-concept-70x105.jpg 70w, https:\/\/calzaclemente.it\/app\/uploads\/2025\/03\/close-up-view-science-concept-1920x2880.jpg 1920w, https:\/\/calzaclemente.it\/app\/uploads\/2025\/03\/close-up-view-science-concept-scaled.jpg 1707w\" sizes=\"auto, (max-width: 1440px) 100vw, 1440px\" \/><\/figure>\n<\/div>\n\n\n\n<div class=\"wp-block-column is-vertically-aligned-center is-layout-flow wp-block-column-is-layout-flow\">\n<div class=\"wp-block-columns thor-default is-layout-flex wp-container-core-columns-is-layout-aca22cf8 wp-block-columns-is-layout-flex\">\n<div class=\"wp-block-column thor-hidden-sm thor-hidden-md thor-hidden-lg is-layout-flow wp-block-column-is-layout-flow\" style=\"flex-basis:110px\"><\/div>\n\n\n\n<div class=\"wp-block-column is-layout-flow wp-block-column-is-layout-flow\">\n<h2 class=\"wp-block-heading\">Astro Pimaricina<\/h2>\n\n\n\n<p class=\"\">L&#8217;Astro Pimaricin offre ulteriori vantaggi:<\/p>\n\n\n\n<ul class=\"wp-block-list is-style-checked-list\">\n<li class=\"\">\u00c8 un antifungino eccezionalmente attivo a basse concentrazioni<\/li>\n\n\n\n<li class=\"\">Di conseguenza, inibisce la formazione di prodotti tossici da parte delle muffe.<\/li>\n\n\n\n<li class=\"\">Aiuta a ridurre i costi eliminando le spese di pulizia, prevenendo gli sprechi dovuti al deterioramento dei prodotti e evitando le lamentele dei clienti. Questo si traduce in risparmi significativi senza aumentare i costi complessivi. <\/li>\n<\/ul>\n<\/div>\n\n\n\n<div class=\"wp-block-column thor-hidden-sm thor-hidden-md thor-hidden-lg is-layout-flow wp-block-column-is-layout-flow\" style=\"flex-basis:110px\"><\/div>\n<\/div>\n<\/div>\n<\/div>\n\n<div style=\"height:60px\" aria-hidden=\"true\" class=\"wp-block-spacer thor-hidden-sm\"><\/div>\n","protected":false},"excerpt":{"rendered":"<p>Un antifungino naturale che previene efficacemente lo sviluppo di muffe e lieviti sulla superficie dei formaggi e di altri prodotti lattiero-caseari.<\/p>\n","protected":false},"author":1,"featured_media":2875,"parent":1035,"menu_order":0,"template":"","class_list":["post-1036","product","type-product","status-publish","has-post-thumbnail","hentry"],"acf":[],"_links":{"self":[{"href":"https:\/\/calzaclemente.it\/it\/wp-json\/wp\/v2\/product\/1036","targetHints":{"allow":["GET"]}}],"collection":[{"href":"https:\/\/calzaclemente.it\/it\/wp-json\/wp\/v2\/product"}],"about":[{"href":"https:\/\/calzaclemente.it\/it\/wp-json\/wp\/v2\/types\/product"}],"author":[{"embeddable":true,"href":"https:\/\/calzaclemente.it\/it\/wp-json\/wp\/v2\/users\/1"}],"up":[{"embeddable":true,"href":"https:\/\/calzaclemente.it\/it\/wp-json\/wp\/v2\/product\/1035"}],"wp:featuredmedia":[{"embeddable":true,"href":"https:\/\/calzaclemente.it\/it\/wp-json\/wp\/v2\/media\/2875"}],"wp:attachment":[{"href":"https:\/\/calzaclemente.it\/it\/wp-json\/wp\/v2\/media?parent=1036"}],"curies":[{"name":"wp","href":"https:\/\/api.w.org\/{rel}","templated":true}]}}