{"id":1034,"date":"2025-03-10T16:10:16","date_gmt":"2025-03-10T15:10:16","guid":{"rendered":"https:\/\/calzaclemente.it\/products\/enzimi\/transglutaminase\/"},"modified":"2025-06-26T11:24:34","modified_gmt":"2025-06-26T09:24:34","slug":"transglutaminase","status":"publish","type":"product","link":"https:\/\/calzaclemente.it\/it\/prodotti\/enzimi\/transglutaminase\/","title":{"rendered":"Transglutaminasi"},"content":{"rendered":"\n<div class=\"wp-block-cover alignfull is-light has-custom-content-position is-position-top-center has-white-color has-text-color has-link-color wp-elements-2bbb0831a6815cd19ce8866d0321d1fa\" style=\"padding-right:15px;padding-left:15px\" id=\"hero\"><span aria-hidden=\"true\" class=\"wp-block-cover__background has-neutral-800-background-color has-background-dim-40 has-background-dim\"><\/span><img loading=\"lazy\" decoding=\"async\" width=\"2560\" height=\"1707\" src=\"https:\/\/calzaclemente.it\/app\/uploads\/2025\/02\/pouring-organic-milk-spoon-scaled.jpg\" class=\"wp-block-cover__image-background wp-post-image\" alt=\"\" data-object-fit=\"cover\" srcset=\"https:\/\/calzaclemente.it\/app\/uploads\/2025\/02\/pouring-organic-milk-spoon-scaled.jpg 2560w, https:\/\/calzaclemente.it\/app\/uploads\/2025\/02\/pouring-organic-milk-spoon-600x400.jpg 600w, https:\/\/calzaclemente.it\/app\/uploads\/2025\/02\/pouring-organic-milk-spoon-1440x960.jpg 1440w, https:\/\/calzaclemente.it\/app\/uploads\/2025\/02\/pouring-organic-milk-spoon-1024x683.jpg 1024w, https:\/\/calzaclemente.it\/app\/uploads\/2025\/02\/pouring-organic-milk-spoon-1536x1024.jpg 1536w, https:\/\/calzaclemente.it\/app\/uploads\/2025\/02\/pouring-organic-milk-spoon-2048x1365.jpg 2048w, https:\/\/calzaclemente.it\/app\/uploads\/2025\/02\/pouring-organic-milk-spoon-70x47.jpg 70w, https:\/\/calzaclemente.it\/app\/uploads\/2025\/02\/pouring-organic-milk-spoon-1920x1280.jpg 1920w\" sizes=\"auto, (max-width: 2560px) 100vw, 2560px\" \/><div class=\"wp-block-cover__inner-container is-layout-constrained wp-container-core-cover-is-layout-3467996f wp-block-cover-is-layout-constrained\">\n<div class=\"wp-block-group thor-maxwidth-3xl has-link-color wp-elements-df2ed51a40bed9922db979207b19ba26 is-layout-constrained wp-block-group-is-layout-constrained\"><nav aria-label=\"breadcrumbs\" class=\"rank-math-breadcrumb\"><p><span class=\"last\">Home<\/span><\/p><\/nav>\n\n\n<h1 class=\"wp-block-post-title\">Transglutaminasi<\/h1><\/div>\n<\/div><\/div>\n\n<div style=\"height:60px\" aria-hidden=\"true\" class=\"wp-block-spacer thor-hidden-sm\"><\/div>\n\n<div class=\"wp-block-columns are-vertically-aligned-center thor-default is-layout-flex wp-container-core-columns-is-layout-0e0088bb wp-block-columns-is-layout-flex\" style=\"padding-top:30px;padding-bottom:30px\">\n<div class=\"wp-block-column is-vertically-aligned-center is-layout-flow wp-block-column-is-layout-flow\">\n<figure class=\"wp-block-image size-large has-custom-border\"><img loading=\"lazy\" decoding=\"async\" width=\"1440\" height=\"1005\" src=\"https:\/\/calzaclemente.it\/app\/uploads\/2025\/03\/yoghurt-on-spoon-1440x1005.jpg\" alt=\"\" class=\"wp-image-1287\" style=\"border-radius:5px;aspect-ratio:4\/3;object-fit:cover\" srcset=\"https:\/\/calzaclemente.it\/app\/uploads\/2025\/03\/yoghurt-on-spoon-1440x1005.jpg 1440w, https:\/\/calzaclemente.it\/app\/uploads\/2025\/03\/yoghurt-on-spoon-600x419.jpg 600w, https:\/\/calzaclemente.it\/app\/uploads\/2025\/03\/yoghurt-on-spoon-1024x715.jpg 1024w, https:\/\/calzaclemente.it\/app\/uploads\/2025\/03\/yoghurt-on-spoon-1536x1072.jpg 1536w, https:\/\/calzaclemente.it\/app\/uploads\/2025\/03\/yoghurt-on-spoon-70x49.jpg 70w, https:\/\/calzaclemente.it\/app\/uploads\/2025\/03\/yoghurt-on-spoon-1920x1340.jpg 1920w, https:\/\/calzaclemente.it\/app\/uploads\/2025\/03\/yoghurt-on-spoon.jpg 2048w\" sizes=\"auto, (max-width: 1440px) 100vw, 1440px\" \/><\/figure>\n<\/div>\n\n\n\n<div class=\"wp-block-column is-vertically-aligned-center is-layout-flow wp-block-column-is-layout-flow\">\n<div class=\"wp-block-columns thor-default is-layout-flex wp-container-core-columns-is-layout-aca22cf8 wp-block-columns-is-layout-flex\">\n<div class=\"wp-block-column thor-hidden-sm thor-hidden-md thor-hidden-lg is-layout-flow wp-block-column-is-layout-flow\" style=\"flex-basis:110px\"><\/div>\n\n\n\n<div class=\"wp-block-column is-layout-flow wp-block-column-is-layout-flow\">\n<h2 class=\"wp-block-heading\">Sistema di texturizzazione intelligente<\/h2>\n\n\n\n<p class=\"\">L&#8217;uso della TGasi nella lavorazione lattiero-casearia non solo migliora la resa, ma anche la texture e l&#8217;integrit\u00e0 strutturale di formaggi e yogurt. <\/p>\n\n\n\n<p class=\"\">Legando le proteine, la TGasi aiuta a trattenere pi\u00f9 umidit\u00e0 all&#8217;interno della matrice proteica, particolarmente vantaggiosa per le variet\u00e0 a basso contenuto di grassi. Questo trattamento enzimatico pu\u00f2 portare a un prodotto pi\u00f9 cremoso e coeso che soddisfa le aspettative dei consumatori in termini di gusto e palatabilit\u00e0.  <\/p>\n\n\n\n<p class=\"\">Inoltre, la maggiore ritenzione di umidit\u00e0 pu\u00f2 renderlo un&#8217;opzione pi\u00f9 attraente sia per i produttori che per i consumatori.<\/p>\n<\/div>\n\n\n\n<div class=\"wp-block-column thor-hidden-sm thor-hidden-md thor-hidden-lg is-layout-flow wp-block-column-is-layout-flow\" style=\"flex-basis:110px\"><\/div>\n<\/div>\n<\/div>\n<\/div>\n\n<div style=\"height:60px\" aria-hidden=\"true\" class=\"wp-block-spacer thor-hidden-sm\"><\/div>\n\n<div class=\"wp-block-group alignfull thor-maxwidth-default has-neutral-300-background-color has-background is-layout-constrained wp-block-group-is-layout-constrained\" style=\"padding-top:30px;padding-bottom:30px\">\n<div style=\"height:60px\" aria-hidden=\"true\" class=\"wp-block-spacer thor-hidden-sm\"><\/div>\n\n\n\n<h3 class=\"wp-block-heading\">Il nostro Portfolio<\/h3>\n\n\n<div id=\"thor-block_e8ab5d51db4f8aeb4c1cfa4765743028\" class=\"thor-cards-slider layout-list align wp-block-acf-cards-slider\">\n\n  \n                  <div class=\"cards-list\">\n                                          <div class=\"w-full card-item\">\n                                        <figure>\n                                                    <img decoding=\"async\"\n                    src=\"https:\/\/calzaclemente.it\/app\/uploads\/2025\/03\/yogurt-production-line-1440x807.jpg\"\n                    alt=\"\"\n                    srcset=\"https:\/\/calzaclemente.it\/app\/uploads\/2025\/03\/yogurt-production-line-600x336.jpg 300w, https:\/\/calzaclemente.it\/app\/uploads\/2025\/03\/yogurt-production-line-1440x807.jpg 1024w\"\n                    sizes=\"(max-width: 600px) 300px, 1024px\"\n                  \/>\n                              <\/figure>\n              \n                              <div class=\"entry-text\">\n                  <h3>Yogurt<\/h3>\n<p>Significativo aumento della viscosit\u00e0 e riduzione della sineresi<\/p>\n\n                <\/div>\n              \n                          <\/div><!--swiper-slide-->\n                                    <div class=\"w-full card-item\">\n                                        <figure>\n                                                    <img decoding=\"async\"\n                    src=\"https:\/\/calzaclemente.it\/app\/uploads\/2025\/03\/homemade-cheese-producer-produces-handmade-mozzarella-with-fresh-quality-milk-from-her-cows-sheep-morning-concept-tradition-italy-mozzarella-1-1-1440x960.jpg\"\n                    alt=\"\"\n                    srcset=\"https:\/\/calzaclemente.it\/app\/uploads\/2025\/03\/homemade-cheese-producer-produces-handmade-mozzarella-with-fresh-quality-milk-from-her-cows-sheep-morning-concept-tradition-italy-mozzarella-1-1-600x400.jpg 300w, https:\/\/calzaclemente.it\/app\/uploads\/2025\/03\/homemade-cheese-producer-produces-handmade-mozzarella-with-fresh-quality-milk-from-her-cows-sheep-morning-concept-tradition-italy-mozzarella-1-1-1440x960.jpg 1024w\"\n                    sizes=\"(max-width: 600px) 300px, 1024px\"\n                  \/>\n                              <\/figure>\n              \n                              <div class=\"entry-text\">\n                  <h3>Formaggio<\/h3>\n<p>Aumento della resa<\/p>\n\n                <\/div>\n              \n                          <\/div><!--swiper-slide-->\n          \n              <\/div>\n          <\/div>\n\n\n\n<div style=\"height:60px\" aria-hidden=\"true\" class=\"wp-block-spacer thor-hidden-sm\"><\/div>\n<\/div>\n\n<div class=\"wp-block-cover alignfull\" style=\"padding-right:30px;padding-left:30px\"><span aria-hidden=\"true\" class=\"wp-block-cover__background has-background-dim-100 has-background-dim wp-block-cover__gradient-background has-background-gradient\" style=\"background:linear-gradient(135deg,rgba(0,0,0,0.5) 0%,rgba(0,0,0,0.5) 100%)\"><\/span><img loading=\"lazy\" decoding=\"async\" width=\"2560\" height=\"1706\" class=\"wp-block-cover__image-background wp-image-177\" alt=\"\" src=\"https:\/\/calzaclemente.it\/app\/uploads\/2025\/01\/homemade-cheese-producer-produces-handmade-mozzarella-with-fresh-quality-milk-from-her-cows-sheep-morning-concept-tradition-italy-mozzarella-1-scaled.jpeg\" data-object-fit=\"cover\" srcset=\"https:\/\/calzaclemente.it\/app\/uploads\/2025\/01\/homemade-cheese-producer-produces-handmade-mozzarella-with-fresh-quality-milk-from-her-cows-sheep-morning-concept-tradition-italy-mozzarella-1-scaled.jpeg 2560w, https:\/\/calzaclemente.it\/app\/uploads\/2025\/01\/homemade-cheese-producer-produces-handmade-mozzarella-with-fresh-quality-milk-from-her-cows-sheep-morning-concept-tradition-italy-mozzarella-1-600x400.jpeg 600w, https:\/\/calzaclemente.it\/app\/uploads\/2025\/01\/homemade-cheese-producer-produces-handmade-mozzarella-with-fresh-quality-milk-from-her-cows-sheep-morning-concept-tradition-italy-mozzarella-1-1440x960.jpeg 1440w, https:\/\/calzaclemente.it\/app\/uploads\/2025\/01\/homemade-cheese-producer-produces-handmade-mozzarella-with-fresh-quality-milk-from-her-cows-sheep-morning-concept-tradition-italy-mozzarella-1-1024x682.jpeg 1024w, https:\/\/calzaclemente.it\/app\/uploads\/2025\/01\/homemade-cheese-producer-produces-handmade-mozzarella-with-fresh-quality-milk-from-her-cows-sheep-morning-concept-tradition-italy-mozzarella-1-1536x1024.jpeg 1536w, https:\/\/calzaclemente.it\/app\/uploads\/2025\/01\/homemade-cheese-producer-produces-handmade-mozzarella-with-fresh-quality-milk-from-her-cows-sheep-morning-concept-tradition-italy-mozzarella-1-2048x1365.jpeg 2048w, https:\/\/calzaclemente.it\/app\/uploads\/2025\/01\/homemade-cheese-producer-produces-handmade-mozzarella-with-fresh-quality-milk-from-her-cows-sheep-morning-concept-tradition-italy-mozzarella-1-70x47.jpeg 70w, https:\/\/calzaclemente.it\/app\/uploads\/2025\/01\/homemade-cheese-producer-produces-handmade-mozzarella-with-fresh-quality-milk-from-her-cows-sheep-morning-concept-tradition-italy-mozzarella-1-1920x1280.jpeg 1920w\" sizes=\"auto, (max-width: 2560px) 100vw, 2560px\" \/><div class=\"wp-block-cover__inner-container is-layout-constrained wp-container-core-cover-is-layout-7c3f3d2e wp-block-cover-is-layout-constrained\">\n<div class=\"wp-block-group thor-maxwidth-3xl is-layout-constrained wp-block-group-is-layout-constrained\">\n<div style=\"height:60px\" aria-hidden=\"true\" class=\"wp-block-spacer thor-hidden-sm thor-hidden-md\"><\/div>\n\n\n\n<div class=\"wp-block-columns thor-default is-layout-flex wp-container-core-columns-is-layout-33ba964e wp-block-columns-is-layout-flex\">\n<div class=\"wp-block-column is-layout-flow wp-block-column-is-layout-flow\" style=\"flex-basis:50%\">\n<div style=\"height:60px\" aria-hidden=\"true\" class=\"wp-block-spacer thor-hidden-sm thor-hidden-md\"><\/div>\n\n\n\n<p class=\"has-4-xl-font-size\">Sviluppare un prodotto con una migliore texture<\/p>\n\n\n\n<p class=\"\">Se sei un produttore che fatica a sviluppare un prodotto con una buona texture, Calza Clemente \u00e8 lieta di proporti l&#8217;opportunit\u00e0 di migliorare la tua gamma con una soluzione conveniente e sostenibile.<\/p>\n\n\n\n<p class=\"\">DairyPro 1600 \u00e8 la nuova formulazione liquida concentrata di Transglutaminasi che ha effetti significativi sulla <strong>riduzione della sineresi <\/strong>e sull&#8217;<strong>aumento della viscosit\u00e0, pu\u00f2 essere utilizzati<\/strong>per una vasta gamma di prodotti lattiero-caseari. <\/p>\n<\/div>\n\n\n\n<div class=\"wp-block-column is-layout-flow wp-block-column-is-layout-flow\" style=\"flex-basis:50%\"><\/div>\n<\/div>\n\n\n\n<div style=\"height:60px\" aria-hidden=\"true\" class=\"wp-block-spacer thor-hidden-sm thor-hidden-md\"><\/div>\n<\/div>\n<\/div><\/div>\n\n<div style=\"height:30px\" aria-hidden=\"true\" class=\"wp-block-spacer\"><\/div>\n\n<div style=\"height:60px\" aria-hidden=\"true\" class=\"wp-block-spacer thor-hidden-sm\"><\/div>\n\n<div class=\"wp-block-columns are-vertically-aligned-center thor-default is-layout-flex wp-container-core-columns-is-layout-0e0088bb wp-block-columns-is-layout-flex\" style=\"padding-top:30px;padding-bottom:30px\">\n<div class=\"wp-block-column is-vertically-aligned-center is-layout-flow wp-block-column-is-layout-flow\">\n<figure class=\"wp-block-image size-large has-custom-border\"><img loading=\"lazy\" decoding=\"async\" width=\"1440\" height=\"2160\" src=\"https:\/\/calzaclemente.it\/app\/uploads\/2025\/02\/quality-control-test-milk-laboratory-dairy-factory-industry-products-1440x2160.jpeg\" alt=\"\" class=\"wp-image-267\" style=\"border-radius:5px;aspect-ratio:1;object-fit:cover\" srcset=\"https:\/\/calzaclemente.it\/app\/uploads\/2025\/02\/quality-control-test-milk-laboratory-dairy-factory-industry-products-1440x2160.jpeg 1440w, https:\/\/calzaclemente.it\/app\/uploads\/2025\/02\/quality-control-test-milk-laboratory-dairy-factory-industry-products-600x900.jpeg 600w, https:\/\/calzaclemente.it\/app\/uploads\/2025\/02\/quality-control-test-milk-laboratory-dairy-factory-industry-products-1024x1536.jpeg 1024w, https:\/\/calzaclemente.it\/app\/uploads\/2025\/02\/quality-control-test-milk-laboratory-dairy-factory-industry-products-1366x2048.jpeg 1366w, https:\/\/calzaclemente.it\/app\/uploads\/2025\/02\/quality-control-test-milk-laboratory-dairy-factory-industry-products-70x105.jpeg 70w, https:\/\/calzaclemente.it\/app\/uploads\/2025\/02\/quality-control-test-milk-laboratory-dairy-factory-industry-products-1920x2880.jpeg 1920w, https:\/\/calzaclemente.it\/app\/uploads\/2025\/02\/quality-control-test-milk-laboratory-dairy-factory-industry-products-scaled.jpeg 1707w\" sizes=\"auto, (max-width: 1440px) 100vw, 1440px\" \/><\/figure>\n<\/div>\n\n\n\n<div class=\"wp-block-column is-vertically-aligned-center is-layout-flow wp-block-column-is-layout-flow\">\n<div class=\"wp-block-columns thor-default is-layout-flex wp-container-core-columns-is-layout-aca22cf8 wp-block-columns-is-layout-flex\">\n<div class=\"wp-block-column thor-hidden-sm thor-hidden-md thor-hidden-lg is-layout-flow wp-block-column-is-layout-flow\" style=\"flex-basis:110px\"><\/div>\n\n\n\n<div class=\"wp-block-column is-layout-flow wp-block-column-is-layout-flow\">\n<h2 class=\"wp-block-heading\">La tua nuova soluzione per una texture impeccabile<\/h2>\n\n\n\n<ul class=\"wp-block-list is-style-checked-list\">\n<li class=\"\">Facile da usare<\/li>\n\n\n\n<li class=\"\">Label-friendly<\/li>\n\n\n\n<li class=\"\">Qualit\u00e0 e sicurezza superiori<\/li>\n\n\n\n<li class=\"\">Strumento conveniente per migliorare la texture<\/li>\n<\/ul>\n<\/div>\n\n\n\n<div class=\"wp-block-column thor-hidden-sm thor-hidden-md thor-hidden-lg is-layout-flow wp-block-column-is-layout-flow\" style=\"flex-basis:110px\"><\/div>\n<\/div>\n<\/div>\n<\/div>\n\n<div style=\"height:30px\" aria-hidden=\"true\" class=\"wp-block-spacer\"><\/div>\n\n<div style=\"height:60px\" aria-hidden=\"true\" class=\"wp-block-spacer thor-hidden-sm\"><\/div>\n","protected":false},"excerpt":{"rendered":"<p>Sistema di texturizzazione intelligente<\/p>\n","protected":false},"author":1,"featured_media":1198,"parent":1029,"menu_order":0,"template":"","class_list":["post-1034","product","type-product","status-publish","has-post-thumbnail","hentry"],"acf":[],"_links":{"self":[{"href":"https:\/\/calzaclemente.it\/it\/wp-json\/wp\/v2\/product\/1034","targetHints":{"allow":["GET"]}}],"collection":[{"href":"https:\/\/calzaclemente.it\/it\/wp-json\/wp\/v2\/product"}],"about":[{"href":"https:\/\/calzaclemente.it\/it\/wp-json\/wp\/v2\/types\/product"}],"author":[{"embeddable":true,"href":"https:\/\/calzaclemente.it\/it\/wp-json\/wp\/v2\/users\/1"}],"up":[{"embeddable":true,"href":"https:\/\/calzaclemente.it\/it\/wp-json\/wp\/v2\/product\/1029"}],"wp:featuredmedia":[{"embeddable":true,"href":"https:\/\/calzaclemente.it\/it\/wp-json\/wp\/v2\/media\/1198"}],"wp:attachment":[{"href":"https:\/\/calzaclemente.it\/it\/wp-json\/wp\/v2\/media?parent=1034"}],"curies":[{"name":"wp","href":"https:\/\/api.w.org\/{rel}","templated":true}]}}