{"id":1027,"date":"2025-02-24T09:49:13","date_gmt":"2025-02-24T08:49:13","guid":{"rendered":"https:\/\/calzaclemente.it\/products\/fermenti-lattici-e-probiotici\/bio-protezione\/"},"modified":"2025-07-16T15:36:32","modified_gmt":"2025-07-16T13:36:32","slug":"bio-protezione","status":"publish","type":"product","link":"https:\/\/calzaclemente.it\/it\/prodotti\/fermenti-lattici-e-probiotici\/bio-protezione\/","title":{"rendered":"Bio protezione"},"content":{"rendered":"\n<div class=\"wp-block-cover alignfull is-light has-custom-content-position is-position-top-center has-white-color has-text-color has-link-color wp-elements-2bbb0831a6815cd19ce8866d0321d1fa\" style=\"padding-right:15px;padding-left:15px\" id=\"hero\"><span aria-hidden=\"true\" class=\"wp-block-cover__background has-neutral-800-background-color has-background-dim-40 has-background-dim\"><\/span><img loading=\"lazy\" decoding=\"async\" width=\"2560\" height=\"1703\" src=\"https:\/\/calzaclemente.it\/app\/uploads\/2025\/02\/woman-checking-label-medium-shot-scaled.jpg\" class=\"wp-block-cover__image-background wp-post-image\" alt=\"\" data-object-fit=\"cover\" srcset=\"https:\/\/calzaclemente.it\/app\/uploads\/2025\/02\/woman-checking-label-medium-shot-scaled.jpg 2560w, https:\/\/calzaclemente.it\/app\/uploads\/2025\/02\/woman-checking-label-medium-shot-600x399.jpg 600w, https:\/\/calzaclemente.it\/app\/uploads\/2025\/02\/woman-checking-label-medium-shot-1440x958.jpg 1440w, https:\/\/calzaclemente.it\/app\/uploads\/2025\/02\/woman-checking-label-medium-shot-1024x681.jpg 1024w, https:\/\/calzaclemente.it\/app\/uploads\/2025\/02\/woman-checking-label-medium-shot-1536x1022.jpg 1536w, https:\/\/calzaclemente.it\/app\/uploads\/2025\/02\/woman-checking-label-medium-shot-2048x1363.jpg 2048w, https:\/\/calzaclemente.it\/app\/uploads\/2025\/02\/woman-checking-label-medium-shot-70x47.jpg 70w, https:\/\/calzaclemente.it\/app\/uploads\/2025\/02\/woman-checking-label-medium-shot-1920x1277.jpg 1920w\" sizes=\"auto, (max-width: 2560px) 100vw, 2560px\" \/><div class=\"wp-block-cover__inner-container is-layout-constrained wp-container-core-cover-is-layout-3467996f wp-block-cover-is-layout-constrained\">\n<div class=\"wp-block-group thor-maxwidth-3xl has-link-color wp-elements-df2ed51a40bed9922db979207b19ba26 is-layout-constrained wp-block-group-is-layout-constrained\"><nav aria-label=\"breadcrumbs\" class=\"rank-math-breadcrumb\"><p><span class=\"last\">Home<\/span><\/p><\/nav>\n\n\n<h1 class=\"wp-block-post-title\">Bio protezione<\/h1><\/div>\n<\/div><\/div>\n\n<div style=\"height:60px\" aria-hidden=\"true\" class=\"wp-block-spacer thor-hidden-sm\"><\/div>\n\n<div class=\"wp-block-columns are-vertically-aligned-center thor-default is-layout-flex wp-container-core-columns-is-layout-0e0088bb wp-block-columns-is-layout-flex\" style=\"padding-top:30px;padding-bottom:30px\">\n<div class=\"wp-block-column is-vertically-aligned-center is-layout-flow wp-block-column-is-layout-flow\">\n<figure class=\"wp-block-image size-large has-custom-border\"><img loading=\"lazy\" decoding=\"async\" width=\"1440\" height=\"960\" src=\"https:\/\/calzaclemente.it\/app\/uploads\/2025\/02\/still-life-world-science-day-chemistry-composition-1440x960.jpg\" alt=\"\" class=\"wp-image-1139\" style=\"border-radius:5px;aspect-ratio:4\/3;object-fit:cover\" srcset=\"https:\/\/calzaclemente.it\/app\/uploads\/2025\/02\/still-life-world-science-day-chemistry-composition-1440x960.jpg 1440w, https:\/\/calzaclemente.it\/app\/uploads\/2025\/02\/still-life-world-science-day-chemistry-composition-600x400.jpg 600w, https:\/\/calzaclemente.it\/app\/uploads\/2025\/02\/still-life-world-science-day-chemistry-composition-1024x683.jpg 1024w, https:\/\/calzaclemente.it\/app\/uploads\/2025\/02\/still-life-world-science-day-chemistry-composition-1536x1024.jpg 1536w, https:\/\/calzaclemente.it\/app\/uploads\/2025\/02\/still-life-world-science-day-chemistry-composition-2048x1365.jpg 2048w, https:\/\/calzaclemente.it\/app\/uploads\/2025\/02\/still-life-world-science-day-chemistry-composition-70x47.jpg 70w, https:\/\/calzaclemente.it\/app\/uploads\/2025\/02\/still-life-world-science-day-chemistry-composition-1920x1280.jpg 1920w\" sizes=\"auto, (max-width: 1440px) 100vw, 1440px\" \/><\/figure>\n<\/div>\n\n\n\n<div class=\"wp-block-column is-vertically-aligned-center is-layout-flow wp-block-column-is-layout-flow\">\n<div class=\"wp-block-columns thor-default is-layout-flex wp-container-core-columns-is-layout-aca22cf8 wp-block-columns-is-layout-flex\">\n<div class=\"wp-block-column thor-hidden-sm thor-hidden-md thor-hidden-lg is-layout-flow wp-block-column-is-layout-flow\" style=\"flex-basis:110px\"><\/div>\n\n\n\n<div class=\"wp-block-column is-layout-flow wp-block-column-is-layout-flow\">\n<h2 class=\"wp-block-heading\">Colture protettive ASTRO: pi\u00f9 di una semplice coltura!<\/h2>\n\n\n\n<p class=\"\">La gamma di colture di bio-protezione CALZA ASTRO offre un modo naturale per controllare la crescita dei contaminanti. Questa gamma include ceppi di batteri selezionati per la loro capacit\u00e0 di inibire la crescita di microrganismi patogeni e ridurre il deterioramento nei prodotti fermentati.  <\/p>\n\n\n\n<p class=\"\">Queste colture sono efficaci sia durante il processo di fermentazione che durante la vita del prodotto. Sei interessato a esplorare i benefici di questo tipo di soluzioni? <\/p>\n<\/div>\n\n\n\n<div class=\"wp-block-column thor-hidden-sm thor-hidden-md thor-hidden-lg is-layout-flow wp-block-column-is-layout-flow\" style=\"flex-basis:110px\"><\/div>\n<\/div>\n<\/div>\n<\/div>\n\n<div style=\"height:60px\" aria-hidden=\"true\" class=\"wp-block-spacer thor-hidden-sm\"><\/div>\n\n<div class=\"wp-block-group alignfull thor-maxwidth-default has-neutral-300-background-color has-background is-layout-constrained wp-block-group-is-layout-constrained\" style=\"padding-top:30px;padding-bottom:30px\">\n<div style=\"height:60px\" aria-hidden=\"true\" class=\"wp-block-spacer thor-hidden-sm\"><\/div>\n\n\n\n<h3 class=\"wp-block-heading\">Il nostro Portfolio<\/h3>\n\n\n<div id=\"thor-block_d4f06b806a848adbd82fb16d0ffba167\" class=\"thor-cards-slider layout-list align wp-block-acf-cards-slider\">\n\n  \n                  <div class=\"cards-list\">\n                                          <div class=\"w-full card-item\">\n                                        <figure>\n                                                    <img decoding=\"async\"\n                    src=\"https:\/\/calzaclemente.it\/app\/uploads\/2025\/02\/Fermented-Dairy-Products-Differences.jpg\"\n                    alt=\"\"\n                    srcset=\"https:\/\/calzaclemente.it\/app\/uploads\/2025\/02\/Fermented-Dairy-Products-Differences-600x400.jpg 300w, https:\/\/calzaclemente.it\/app\/uploads\/2025\/02\/Fermented-Dairy-Products-Differences.jpg 1024w\"\n                    sizes=\"(max-width: 600px) 300px, 1024px\"\n                  \/>\n                              <\/figure>\n              \n                              <div class=\"entry-text\">\n                  <h3>Yogurt<\/h3>\n<p>Contaminazioni da muffe e lieviti<\/p>\n\n                <\/div>\n              \n                          <\/div><!--swiper-slide-->\n                                    <div class=\"w-full card-item\">\n                                        <figure>\n                                                    <img decoding=\"async\"\n                    src=\"https:\/\/calzaclemente.it\/app\/uploads\/2025\/02\/whipped-cream-swirl-1440x2580.jpg\"\n                    alt=\"\"\n                    srcset=\"https:\/\/calzaclemente.it\/app\/uploads\/2025\/02\/whipped-cream-swirl-600x1075.jpg 300w, https:\/\/calzaclemente.it\/app\/uploads\/2025\/02\/whipped-cream-swirl-1440x2580.jpg 1024w\"\n                    sizes=\"(max-width: 600px) 300px, 1024px\"\n                  \/>\n                              <\/figure>\n              \n                              <div class=\"entry-text\">\n                  <h3>Panna acida<\/h3>\n<p>Contaminazioni da muffe e lieviti<\/p>\n\n                <\/div>\n              \n                          <\/div><!--swiper-slide-->\n                                    <div class=\"w-full card-item\">\n                                        <figure>\n                                                    <img decoding=\"async\"\n                    src=\"https:\/\/calzaclemente.it\/app\/uploads\/2025\/02\/medium-shot-woman-reading-label-1440x888.jpg\"\n                    alt=\"\"\n                    srcset=\"https:\/\/calzaclemente.it\/app\/uploads\/2025\/02\/medium-shot-woman-reading-label-600x370.jpg 300w, https:\/\/calzaclemente.it\/app\/uploads\/2025\/02\/medium-shot-woman-reading-label-1440x888.jpg 1024w\"\n                    sizes=\"(max-width: 600px) 300px, 1024px\"\n                  \/>\n                              <\/figure>\n              \n                              <div class=\"entry-text\">\n                  <h3>Formaggi<\/h3>\n<p>Contaminazioni batteriche<\/p>\n\n                <\/div>\n              \n                          <\/div><!--swiper-slide-->\n                                    <div class=\"w-full card-item\">\n                                        <figure>\n                                                    <img decoding=\"async\"\n                    src=\"https:\/\/calzaclemente.it\/app\/uploads\/2025\/01\/2148432576-1440x960.jpg\"\n                    alt=\"\"\n                    srcset=\"https:\/\/calzaclemente.it\/app\/uploads\/2025\/01\/2148432576-600x400.jpg 300w, https:\/\/calzaclemente.it\/app\/uploads\/2025\/01\/2148432576-1440x960.jpg 1024w\"\n                    sizes=\"(max-width: 600px) 300px, 1024px\"\n                  \/>\n                              <\/figure>\n              \n                              <div class=\"entry-text\">\n                  <h3>Formaggi<\/h3>\n<p>Contaminazioni da muffe e lieviti<\/p>\n\n                <\/div>\n              \n                          <\/div><!--swiper-slide-->\n          \n              <\/div>\n          <\/div>\n\n\n\n<div style=\"height:60px\" aria-hidden=\"true\" class=\"wp-block-spacer thor-hidden-sm\"><\/div>\n<\/div>\n\n<div class=\"wp-block-cover alignfull\" style=\"padding-right:30px;padding-left:30px\"><span aria-hidden=\"true\" class=\"wp-block-cover__background has-background-dim-100 has-background-dim wp-block-cover__gradient-background has-background-gradient\" style=\"background:linear-gradient(135deg,rgba(0,0,0,0.5) 0%,rgba(0,0,0,0.5) 100%)\"><\/span><img loading=\"lazy\" decoding=\"async\" width=\"2560\" height=\"1097\" class=\"wp-block-cover__image-background wp-image-1147\" alt=\"\" src=\"https:\/\/calzaclemente.it\/app\/uploads\/2025\/02\/extremely-closeup-dairy-scientists-hands-performing-milk-quality-tests-against-hazy-background-lab-equipment-text-space-generative-ai-scaled.jpg\" data-object-fit=\"cover\" srcset=\"https:\/\/calzaclemente.it\/app\/uploads\/2025\/02\/extremely-closeup-dairy-scientists-hands-performing-milk-quality-tests-against-hazy-background-lab-equipment-text-space-generative-ai-scaled.jpg 2560w, https:\/\/calzaclemente.it\/app\/uploads\/2025\/02\/extremely-closeup-dairy-scientists-hands-performing-milk-quality-tests-against-hazy-background-lab-equipment-text-space-generative-ai-600x257.jpg 600w, https:\/\/calzaclemente.it\/app\/uploads\/2025\/02\/extremely-closeup-dairy-scientists-hands-performing-milk-quality-tests-against-hazy-background-lab-equipment-text-space-generative-ai-1440x617.jpg 1440w, https:\/\/calzaclemente.it\/app\/uploads\/2025\/02\/extremely-closeup-dairy-scientists-hands-performing-milk-quality-tests-against-hazy-background-lab-equipment-text-space-generative-ai-1024x439.jpg 1024w, https:\/\/calzaclemente.it\/app\/uploads\/2025\/02\/extremely-closeup-dairy-scientists-hands-performing-milk-quality-tests-against-hazy-background-lab-equipment-text-space-generative-ai-1536x658.jpg 1536w, https:\/\/calzaclemente.it\/app\/uploads\/2025\/02\/extremely-closeup-dairy-scientists-hands-performing-milk-quality-tests-against-hazy-background-lab-equipment-text-space-generative-ai-2048x878.jpg 2048w, https:\/\/calzaclemente.it\/app\/uploads\/2025\/02\/extremely-closeup-dairy-scientists-hands-performing-milk-quality-tests-against-hazy-background-lab-equipment-text-space-generative-ai-70x30.jpg 70w, https:\/\/calzaclemente.it\/app\/uploads\/2025\/02\/extremely-closeup-dairy-scientists-hands-performing-milk-quality-tests-against-hazy-background-lab-equipment-text-space-generative-ai-1920x823.jpg 1920w\" sizes=\"auto, (max-width: 2560px) 100vw, 2560px\" \/><div class=\"wp-block-cover__inner-container is-layout-constrained wp-container-core-cover-is-layout-7c3f3d2e wp-block-cover-is-layout-constrained\">\n<div class=\"wp-block-group thor-maxwidth-3xl is-layout-constrained wp-block-group-is-layout-constrained\">\n<div style=\"height:60px\" aria-hidden=\"true\" class=\"wp-block-spacer thor-hidden-sm thor-hidden-md\"><\/div>\n\n\n\n<div class=\"wp-block-columns thor-default is-layout-flex wp-container-core-columns-is-layout-33ba964e wp-block-columns-is-layout-flex\">\n<div class=\"wp-block-column is-layout-flow wp-block-column-is-layout-flow\" style=\"flex-basis:50%\">\n<div style=\"height:60px\" aria-hidden=\"true\" class=\"wp-block-spacer thor-hidden-sm thor-hidden-md\"><\/div>\n\n\n\n<p class=\"has-4-xl-font-size\">Siamo in grado di aiutarti a raggiungere i tuoi obiettivi di sostenibilit\u00e0 riducendo significativamente lo spreco alimentare e mantenendo, al contempo, i pi\u00f9 alti standard di qualit\u00e0.<\/p>\n\n\n\n<div style=\"height:60px\" aria-hidden=\"true\" class=\"wp-block-spacer thor-hidden-sm thor-hidden-md\"><\/div>\n<\/div>\n\n\n\n<div class=\"wp-block-column is-layout-flow wp-block-column-is-layout-flow\" style=\"flex-basis:50%\"><\/div>\n<\/div>\n\n\n\n<div style=\"height:60px\" aria-hidden=\"true\" class=\"wp-block-spacer thor-hidden-sm thor-hidden-md\"><\/div>\n<\/div>\n<\/div><\/div>\n\n<div style=\"height:30px\" aria-hidden=\"true\" class=\"wp-block-spacer\"><\/div>\n\n<div style=\"height:60px\" aria-hidden=\"true\" class=\"wp-block-spacer thor-hidden-sm\"><\/div>\n\n<div class=\"wp-block-columns are-vertically-aligned-center thor-default is-layout-flex wp-container-core-columns-is-layout-0e0088bb wp-block-columns-is-layout-flex\" style=\"padding-top:30px;padding-bottom:30px\">\n<div class=\"wp-block-column is-vertically-aligned-center is-layout-flow wp-block-column-is-layout-flow\">\n<figure class=\"wp-block-image size-full has-custom-border\"><img loading=\"lazy\" decoding=\"async\" width=\"2560\" height=\"1707\" src=\"https:\/\/calzaclemente.it\/app\/uploads\/2025\/02\/technologist-make-set-up-production-line-while-standing-near-digital-screen-department-dairy-factory-scaled.jpg\" alt=\"\" class=\"wp-image-1323\" style=\"border-radius:5px;aspect-ratio:1;object-fit:cover\" srcset=\"https:\/\/calzaclemente.it\/app\/uploads\/2025\/02\/technologist-make-set-up-production-line-while-standing-near-digital-screen-department-dairy-factory-scaled.jpg 2560w, https:\/\/calzaclemente.it\/app\/uploads\/2025\/02\/technologist-make-set-up-production-line-while-standing-near-digital-screen-department-dairy-factory-600x400.jpg 600w, https:\/\/calzaclemente.it\/app\/uploads\/2025\/02\/technologist-make-set-up-production-line-while-standing-near-digital-screen-department-dairy-factory-1440x960.jpg 1440w, https:\/\/calzaclemente.it\/app\/uploads\/2025\/02\/technologist-make-set-up-production-line-while-standing-near-digital-screen-department-dairy-factory-1024x683.jpg 1024w, https:\/\/calzaclemente.it\/app\/uploads\/2025\/02\/technologist-make-set-up-production-line-while-standing-near-digital-screen-department-dairy-factory-1536x1024.jpg 1536w, https:\/\/calzaclemente.it\/app\/uploads\/2025\/02\/technologist-make-set-up-production-line-while-standing-near-digital-screen-department-dairy-factory-2048x1365.jpg 2048w, https:\/\/calzaclemente.it\/app\/uploads\/2025\/02\/technologist-make-set-up-production-line-while-standing-near-digital-screen-department-dairy-factory-70x47.jpg 70w, https:\/\/calzaclemente.it\/app\/uploads\/2025\/02\/technologist-make-set-up-production-line-while-standing-near-digital-screen-department-dairy-factory-1920x1280.jpg 1920w\" sizes=\"auto, (max-width: 2560px) 100vw, 2560px\" \/><\/figure>\n<\/div>\n\n\n\n<div class=\"wp-block-column is-vertically-aligned-center is-layout-flow wp-block-column-is-layout-flow\">\n<div class=\"wp-block-columns thor-default is-layout-flex wp-container-core-columns-is-layout-aca22cf8 wp-block-columns-is-layout-flex\">\n<div class=\"wp-block-column thor-hidden-sm thor-hidden-md thor-hidden-lg is-layout-flow wp-block-column-is-layout-flow\" style=\"flex-basis:110px\"><\/div>\n\n\n\n<div class=\"wp-block-column is-layout-flow wp-block-column-is-layout-flow\">\n<h2 class=\"wp-block-heading\">Protezione alimentare e sfide quotidiane<\/h2>\n\n\n\n<p class=\"\">Produttori e consumatori sono sempre pi\u00f9 preoccupati per la sicurezza alimentare e all&#8217;uso di ingredienti artificiali. Le nostre soluzioni consentono di: <\/p>\n\n\n\n<ul class=\"wp-block-list is-style-checked-list\">\n<li class=\"\">Raggiungere e mantenere alta qualit\u00e0 durante la vita del prodotto<\/li>\n\n\n\n<li class=\"\">Minimizzare i rischi di patogeni naturalmente durante la vita del prodotto<\/li>\n\n\n\n<li class=\"\">Ridurre gli sprechi alimentari<\/li>\n\n\n\n<li class=\"\">Essere facili da usare<\/li>\n<\/ul>\n<\/div>\n\n\n\n<div class=\"wp-block-column thor-hidden-sm thor-hidden-md thor-hidden-lg is-layout-flow wp-block-column-is-layout-flow\" style=\"flex-basis:110px\"><\/div>\n<\/div>\n<\/div>\n<\/div>\n\n<div style=\"height:30px\" aria-hidden=\"true\" class=\"wp-block-spacer\"><\/div>\n\n<div style=\"height:60px\" aria-hidden=\"true\" class=\"wp-block-spacer thor-hidden-sm\"><\/div>\n","protected":false},"excerpt":{"rendered":"<p>Colture protettive ASTRO: pi\u00f9 di una semplice coltura!<\/p>\n","protected":false},"author":1,"featured_media":1133,"parent":1024,"menu_order":0,"template":"","class_list":["post-1027","product","type-product","status-publish","has-post-thumbnail","hentry"],"acf":[],"_links":{"self":[{"href":"https:\/\/calzaclemente.it\/it\/wp-json\/wp\/v2\/product\/1027","targetHints":{"allow":["GET"]}}],"collection":[{"href":"https:\/\/calzaclemente.it\/it\/wp-json\/wp\/v2\/product"}],"about":[{"href":"https:\/\/calzaclemente.it\/it\/wp-json\/wp\/v2\/types\/product"}],"author":[{"embeddable":true,"href":"https:\/\/calzaclemente.it\/it\/wp-json\/wp\/v2\/users\/1"}],"up":[{"embeddable":true,"href":"https:\/\/calzaclemente.it\/it\/wp-json\/wp\/v2\/product\/1024"}],"wp:featuredmedia":[{"embeddable":true,"href":"https:\/\/calzaclemente.it\/it\/wp-json\/wp\/v2\/media\/1133"}],"wp:attachment":[{"href":"https:\/\/calzaclemente.it\/it\/wp-json\/wp\/v2\/media?parent=1027"}],"curies":[{"name":"wp","href":"https:\/\/api.w.org\/{rel}","templated":true}]}}