{"id":2034,"date":"2025-03-10T16:20:26","date_gmt":"2025-03-10T15:20:26","guid":{"rendered":"https:\/\/calzaclemente.it\/products\/conservantes\/nisina\/"},"modified":"2026-02-25T16:10:31","modified_gmt":"2026-02-25T15:10:31","slug":"nisina","status":"publish","type":"product","link":"https:\/\/calzaclemente.it\/es\/products\/conservantes\/nisina\/","title":{"rendered":"Nisina"},"content":{"rendered":"\n<div class=\"wp-block-cover alignfull is-light has-custom-content-position is-position-top-center has-white-color has-text-color has-link-color wp-elements-2bbb0831a6815cd19ce8866d0321d1fa\" style=\"padding-right:15px;padding-left:15px\" id=\"hero\"><span aria-hidden=\"true\" class=\"wp-block-cover__background has-neutral-800-background-color has-background-dim-40 has-background-dim\"><\/span><img loading=\"lazy\" decoding=\"async\" width=\"2560\" height=\"1707\" src=\"https:\/\/calzaclemente.it\/app\/uploads\/2026\/02\/view-delicious-food-with-board-scaled.jpg\" class=\"wp-block-cover__image-background wp-post-image\" alt=\"\" data-object-fit=\"cover\" srcset=\"https:\/\/calzaclemente.it\/app\/uploads\/2026\/02\/view-delicious-food-with-board-scaled.jpg 2560w, https:\/\/calzaclemente.it\/app\/uploads\/2026\/02\/view-delicious-food-with-board-600x400.jpg 600w, https:\/\/calzaclemente.it\/app\/uploads\/2026\/02\/view-delicious-food-with-board-1440x960.jpg 1440w, https:\/\/calzaclemente.it\/app\/uploads\/2026\/02\/view-delicious-food-with-board-1024x683.jpg 1024w, https:\/\/calzaclemente.it\/app\/uploads\/2026\/02\/view-delicious-food-with-board-1536x1024.jpg 1536w, https:\/\/calzaclemente.it\/app\/uploads\/2026\/02\/view-delicious-food-with-board-2048x1365.jpg 2048w, https:\/\/calzaclemente.it\/app\/uploads\/2026\/02\/view-delicious-food-with-board-70x47.jpg 70w, https:\/\/calzaclemente.it\/app\/uploads\/2026\/02\/view-delicious-food-with-board-1920x1280.jpg 1920w\" sizes=\"auto, (max-width: 2560px) 100vw, 2560px\" \/><div class=\"wp-block-cover__inner-container is-layout-constrained wp-container-core-cover-is-layout-3467996f wp-block-cover-is-layout-constrained\">\n<div class=\"wp-block-group thor-maxwidth-3xl has-link-color wp-elements-df2ed51a40bed9922db979207b19ba26 is-layout-constrained wp-block-group-is-layout-constrained\"><nav aria-label=\"breadcrumbs\" class=\"rank-math-breadcrumb\"><p><span class=\"last\">Home<\/span><\/p><\/nav>\n\n\n<h1 class=\"wp-block-post-title\">Nisina<\/h1><\/div>\n<\/div><\/div>\n\n<div style=\"height:60px\" aria-hidden=\"true\" class=\"wp-block-spacer thor-hidden-sm\"><\/div>\n\n<div class=\"wp-block-columns are-vertically-aligned-center thor-default is-layout-flex wp-container-core-columns-is-layout-0e0088bb wp-block-columns-is-layout-flex\" style=\"padding-top:30px;padding-bottom:30px\">\n<div class=\"wp-block-column is-vertically-aligned-center is-layout-flow wp-block-column-is-layout-flow\">\n<figure class=\"wp-block-image size-large has-custom-border\"><img loading=\"lazy\" decoding=\"async\" width=\"1440\" height=\"2161\" src=\"https:\/\/calzaclemente.it\/app\/uploads\/2025\/03\/dark-yellow-pink-abstract-background-with-bubbles-1440x2161.jpg\" alt=\"\" class=\"wp-image-1339\" style=\"border-radius:5px;aspect-ratio:4\/3;object-fit:cover\" srcset=\"https:\/\/calzaclemente.it\/app\/uploads\/2025\/03\/dark-yellow-pink-abstract-background-with-bubbles-1440x2161.jpg 1440w, https:\/\/calzaclemente.it\/app\/uploads\/2025\/03\/dark-yellow-pink-abstract-background-with-bubbles-600x900.jpg 600w, https:\/\/calzaclemente.it\/app\/uploads\/2025\/03\/dark-yellow-pink-abstract-background-with-bubbles-1024x1536.jpg 1024w, https:\/\/calzaclemente.it\/app\/uploads\/2025\/03\/dark-yellow-pink-abstract-background-with-bubbles-1365x2048.jpg 1365w, https:\/\/calzaclemente.it\/app\/uploads\/2025\/03\/dark-yellow-pink-abstract-background-with-bubbles-70x105.jpg 70w, https:\/\/calzaclemente.it\/app\/uploads\/2025\/03\/dark-yellow-pink-abstract-background-with-bubbles-1920x2881.jpg 1920w, https:\/\/calzaclemente.it\/app\/uploads\/2025\/03\/dark-yellow-pink-abstract-background-with-bubbles-scaled.jpg 1706w\" sizes=\"auto, (max-width: 1440px) 100vw, 1440px\" \/><\/figure>\n<\/div>\n\n\n\n<div class=\"wp-block-column is-vertically-aligned-center is-layout-flow wp-block-column-is-layout-flow\">\n<div class=\"wp-block-columns thor-default is-layout-flex wp-container-core-columns-is-layout-aca22cf8 wp-block-columns-is-layout-flex\">\n<div class=\"wp-block-column thor-hidden-sm thor-hidden-md thor-hidden-lg is-layout-flow wp-block-column-is-layout-flow\" style=\"flex-basis:110px\"><\/div>\n\n\n\n<div class=\"wp-block-column is-layout-flow wp-block-column-is-layout-flow\">\n<h2 class=\"wp-block-heading\">Mejora la Vida \u00datil y la Calidad de tu Producto con ASTRO NISIN<\/h2>\n\n\n\n<p class=\"\">Un p\u00e9ptido antimicrobiano obtenido de la fermentaci\u00f3n de bacterias del \u00e1cido l\u00e1ctico, altamente efectivo contra una amplia gama de bacterias Gram-positivas.<\/p>\n\n\n\n<p class=\"\">Este poderoso p\u00e9ptido juega un papel crucial en el mantenimiento de la estabilidad microbiol\u00f3gica de quesos y cremas, asegurando que permanezcan seguros y de alta calidad durante toda su vida \u00fatil. Al incorporar este p\u00e9ptido en tu proceso de producci\u00f3n, puedes mejorar significativamente la seguridad y la longevidad de tus productos l\u00e1cteos, proporcionando a tus clientes ofertas consistentemente frescas y deliciosas.  <\/p>\n\n\n\n<p class=\"\">Esta soluci\u00f3n innovadora no solo protege tus productos, sino que tambi\u00e9n mantiene la integridad y excelencia de tu marca.<\/p>\n<\/div>\n\n\n\n<div class=\"wp-block-column thor-hidden-sm thor-hidden-md thor-hidden-lg is-layout-flow wp-block-column-is-layout-flow\" style=\"flex-basis:110px\"><\/div>\n<\/div>\n<\/div>\n<\/div>\n\n<div style=\"height:60px\" aria-hidden=\"true\" class=\"wp-block-spacer thor-hidden-sm\"><\/div>\n\n<div class=\"wp-block-columns are-vertically-aligned-center thor-default is-layout-flex wp-container-core-columns-is-layout-0e0088bb wp-block-columns-is-layout-flex\" style=\"padding-top:30px;padding-bottom:30px\">\n<div class=\"wp-block-column is-vertically-aligned-center is-layout-flow wp-block-column-is-layout-flow\">\n<figure class=\"wp-block-image size-large has-custom-border\"><img loading=\"lazy\" decoding=\"async\" width=\"1440\" height=\"960\" src=\"https:\/\/calzaclemente.it\/app\/uploads\/2025\/03\/high-angle-view-container-table-against-white-background-1440x960.jpg\" alt=\"\" class=\"wp-image-1330\" style=\"border-radius:5px;aspect-ratio:1;object-fit:cover\" srcset=\"https:\/\/calzaclemente.it\/app\/uploads\/2025\/03\/high-angle-view-container-table-against-white-background-1440x960.jpg 1440w, https:\/\/calzaclemente.it\/app\/uploads\/2025\/03\/high-angle-view-container-table-against-white-background-600x400.jpg 600w, https:\/\/calzaclemente.it\/app\/uploads\/2025\/03\/high-angle-view-container-table-against-white-background-1024x683.jpg 1024w, https:\/\/calzaclemente.it\/app\/uploads\/2025\/03\/high-angle-view-container-table-against-white-background-1536x1025.jpg 1536w, https:\/\/calzaclemente.it\/app\/uploads\/2025\/03\/high-angle-view-container-table-against-white-background-2048x1366.jpg 2048w, https:\/\/calzaclemente.it\/app\/uploads\/2025\/03\/high-angle-view-container-table-against-white-background-70x47.jpg 70w, https:\/\/calzaclemente.it\/app\/uploads\/2025\/03\/high-angle-view-container-table-against-white-background-1920x1281.jpg 1920w\" sizes=\"auto, (max-width: 1440px) 100vw, 1440px\" \/><\/figure>\n<\/div>\n\n\n\n<div class=\"wp-block-column is-vertically-aligned-center is-layout-flow wp-block-column-is-layout-flow\">\n<div class=\"wp-block-columns thor-default is-layout-flex wp-container-core-columns-is-layout-aca22cf8 wp-block-columns-is-layout-flex\">\n<div class=\"wp-block-column thor-hidden-sm thor-hidden-md thor-hidden-lg is-layout-flow wp-block-column-is-layout-flow\" style=\"flex-basis:110px\"><\/div>\n\n\n\n<div class=\"wp-block-column is-layout-flow wp-block-column-is-layout-flow\">\n<h2 class=\"wp-block-heading\">Astro Nisin<\/h2>\n\n\n\n<p class=\"\">ASTRO NISIN te ofrece esta oportunidad dorada para mantenerte en el lado seguro:<\/p>\n\n\n\n<ul class=\"wp-block-list is-style-checked-list\">\n<li class=\"\">La adici\u00f3n de ASTRO NISIN aumenta la vida \u00fatil de los productos pasteurizados.<\/li>\n\n\n\n<li class=\"\">Su adici\u00f3n puede mejorar la calidad organol\u00e9ptica del producto debido a la posibilidad de tratamientos t\u00e9rmicos m\u00e1s bajos (pasteurizaci\u00f3n) o tiempos de calentamiento m\u00e1s cortos en tratamientos de pasteurizaci\u00f3n o UHT.<\/li>\n\n\n\n<li class=\"\">ASTRO NISIN es un conservante natural aislado de cultivos iniciadores l\u00e1cteos (yogur) que puede reemplazar los conservantes qu\u00edmicos.<\/li>\n<\/ul>\n<\/div>\n\n\n\n<div class=\"wp-block-column thor-hidden-sm thor-hidden-md thor-hidden-lg is-layout-flow wp-block-column-is-layout-flow\" style=\"flex-basis:110px\"><\/div>\n<\/div>\n<\/div>\n<\/div>\n\n<div style=\"height:60px\" aria-hidden=\"true\" class=\"wp-block-spacer thor-hidden-sm\"><\/div>\n","protected":false},"excerpt":{"rendered":"<p>Un p\u00e9ptido antimicrobiano obtenido de la fermentaci\u00f3n de bacterias del \u00e1cido l\u00e1ctico, altamente efectivo contra una amplia gama de bacterias Gram-positivas.<\/p>\n","protected":false},"author":1,"featured_media":2885,"parent":2020,"menu_order":0,"template":"","class_list":["post-2034","product","type-product","status-publish","has-post-thumbnail","hentry"],"acf":[],"_links":{"self":[{"href":"https:\/\/calzaclemente.it\/es\/wp-json\/wp\/v2\/product\/2034","targetHints":{"allow":["GET"]}}],"collection":[{"href":"https:\/\/calzaclemente.it\/es\/wp-json\/wp\/v2\/product"}],"about":[{"href":"https:\/\/calzaclemente.it\/es\/wp-json\/wp\/v2\/types\/product"}],"author":[{"embeddable":true,"href":"https:\/\/calzaclemente.it\/es\/wp-json\/wp\/v2\/users\/1"}],"up":[{"embeddable":true,"href":"https:\/\/calzaclemente.it\/es\/wp-json\/wp\/v2\/product\/2020"}],"wp:featuredmedia":[{"embeddable":true,"href":"https:\/\/calzaclemente.it\/es\/wp-json\/wp\/v2\/media\/2885"}],"wp:attachment":[{"href":"https:\/\/calzaclemente.it\/es\/wp-json\/wp\/v2\/media?parent=2034"}],"curies":[{"name":"wp","href":"https:\/\/api.w.org\/{rel}","templated":true}]}}