{"id":2023,"date":"2025-03-10T16:21:34","date_gmt":"2025-03-10T15:21:34","guid":{"rendered":"https:\/\/calzaclemente.it\/products\/conservantes\/lisozima\/"},"modified":"2026-02-26T10:50:30","modified_gmt":"2026-02-26T09:50:30","slug":"lisozima","status":"publish","type":"product","link":"https:\/\/calzaclemente.it\/es\/products\/conservantes\/lisozima\/","title":{"rendered":"Lisozima"},"content":{"rendered":"\n<div class=\"wp-block-cover alignfull is-light has-custom-content-position is-position-top-center has-white-color has-text-color has-link-color wp-elements-2bbb0831a6815cd19ce8866d0321d1fa\" style=\"padding-right:15px;padding-left:15px\" id=\"hero\"><span aria-hidden=\"true\" class=\"wp-block-cover__background has-neutral-800-background-color has-background-dim-40 has-background-dim\"><\/span><img loading=\"lazy\" decoding=\"async\" width=\"2560\" height=\"1707\" src=\"https:\/\/calzaclemente.it\/app\/uploads\/2025\/03\/close-up-gourmet-emmental-cheese-scaled.jpg\" class=\"wp-block-cover__image-background wp-post-image\" alt=\"\" data-object-fit=\"cover\" srcset=\"https:\/\/calzaclemente.it\/app\/uploads\/2025\/03\/close-up-gourmet-emmental-cheese-scaled.jpg 2560w, https:\/\/calzaclemente.it\/app\/uploads\/2025\/03\/close-up-gourmet-emmental-cheese-600x400.jpg 600w, https:\/\/calzaclemente.it\/app\/uploads\/2025\/03\/close-up-gourmet-emmental-cheese-1440x960.jpg 1440w, https:\/\/calzaclemente.it\/app\/uploads\/2025\/03\/close-up-gourmet-emmental-cheese-1024x683.jpg 1024w, https:\/\/calzaclemente.it\/app\/uploads\/2025\/03\/close-up-gourmet-emmental-cheese-1536x1024.jpg 1536w, https:\/\/calzaclemente.it\/app\/uploads\/2025\/03\/close-up-gourmet-emmental-cheese-2048x1365.jpg 2048w, https:\/\/calzaclemente.it\/app\/uploads\/2025\/03\/close-up-gourmet-emmental-cheese-70x47.jpg 70w, https:\/\/calzaclemente.it\/app\/uploads\/2025\/03\/close-up-gourmet-emmental-cheese-1920x1280.jpg 1920w\" sizes=\"auto, (max-width: 2560px) 100vw, 2560px\" \/><div class=\"wp-block-cover__inner-container is-layout-constrained wp-container-core-cover-is-layout-3467996f wp-block-cover-is-layout-constrained\">\n<div class=\"wp-block-group thor-maxwidth-3xl has-link-color wp-elements-df2ed51a40bed9922db979207b19ba26 is-layout-constrained wp-block-group-is-layout-constrained\"><nav aria-label=\"breadcrumbs\" class=\"rank-math-breadcrumb\"><p><span class=\"last\">Home<\/span><\/p><\/nav>\n\n\n<h1 class=\"wp-block-post-title\">Lisozima<\/h1><\/div>\n<\/div><\/div>\n\n<div style=\"height:60px\" aria-hidden=\"true\" class=\"wp-block-spacer thor-hidden-sm\"><\/div>\n\n<div class=\"wp-block-columns are-vertically-aligned-center thor-default is-layout-flex wp-container-core-columns-is-layout-0e0088bb wp-block-columns-is-layout-flex\" style=\"padding-top:30px;padding-bottom:30px\">\n<div class=\"wp-block-column is-vertically-aligned-center is-layout-flow wp-block-column-is-layout-flow\">\n<figure class=\"wp-block-image size-large has-custom-border\"><img loading=\"lazy\" decoding=\"async\" width=\"1440\" height=\"960\" src=\"https:\/\/calzaclemente.it\/app\/uploads\/2025\/03\/close-up-melted-cheese-1440x960.jpg\" alt=\"\" class=\"wp-image-1305\" style=\"border-radius:5px;aspect-ratio:4\/3;object-fit:cover\" srcset=\"https:\/\/calzaclemente.it\/app\/uploads\/2025\/03\/close-up-melted-cheese-1440x960.jpg 1440w, https:\/\/calzaclemente.it\/app\/uploads\/2025\/03\/close-up-melted-cheese-600x400.jpg 600w, https:\/\/calzaclemente.it\/app\/uploads\/2025\/03\/close-up-melted-cheese-1024x683.jpg 1024w, https:\/\/calzaclemente.it\/app\/uploads\/2025\/03\/close-up-melted-cheese-1536x1024.jpg 1536w, https:\/\/calzaclemente.it\/app\/uploads\/2025\/03\/close-up-melted-cheese-2048x1365.jpg 2048w, https:\/\/calzaclemente.it\/app\/uploads\/2025\/03\/close-up-melted-cheese-70x47.jpg 70w, https:\/\/calzaclemente.it\/app\/uploads\/2025\/03\/close-up-melted-cheese-1920x1280.jpg 1920w\" sizes=\"auto, (max-width: 1440px) 100vw, 1440px\" \/><\/figure>\n<\/div>\n\n\n\n<div class=\"wp-block-column is-vertically-aligned-center is-layout-flow wp-block-column-is-layout-flow\">\n<div class=\"wp-block-columns thor-default is-layout-flex wp-container-core-columns-is-layout-aca22cf8 wp-block-columns-is-layout-flex\">\n<div class=\"wp-block-column thor-hidden-sm thor-hidden-md thor-hidden-lg is-layout-flow wp-block-column-is-layout-flow\" style=\"flex-basis:110px\"><\/div>\n\n\n\n<div class=\"wp-block-column is-layout-flow wp-block-column-is-layout-flow\">\n<h2 class=\"wp-block-heading\">Astro Lysozyme: Tu Aliado Tecnol\u00f3gico en la Seguridad Alimentaria<\/h2>\n\n\n\n<p class=\"\">Un enzima natural presente en las l\u00e1grimas y la saliva, utilizada para controlar el crecimiento de bacterias formadoras de esporas, particularmente en quesos de larga maduraci\u00f3n. <\/p>\n\n\n\n<p class=\"\">Esta enzima es altamente efectiva en mantener la estabilidad microbiol\u00f3gica de estos quesos, previniendo el deterioro y asegurando su calidad durante per\u00edodos prolongados de maduraci\u00f3n. Al incorporar esta enzima en tu proceso de producci\u00f3n, puedes salvaguardar la integridad y el perfil de sabor de tus quesos de larga maduraci\u00f3n, entregando productos que son tanto seguros como excepcionales en sabor. <\/p>\n\n\n\n<p class=\"\">Este enfoque innovador te permite mantener los m\u00e1s altos est\u00e1ndares de calidad mientras extiendes la vida \u00fatil de tus creaciones artesanales.<\/p>\n<\/div>\n\n\n\n<div class=\"wp-block-column thor-hidden-sm thor-hidden-md thor-hidden-lg is-layout-flow wp-block-column-is-layout-flow\" style=\"flex-basis:110px\"><\/div>\n<\/div>\n<\/div>\n<\/div>\n\n<div style=\"height:60px\" aria-hidden=\"true\" class=\"wp-block-spacer thor-hidden-sm\"><\/div>\n\n<div class=\"wp-block-group alignfull thor-maxwidth-default has-neutral-300-background-color has-background is-layout-constrained wp-block-group-is-layout-constrained\" style=\"padding-top:30px;padding-bottom:30px\">\n<div style=\"height:60px\" aria-hidden=\"true\" class=\"wp-block-spacer thor-hidden-sm\"><\/div>\n\n\n\n<h3 class=\"wp-block-heading\">Nuestra cartera<\/h3>\n\n\n<div id=\"thor-block_cefc287aa8661fd6fed25f54cca148fa\" class=\"thor-cards-slider layout-list align wp-block-acf-cards-slider\">\n\n  \n                  <div class=\"cards-list\">\n                                          <div class=\"w-full card-item\">\n                                        <figure>\n                                                    <img decoding=\"async\"\n                    src=\"https:\/\/calzaclemente.it\/app\/uploads\/2025\/03\/preparation-baby-formula-artificial-feeding-1-1440x960.jpg\"\n                    alt=\"\"\n                    srcset=\"https:\/\/calzaclemente.it\/app\/uploads\/2025\/03\/preparation-baby-formula-artificial-feeding-1-600x400.jpg 300w, https:\/\/calzaclemente.it\/app\/uploads\/2025\/03\/preparation-baby-formula-artificial-feeding-1-1440x960.jpg 1024w\"\n                    sizes=\"(max-width: 600px) 300px, 1024px\"\n                  \/>\n                              <\/figure>\n              \n                              <div class=\"entry-text\">\n                  <h3>ASTRO LYSOZYME GRANULAR<\/h3>\n<p>preparaci\u00f3n granular de lisozima<\/p>\n\n                <\/div>\n              \n                          <\/div><!--swiper-slide-->\n                                    <div class=\"w-full card-item\">\n                                        <figure>\n                                                    <img decoding=\"async\"\n                    src=\"https:\/\/calzaclemente.it\/app\/uploads\/2025\/03\/laboratory-samples-arrangement-1440x2158.jpg\"\n                    alt=\"\"\n                    srcset=\"https:\/\/calzaclemente.it\/app\/uploads\/2025\/03\/laboratory-samples-arrangement-600x899.jpg 300w, https:\/\/calzaclemente.it\/app\/uploads\/2025\/03\/laboratory-samples-arrangement-1440x2158.jpg 1024w\"\n                    sizes=\"(max-width: 600px) 300px, 1024px\"\n                  \/>\n                              <\/figure>\n              \n                              <div class=\"entry-text\">\n                  <h3>ASTRO LYSOZYME LIQUIDA<\/h3>\n<p>Preparaci\u00f3n liquida de lisozima<\/p>\n\n                <\/div>\n              \n                          <\/div><!--swiper-slide-->\n          \n              <\/div>\n          <\/div>\n\n\n\n<div style=\"height:60px\" aria-hidden=\"true\" class=\"wp-block-spacer thor-hidden-sm\"><\/div>\n<\/div>\n","protected":false},"excerpt":{"rendered":"<p>Un enzima natural presente en las l\u00e1grimas y la saliva, utilizada para controlar el crecimiento de bacterias formadoras de esporas, particularmente en quesos de larga maduraci\u00f3n.<\/p>\n","protected":false},"author":1,"featured_media":2896,"parent":2020,"menu_order":0,"template":"","class_list":["post-2023","product","type-product","status-publish","has-post-thumbnail","hentry"],"acf":[],"_links":{"self":[{"href":"https:\/\/calzaclemente.it\/es\/wp-json\/wp\/v2\/product\/2023","targetHints":{"allow":["GET"]}}],"collection":[{"href":"https:\/\/calzaclemente.it\/es\/wp-json\/wp\/v2\/product"}],"about":[{"href":"https:\/\/calzaclemente.it\/es\/wp-json\/wp\/v2\/types\/product"}],"author":[{"embeddable":true,"href":"https:\/\/calzaclemente.it\/es\/wp-json\/wp\/v2\/users\/1"}],"up":[{"embeddable":true,"href":"https:\/\/calzaclemente.it\/es\/wp-json\/wp\/v2\/product\/2020"}],"wp:featuredmedia":[{"embeddable":true,"href":"https:\/\/calzaclemente.it\/es\/wp-json\/wp\/v2\/media\/2896"}],"wp:attachment":[{"href":"https:\/\/calzaclemente.it\/es\/wp-json\/wp\/v2\/media?parent=2023"}],"curies":[{"name":"wp","href":"https:\/\/api.w.org\/{rel}","templated":true}]}}