{"id":2020,"date":"2025-02-16T17:50:20","date_gmt":"2025-02-16T16:50:20","guid":{"rendered":"https:\/\/calzaclemente.it\/products\/conservantes\/"},"modified":"2025-07-28T10:23:31","modified_gmt":"2025-07-28T08:23:31","slug":"conservantes","status":"publish","type":"product","link":"https:\/\/calzaclemente.it\/es\/products\/conservantes\/","title":{"rendered":"Conservantes"},"content":{"rendered":"\n<div class=\"wp-block-cover alignfull is-light has-custom-content-position is-position-top-center has-white-color has-text-color has-link-color wp-elements-2bbb0831a6815cd19ce8866d0321d1fa\" style=\"padding-right:15px;padding-left:15px\" id=\"hero\"><span aria-hidden=\"true\" class=\"wp-block-cover__background has-neutral-800-background-color has-background-dim-40 has-background-dim\"><\/span><img loading=\"lazy\" decoding=\"async\" width=\"2560\" height=\"1264\" src=\"https:\/\/calzaclemente.it\/app\/uploads\/2025\/02\/man-choosing-frozen-food-from-supermarket-freezer-scaled.jpg\" class=\"wp-block-cover__image-background wp-post-image\" alt=\"\" data-object-fit=\"cover\" srcset=\"https:\/\/calzaclemente.it\/app\/uploads\/2025\/02\/man-choosing-frozen-food-from-supermarket-freezer-scaled.jpg 2560w, https:\/\/calzaclemente.it\/app\/uploads\/2025\/02\/man-choosing-frozen-food-from-supermarket-freezer-600x296.jpg 600w, https:\/\/calzaclemente.it\/app\/uploads\/2025\/02\/man-choosing-frozen-food-from-supermarket-freezer-1440x711.jpg 1440w, https:\/\/calzaclemente.it\/app\/uploads\/2025\/02\/man-choosing-frozen-food-from-supermarket-freezer-1024x505.jpg 1024w, https:\/\/calzaclemente.it\/app\/uploads\/2025\/02\/man-choosing-frozen-food-from-supermarket-freezer-1536x758.jpg 1536w, https:\/\/calzaclemente.it\/app\/uploads\/2025\/02\/man-choosing-frozen-food-from-supermarket-freezer-2048x1011.jpg 2048w, https:\/\/calzaclemente.it\/app\/uploads\/2025\/02\/man-choosing-frozen-food-from-supermarket-freezer-70x35.jpg 70w, https:\/\/calzaclemente.it\/app\/uploads\/2025\/02\/man-choosing-frozen-food-from-supermarket-freezer-1920x948.jpg 1920w\" sizes=\"auto, (max-width: 2560px) 100vw, 2560px\" \/><div class=\"wp-block-cover__inner-container is-layout-constrained wp-container-core-cover-is-layout-3467996f wp-block-cover-is-layout-constrained\">\n<div class=\"wp-block-group thor-maxwidth-3xl has-link-color wp-elements-df2ed51a40bed9922db979207b19ba26 is-layout-constrained wp-block-group-is-layout-constrained\"><nav aria-label=\"breadcrumbs\" class=\"rank-math-breadcrumb\"><p><span class=\"last\">Home<\/span><\/p><\/nav>\n\n\n<h1 class=\"wp-block-post-title\">Conservantes<\/h1><\/div>\n<\/div><\/div>\n\n<div class=\"wp-block-group thor-maxwidth-default is-layout-constrained wp-block-group-is-layout-constrained\">\n<div style=\"height:35px\" aria-hidden=\"true\" class=\"wp-block-spacer\"><\/div>\n\n\n\n<div style=\"height:35px\" aria-hidden=\"true\" class=\"wp-block-spacer thor-hidden-sm\"><\/div>\n\n\n\n<div class=\"wp-block-columns is-layout-flex wp-container-core-columns-is-layout-28f84493 wp-block-columns-is-layout-flex\">\n<div class=\"wp-block-column is-layout-flow wp-block-column-is-layout-flow\" style=\"flex-basis:35%\">\n<h3 class=\"wp-block-heading\">El aliado Oculto en Nuestros Alimentos Favoritos<\/h3>\n<\/div>\n\n\n\n<div class=\"wp-block-column thor-hidden-sm thor-hidden-md is-layout-flow wp-block-column-is-layout-flow\" style=\"flex-basis:15%\"><\/div>\n\n\n\n<div class=\"wp-block-column is-layout-flow wp-block-column-is-layout-flow\" style=\"flex-basis:50%\">\n<p class=\"\">Los conservantes naturales se utilizan en una amplia gama de productos alimenticios y bebidas, incluyendo l\u00e1cteos, productos horneados, bebidas, salsas y refrigerios. Juegan un papel crucial en garantizar la seguridad del producto, mejorar la calidad y satisfacer las demandas de los consumidores por opciones naturales y saludables. Para combatir el deterioro microbiano, ofrecemos una gama completa de soluciones.  <\/p>\n\n\n\n<p class=\"\">Opta por soluciones de vanguardia para garantizar la seguridad y la longevidad de tus productos. Cont\u00e1ctanos para obtener m\u00e1s informaci\u00f3n y descubrir las mejores opciones adaptadas a tus necesidades espec\u00edficas. <\/p>\n<\/div>\n<\/div>\n\n\n\n<div style=\"height:35px\" aria-hidden=\"true\" class=\"wp-block-spacer\"><\/div>\n\n\n\n<div style=\"height:35px\" aria-hidden=\"true\" class=\"wp-block-spacer thor-hidden-sm\"><\/div>\n<\/div>\n\n<div class=\"wp-block-group thor-maxwidth-default is-layout-constrained wp-block-group-is-layout-constrained\"><div id=\"thor-block_1baaf9e03a199171062bd9e09b0fb476\" class=\"thor-posts-list align wp-block-acf-posts-list\">\n\n      <div class=\"flex flex-wrap justify-between items-center mb-8\">\n      <h3 class=\"mb-0 wp-block-heading has-2-xl-font-size\">\n        Nuestros productos Conservantes\n      <\/h3>\n\n              <div class=\"hidden relative gap-8 items-center w-1\/2 md:flex md:justify-end\">\n          <div class=\"swiper-button-prev\">\n            <svg width=\"16\" height=\"15\" viewBox=\"0 0 16 15\" fill=\"none\" xmlns=\"http:\/\/www.w3.org\/2000\/svg\">\n<path d=\"M0.292901 6.7927C-0.0975993 7.18323 -0.0975993 7.81639 0.292901 8.20692L6.65685 14.5709C7.04738 14.9614 7.68054 14.9614 8.07107 14.5709C8.46159 14.1804 8.46159 13.5472 8.07107 13.1567L2.4142 7.49981L8.07107 1.84291C8.46159 1.45241 8.46159 0.819307 8.07107 0.428707C7.68054 0.0382073 7.04738 0.0382073 6.65685 0.428707L0.292901 6.7927ZM16 6.49981L1 6.49981L1 8.49981L16 8.49981L16 6.49981Z\" fill=\"#E30613\"\/>\n<\/svg>\n          <\/div>\n          <div class=\"swiper-button-next\">\n            <svg width=\"16\" height=\"15\" viewBox=\"0 0 16 15\" fill=\"none\" xmlns=\"http:\/\/www.w3.org\/2000\/svg\">\n<path d=\"M15.7071 8.20711C16.0976 7.81658 16.0976 7.18342 15.7071 6.79289L9.34315 0.428932C8.95262 0.0384078 8.31946 0.0384078 7.92893 0.428932C7.53841 0.819457 7.53841 1.45262 7.92893 1.84315L13.5858 7.5L7.92893 13.1569C7.53841 13.5474 7.53841 14.1805 7.92893 14.5711C8.31946 14.9616 8.95262 14.9616 9.34315 14.5711L15.7071 8.20711ZM0 8.5H15V6.5H0V8.5Z\" fill=\"#E30613\"\/>\n<\/svg>\n          <\/div>\n        <\/div>\n          <\/div>\n  \n  \n  <div\n    class=\"slider swiper\"\n    id=\"posts-container\"\n          data-slides-per-view=\"3\"\n      >\n          <div class=\"swiper-wrapper\">\n    \n                  <div class=\"swiper-slide square-image-preview\">\n                    <article class=\"teaser-post post-2027 product type-product status-publish has-post-thumbnail hentry\">\n  <header>\n    <a href=\"https:\/\/calzaclemente.it\/es\/products\/conservantes\/natamicina\/\" title=\"Natamicina\">\n      <figure>\n                  <img decoding=\"async\" width=\"1440\" height=\"405\" src=\"https:\/\/calzaclemente.it\/app\/uploads\/2026\/02\/BB_Header_RealDairy_1920x540-1440x405.jpg\" class=\"attachment-large size-large wp-post-image\" alt=\"\" loading=\"lazy\" srcset=\"https:\/\/calzaclemente.it\/app\/uploads\/2026\/02\/BB_Header_RealDairy_1920x540-1440x405.jpg 1440w, https:\/\/calzaclemente.it\/app\/uploads\/2026\/02\/BB_Header_RealDairy_1920x540-600x169.jpg 600w, https:\/\/calzaclemente.it\/app\/uploads\/2026\/02\/BB_Header_RealDairy_1920x540-1024x288.jpg 1024w, https:\/\/calzaclemente.it\/app\/uploads\/2026\/02\/BB_Header_RealDairy_1920x540-1536x432.jpg 1536w, https:\/\/calzaclemente.it\/app\/uploads\/2026\/02\/BB_Header_RealDairy_1920x540-70x20.jpg 70w, https:\/\/calzaclemente.it\/app\/uploads\/2026\/02\/BB_Header_RealDairy_1920x540.jpg 1920w\" sizes=\"auto, (max-width: 1440px) 100vw, 1440px\" \/>\n              <\/figure>\n    <\/a>\n    \n\n    <h2 class=\"entry-title\">\n      <a href=\"https:\/\/calzaclemente.it\/es\/products\/conservantes\/natamicina\/\" title=\"Natamicina\">\n        Natamicina\n      <\/a>\n    <\/h2>\n\n          <p>Un antif\u00fangico natural, previene eficazmente el desarrollo de mohos y levaduras en la superficie de quesos y otros productos l\u00e1cteos.<\/p>\n      <\/header>\n\n  <div class=\"entry-link\">\n    <a href=\"https:\/\/calzaclemente.it\/es\/products\/conservantes\/natamicina\/\" title=\"Natamicina\">\n      Descubrir\n      <svg width=\"16\" height=\"15\" viewBox=\"0 0 16 15\" fill=\"none\" xmlns=\"http:\/\/www.w3.org\/2000\/svg\">\n<path d=\"M15.7071 8.20711C16.0976 7.81658 16.0976 7.18342 15.7071 6.79289L9.34315 0.428932C8.95262 0.0384078 8.31946 0.0384078 7.92893 0.428932C7.53841 0.819457 7.53841 1.45262 7.92893 1.84315L13.5858 7.5L7.92893 13.1569C7.53841 13.5474 7.53841 14.1805 7.92893 14.5711C8.31946 14.9616 8.95262 14.9616 9.34315 14.5711L15.7071 8.20711ZM0 8.5H15V6.5H0V8.5Z\" fill=\"#E30613\"\/>\n<\/svg>\n    <\/a>\n  <\/div>\n<\/article>\n        <\/div>\n              <div class=\"swiper-slide square-image-preview\">\n                    <article class=\"teaser-post post-2034 product type-product status-publish has-post-thumbnail hentry\">\n  <header>\n    <a href=\"https:\/\/calzaclemente.it\/es\/products\/conservantes\/nisina\/\" title=\"Nisina\">\n      <figure>\n                  <img decoding=\"async\" width=\"1440\" height=\"960\" src=\"https:\/\/calzaclemente.it\/app\/uploads\/2026\/02\/view-delicious-food-with-board-1440x960.jpg\" class=\"attachment-large size-large wp-post-image\" alt=\"\" loading=\"lazy\" srcset=\"https:\/\/calzaclemente.it\/app\/uploads\/2026\/02\/view-delicious-food-with-board-1440x960.jpg 1440w, https:\/\/calzaclemente.it\/app\/uploads\/2026\/02\/view-delicious-food-with-board-600x400.jpg 600w, https:\/\/calzaclemente.it\/app\/uploads\/2026\/02\/view-delicious-food-with-board-1024x683.jpg 1024w, https:\/\/calzaclemente.it\/app\/uploads\/2026\/02\/view-delicious-food-with-board-1536x1024.jpg 1536w, https:\/\/calzaclemente.it\/app\/uploads\/2026\/02\/view-delicious-food-with-board-2048x1365.jpg 2048w, https:\/\/calzaclemente.it\/app\/uploads\/2026\/02\/view-delicious-food-with-board-70x47.jpg 70w, https:\/\/calzaclemente.it\/app\/uploads\/2026\/02\/view-delicious-food-with-board-1920x1280.jpg 1920w\" sizes=\"auto, (max-width: 1440px) 100vw, 1440px\" \/>\n              <\/figure>\n    <\/a>\n    \n\n    <h2 class=\"entry-title\">\n      <a href=\"https:\/\/calzaclemente.it\/es\/products\/conservantes\/nisina\/\" title=\"Nisina\">\n        Nisina\n      <\/a>\n    <\/h2>\n\n          <p>Un p\u00e9ptido antimicrobiano obtenido de la fermentaci\u00f3n de bacterias del \u00e1cido l\u00e1ctico, altamente efectivo contra una amplia gama de bacterias Gram-positivas.<\/p>\n      <\/header>\n\n  <div class=\"entry-link\">\n    <a href=\"https:\/\/calzaclemente.it\/es\/products\/conservantes\/nisina\/\" title=\"Nisina\">\n      Descubrir\n      <svg width=\"16\" height=\"15\" viewBox=\"0 0 16 15\" fill=\"none\" xmlns=\"http:\/\/www.w3.org\/2000\/svg\">\n<path d=\"M15.7071 8.20711C16.0976 7.81658 16.0976 7.18342 15.7071 6.79289L9.34315 0.428932C8.95262 0.0384078 8.31946 0.0384078 7.92893 0.428932C7.53841 0.819457 7.53841 1.45262 7.92893 1.84315L13.5858 7.5L7.92893 13.1569C7.53841 13.5474 7.53841 14.1805 7.92893 14.5711C8.31946 14.9616 8.95262 14.9616 9.34315 14.5711L15.7071 8.20711ZM0 8.5H15V6.5H0V8.5Z\" fill=\"#E30613\"\/>\n<\/svg>\n    <\/a>\n  <\/div>\n<\/article>\n        <\/div>\n              <div class=\"swiper-slide square-image-preview\">\n                    <article class=\"teaser-post post-2023 product type-product status-publish has-post-thumbnail hentry\">\n  <header>\n    <a href=\"https:\/\/calzaclemente.it\/es\/products\/conservantes\/lisozima\/\" title=\"Lisozima\">\n      <figure>\n                  <img decoding=\"async\" width=\"1440\" height=\"960\" src=\"https:\/\/calzaclemente.it\/app\/uploads\/2025\/03\/close-up-gourmet-emmental-cheese-1440x960.jpg\" class=\"attachment-large size-large wp-post-image\" alt=\"\" loading=\"lazy\" srcset=\"https:\/\/calzaclemente.it\/app\/uploads\/2025\/03\/close-up-gourmet-emmental-cheese-1440x960.jpg 1440w, https:\/\/calzaclemente.it\/app\/uploads\/2025\/03\/close-up-gourmet-emmental-cheese-600x400.jpg 600w, https:\/\/calzaclemente.it\/app\/uploads\/2025\/03\/close-up-gourmet-emmental-cheese-1024x683.jpg 1024w, https:\/\/calzaclemente.it\/app\/uploads\/2025\/03\/close-up-gourmet-emmental-cheese-1536x1024.jpg 1536w, https:\/\/calzaclemente.it\/app\/uploads\/2025\/03\/close-up-gourmet-emmental-cheese-2048x1365.jpg 2048w, https:\/\/calzaclemente.it\/app\/uploads\/2025\/03\/close-up-gourmet-emmental-cheese-70x47.jpg 70w, https:\/\/calzaclemente.it\/app\/uploads\/2025\/03\/close-up-gourmet-emmental-cheese-1920x1280.jpg 1920w\" sizes=\"auto, (max-width: 1440px) 100vw, 1440px\" \/>\n              <\/figure>\n    <\/a>\n    \n\n    <h2 class=\"entry-title\">\n      <a href=\"https:\/\/calzaclemente.it\/es\/products\/conservantes\/lisozima\/\" title=\"Lisozima\">\n        Lisozima\n      <\/a>\n    <\/h2>\n\n          <p>Un enzima natural presente en las l\u00e1grimas y la saliva, utilizada para controlar el crecimiento de bacterias formadoras de esporas, particularmente en quesos de larga maduraci\u00f3n.<\/p>\n      <\/header>\n\n  <div class=\"entry-link\">\n    <a href=\"https:\/\/calzaclemente.it\/es\/products\/conservantes\/lisozima\/\" title=\"Lisozima\">\n      Descubrir\n      <svg width=\"16\" height=\"15\" viewBox=\"0 0 16 15\" fill=\"none\" xmlns=\"http:\/\/www.w3.org\/2000\/svg\">\n<path d=\"M15.7071 8.20711C16.0976 7.81658 16.0976 7.18342 15.7071 6.79289L9.34315 0.428932C8.95262 0.0384078 8.31946 0.0384078 7.92893 0.428932C7.53841 0.819457 7.53841 1.45262 7.92893 1.84315L13.5858 7.5L7.92893 13.1569C7.53841 13.5474 7.53841 14.1805 7.92893 14.5711C8.31946 14.9616 8.95262 14.9616 9.34315 14.5711L15.7071 8.20711ZM0 8.5H15V6.5H0V8.5Z\" fill=\"#E30613\"\/>\n<\/svg>\n    <\/a>\n  <\/div>\n<\/article>\n        <\/div>\n          \n          <\/div>\n      <\/div><!--row-->\n<\/div>\n<\/div>\n\n<div style=\"height:35px\" aria-hidden=\"true\" class=\"wp-block-spacer\"><\/div>\n\n<div style=\"height:35px\" aria-hidden=\"true\" class=\"wp-block-spacer thor-hidden-sm\"><\/div>\n","protected":false},"excerpt":{"rendered":"<p>Gama de conservantes naturales dise\u00f1ados para el consumo de alimentos y bebidas. Para combatir el deterioro microbiano, ofrecemos una gama completa de soluciones. <\/p>\n","protected":false},"author":1,"featured_media":2022,"parent":0,"menu_order":0,"template":"","class_list":["post-2020","product","type-product","status-publish","has-post-thumbnail","hentry"],"acf":[],"_links":{"self":[{"href":"https:\/\/calzaclemente.it\/es\/wp-json\/wp\/v2\/product\/2020","targetHints":{"allow":["GET"]}}],"collection":[{"href":"https:\/\/calzaclemente.it\/es\/wp-json\/wp\/v2\/product"}],"about":[{"href":"https:\/\/calzaclemente.it\/es\/wp-json\/wp\/v2\/types\/product"}],"author":[{"embeddable":true,"href":"https:\/\/calzaclemente.it\/es\/wp-json\/wp\/v2\/users\/1"}],"wp:featuredmedia":[{"embeddable":true,"href":"https:\/\/calzaclemente.it\/es\/wp-json\/wp\/v2\/media\/2022"}],"wp:attachment":[{"href":"https:\/\/calzaclemente.it\/es\/wp-json\/wp\/v2\/media?parent=2020"}],"curies":[{"name":"wp","href":"https:\/\/api.w.org\/{rel}","templated":true}]}}