{"id":2016,"date":"2025-03-10T16:10:16","date_gmt":"2025-03-10T15:10:16","guid":{"rendered":"https:\/\/calzaclemente.it\/products\/enzimas\/transglutaminasa\/"},"modified":"2025-07-28T10:21:08","modified_gmt":"2025-07-28T08:21:08","slug":"transglutaminasa","status":"publish","type":"product","link":"https:\/\/calzaclemente.it\/es\/products\/enzimas\/transglutaminasa\/","title":{"rendered":"Transglutaminasa"},"content":{"rendered":"\n<div class=\"wp-block-cover alignfull is-light has-custom-content-position is-position-top-center has-white-color has-text-color has-link-color wp-elements-2bbb0831a6815cd19ce8866d0321d1fa\" style=\"padding-right:15px;padding-left:15px\" id=\"hero\"><span aria-hidden=\"true\" class=\"wp-block-cover__background has-neutral-800-background-color has-background-dim-40 has-background-dim\"><\/span><img loading=\"lazy\" decoding=\"async\" width=\"2560\" height=\"1707\" src=\"https:\/\/calzaclemente.it\/app\/uploads\/2025\/02\/pouring-organic-milk-spoon-scaled.jpg\" class=\"wp-block-cover__image-background wp-post-image\" alt=\"\" data-object-fit=\"cover\" srcset=\"https:\/\/calzaclemente.it\/app\/uploads\/2025\/02\/pouring-organic-milk-spoon-scaled.jpg 2560w, https:\/\/calzaclemente.it\/app\/uploads\/2025\/02\/pouring-organic-milk-spoon-600x400.jpg 600w, https:\/\/calzaclemente.it\/app\/uploads\/2025\/02\/pouring-organic-milk-spoon-1440x960.jpg 1440w, https:\/\/calzaclemente.it\/app\/uploads\/2025\/02\/pouring-organic-milk-spoon-1024x683.jpg 1024w, https:\/\/calzaclemente.it\/app\/uploads\/2025\/02\/pouring-organic-milk-spoon-1536x1024.jpg 1536w, https:\/\/calzaclemente.it\/app\/uploads\/2025\/02\/pouring-organic-milk-spoon-2048x1365.jpg 2048w, https:\/\/calzaclemente.it\/app\/uploads\/2025\/02\/pouring-organic-milk-spoon-70x47.jpg 70w, https:\/\/calzaclemente.it\/app\/uploads\/2025\/02\/pouring-organic-milk-spoon-1920x1280.jpg 1920w\" sizes=\"auto, (max-width: 2560px) 100vw, 2560px\" \/><div class=\"wp-block-cover__inner-container is-layout-constrained wp-container-core-cover-is-layout-3467996f wp-block-cover-is-layout-constrained\">\n<div class=\"wp-block-group thor-maxwidth-3xl has-link-color wp-elements-df2ed51a40bed9922db979207b19ba26 is-layout-constrained wp-block-group-is-layout-constrained\"><nav aria-label=\"breadcrumbs\" class=\"rank-math-breadcrumb\"><p><span class=\"last\">Home<\/span><\/p><\/nav>\n\n\n<h1 class=\"wp-block-post-title\">Transglutaminasa<\/h1><\/div>\n<\/div><\/div>\n\n<div style=\"height:60px\" aria-hidden=\"true\" class=\"wp-block-spacer thor-hidden-sm\"><\/div>\n\n<div class=\"wp-block-columns are-vertically-aligned-center thor-default is-layout-flex wp-container-core-columns-is-layout-0e0088bb wp-block-columns-is-layout-flex\" style=\"padding-top:30px;padding-bottom:30px\">\n<div class=\"wp-block-column is-vertically-aligned-center is-layout-flow wp-block-column-is-layout-flow\">\n<figure class=\"wp-block-image size-large has-custom-border\"><img loading=\"lazy\" decoding=\"async\" width=\"1440\" height=\"1005\" src=\"https:\/\/calzaclemente.it\/app\/uploads\/2025\/03\/yoghurt-on-spoon-1440x1005.jpg\" alt=\"\" class=\"wp-image-1287\" style=\"border-radius:5px;aspect-ratio:4\/3;object-fit:cover\" srcset=\"https:\/\/calzaclemente.it\/app\/uploads\/2025\/03\/yoghurt-on-spoon-1440x1005.jpg 1440w, https:\/\/calzaclemente.it\/app\/uploads\/2025\/03\/yoghurt-on-spoon-600x419.jpg 600w, https:\/\/calzaclemente.it\/app\/uploads\/2025\/03\/yoghurt-on-spoon-1024x715.jpg 1024w, https:\/\/calzaclemente.it\/app\/uploads\/2025\/03\/yoghurt-on-spoon-1536x1072.jpg 1536w, https:\/\/calzaclemente.it\/app\/uploads\/2025\/03\/yoghurt-on-spoon-70x49.jpg 70w, https:\/\/calzaclemente.it\/app\/uploads\/2025\/03\/yoghurt-on-spoon-1920x1340.jpg 1920w, https:\/\/calzaclemente.it\/app\/uploads\/2025\/03\/yoghurt-on-spoon.jpg 2048w\" sizes=\"auto, (max-width: 1440px) 100vw, 1440px\" \/><\/figure>\n<\/div>\n\n\n\n<div class=\"wp-block-column is-vertically-aligned-center is-layout-flow wp-block-column-is-layout-flow\">\n<div class=\"wp-block-columns thor-default is-layout-flex wp-container-core-columns-is-layout-aca22cf8 wp-block-columns-is-layout-flex\">\n<div class=\"wp-block-column thor-hidden-sm thor-hidden-md thor-hidden-lg is-layout-flow wp-block-column-is-layout-flow\" style=\"flex-basis:110px\"><\/div>\n\n\n\n<div class=\"wp-block-column is-layout-flow wp-block-column-is-layout-flow\">\n<h2 class=\"wp-block-heading\">Sistema Inteligente de Texturizaci\u00f3n<\/h2>\n\n\n\n<p class=\"\">El uso de TGasa en el procesamiento l\u00e1cteo no solo mejora el rendimiento, sino que tambi\u00e9n mejora la textura y la integridad estructural de quesos y yogures. <\/p>\n\n\n\n<p class=\"\">Al entrecruzar prote\u00ednas, TGasa ayuda a retener m\u00e1s humedad dentro de la matriz proteica, lo cual es particularmente beneficioso para las variedades bajas en grasa. Este tratamiento enzim\u00e1tico puede llevar a un producto m\u00e1s cremoso y cohesivo que cumpla con las expectativas del consumidor tanto en sabor como en sensaci\u00f3n en boca.  <\/p>\n\n\n\n<p class=\"\">Adem\u00e1s, la mejor retenci\u00f3n de humedad puede hacerlo una opci\u00f3n m\u00e1s atractiva tanto para productores como para consumidores.<\/p>\n<\/div>\n\n\n\n<div class=\"wp-block-column thor-hidden-sm thor-hidden-md thor-hidden-lg is-layout-flow wp-block-column-is-layout-flow\" style=\"flex-basis:110px\"><\/div>\n<\/div>\n<\/div>\n<\/div>\n\n<div style=\"height:60px\" aria-hidden=\"true\" class=\"wp-block-spacer thor-hidden-sm\"><\/div>\n\n<div class=\"wp-block-group alignfull thor-maxwidth-default has-neutral-300-background-color has-background is-layout-constrained wp-block-group-is-layout-constrained\" style=\"padding-top:30px;padding-bottom:30px\">\n<div style=\"height:60px\" aria-hidden=\"true\" class=\"wp-block-spacer thor-hidden-sm\"><\/div>\n\n\n\n<h3 class=\"wp-block-heading\">Nuestra cartera<\/h3>\n\n\n<div id=\"thor-block_55051e6779a9a57b10200ea9b49da77d\" class=\"thor-cards-slider layout-list align wp-block-acf-cards-slider\">\n\n  \n                  <div class=\"cards-list\">\n                                          <div class=\"w-full card-item\">\n                                        <figure>\n                                                    <img decoding=\"async\"\n                    src=\"https:\/\/calzaclemente.it\/app\/uploads\/2025\/03\/yogurt-production-line-1440x807.jpg\"\n                    alt=\"\"\n                    srcset=\"https:\/\/calzaclemente.it\/app\/uploads\/2025\/03\/yogurt-production-line-600x336.jpg 300w, https:\/\/calzaclemente.it\/app\/uploads\/2025\/03\/yogurt-production-line-1440x807.jpg 1024w\"\n                    sizes=\"(max-width: 600px) 300px, 1024px\"\n                  \/>\n                              <\/figure>\n              \n                              <div class=\"entry-text\">\n                  <h3>Yogurt<\/h3>\n<p>Aumenta significativamente la viscosidad y reduce la sin\u00e9resis<\/p>\n\n                <\/div>\n              \n                          <\/div><!--swiper-slide-->\n                                    <div class=\"w-full card-item\">\n                                        <figure>\n                                                    <img decoding=\"async\"\n                    src=\"https:\/\/calzaclemente.it\/app\/uploads\/2025\/03\/homemade-cheese-producer-produces-handmade-mozzarella-with-fresh-quality-milk-from-her-cows-sheep-morning-concept-tradition-italy-mozzarella-1-1-1440x960.jpg\"\n                    alt=\"\"\n                    srcset=\"https:\/\/calzaclemente.it\/app\/uploads\/2025\/03\/homemade-cheese-producer-produces-handmade-mozzarella-with-fresh-quality-milk-from-her-cows-sheep-morning-concept-tradition-italy-mozzarella-1-1-600x400.jpg 300w, https:\/\/calzaclemente.it\/app\/uploads\/2025\/03\/homemade-cheese-producer-produces-handmade-mozzarella-with-fresh-quality-milk-from-her-cows-sheep-morning-concept-tradition-italy-mozzarella-1-1-1440x960.jpg 1024w\"\n                    sizes=\"(max-width: 600px) 300px, 1024px\"\n                  \/>\n                              <\/figure>\n              \n                              <div class=\"entry-text\">\n                  <h3>Quesos<\/h3>\n<p>Aumenta el rendimiento quesero<\/p>\n\n                <\/div>\n              \n                          <\/div><!--swiper-slide-->\n          \n              <\/div>\n          <\/div>\n\n\n\n<div style=\"height:60px\" aria-hidden=\"true\" class=\"wp-block-spacer thor-hidden-sm\"><\/div>\n<\/div>\n\n<div class=\"wp-block-cover alignfull\" style=\"padding-right:30px;padding-left:30px\"><span aria-hidden=\"true\" class=\"wp-block-cover__background has-background-dim-100 has-background-dim wp-block-cover__gradient-background has-background-gradient\" style=\"background:linear-gradient(135deg,rgba(0,0,0,0.5) 0%,rgba(0,0,0,0.5) 100%)\"><\/span><img loading=\"lazy\" decoding=\"async\" width=\"2560\" height=\"1706\" class=\"wp-block-cover__image-background wp-image-177\" alt=\"\" src=\"https:\/\/calzaclemente.it\/app\/uploads\/2025\/01\/homemade-cheese-producer-produces-handmade-mozzarella-with-fresh-quality-milk-from-her-cows-sheep-morning-concept-tradition-italy-mozzarella-1-scaled.jpeg\" data-object-fit=\"cover\" srcset=\"https:\/\/calzaclemente.it\/app\/uploads\/2025\/01\/homemade-cheese-producer-produces-handmade-mozzarella-with-fresh-quality-milk-from-her-cows-sheep-morning-concept-tradition-italy-mozzarella-1-scaled.jpeg 2560w, https:\/\/calzaclemente.it\/app\/uploads\/2025\/01\/homemade-cheese-producer-produces-handmade-mozzarella-with-fresh-quality-milk-from-her-cows-sheep-morning-concept-tradition-italy-mozzarella-1-600x400.jpeg 600w, https:\/\/calzaclemente.it\/app\/uploads\/2025\/01\/homemade-cheese-producer-produces-handmade-mozzarella-with-fresh-quality-milk-from-her-cows-sheep-morning-concept-tradition-italy-mozzarella-1-1440x960.jpeg 1440w, https:\/\/calzaclemente.it\/app\/uploads\/2025\/01\/homemade-cheese-producer-produces-handmade-mozzarella-with-fresh-quality-milk-from-her-cows-sheep-morning-concept-tradition-italy-mozzarella-1-1024x682.jpeg 1024w, https:\/\/calzaclemente.it\/app\/uploads\/2025\/01\/homemade-cheese-producer-produces-handmade-mozzarella-with-fresh-quality-milk-from-her-cows-sheep-morning-concept-tradition-italy-mozzarella-1-1536x1024.jpeg 1536w, https:\/\/calzaclemente.it\/app\/uploads\/2025\/01\/homemade-cheese-producer-produces-handmade-mozzarella-with-fresh-quality-milk-from-her-cows-sheep-morning-concept-tradition-italy-mozzarella-1-2048x1365.jpeg 2048w, https:\/\/calzaclemente.it\/app\/uploads\/2025\/01\/homemade-cheese-producer-produces-handmade-mozzarella-with-fresh-quality-milk-from-her-cows-sheep-morning-concept-tradition-italy-mozzarella-1-70x47.jpeg 70w, https:\/\/calzaclemente.it\/app\/uploads\/2025\/01\/homemade-cheese-producer-produces-handmade-mozzarella-with-fresh-quality-milk-from-her-cows-sheep-morning-concept-tradition-italy-mozzarella-1-1920x1280.jpeg 1920w\" sizes=\"auto, (max-width: 2560px) 100vw, 2560px\" \/><div class=\"wp-block-cover__inner-container is-layout-constrained wp-container-core-cover-is-layout-7c3f3d2e wp-block-cover-is-layout-constrained\">\n<div class=\"wp-block-group thor-maxwidth-3xl is-layout-constrained wp-block-group-is-layout-constrained\">\n<div style=\"height:60px\" aria-hidden=\"true\" class=\"wp-block-spacer thor-hidden-sm thor-hidden-md\"><\/div>\n\n\n\n<div class=\"wp-block-columns thor-default is-layout-flex wp-container-core-columns-is-layout-33ba964e wp-block-columns-is-layout-flex\">\n<div class=\"wp-block-column is-layout-flow wp-block-column-is-layout-flow\" style=\"flex-basis:50%\">\n<div style=\"height:60px\" aria-hidden=\"true\" class=\"wp-block-spacer thor-hidden-sm thor-hidden-md\"><\/div>\n\n\n\n<p class=\"has-4-xl-font-size\">Desarrollar un producto con mejor textura<\/p>\n\n\n\n<p class=\"\">Si eres un productor de alimentos que lucha por desarrollar un producto con mejor textura, Calza Clemente se complace en anunciarte el ingrediente, basado en la experiencia, adecuado que te brinda la oportunidad de mejorar la textura con una soluci\u00f3n rentable y sostenible.<\/p>\n\n\n\n<p class=\"\">DairyPro 1600, la nueva formulaci\u00f3n l\u00edquida concentrada de Transglutaminasa, tiene efectos resonantes en <strong>la reducci\u00f3n de la sin\u00e9resis<\/strong> y <strong>el aumento de la viscosidad<\/strong> para una amplia gama de productos l\u00e1cteos. DairyPro 1600 puede ayudar a superar los desaf\u00edos en productos l\u00e1cteos bajos en grasa. <\/p>\n<\/div>\n\n\n\n<div class=\"wp-block-column is-layout-flow wp-block-column-is-layout-flow\" style=\"flex-basis:50%\"><\/div>\n<\/div>\n\n\n\n<div style=\"height:60px\" aria-hidden=\"true\" class=\"wp-block-spacer thor-hidden-sm thor-hidden-md\"><\/div>\n<\/div>\n<\/div><\/div>\n\n<div style=\"height:30px\" aria-hidden=\"true\" class=\"wp-block-spacer\"><\/div>\n\n<div style=\"height:60px\" aria-hidden=\"true\" class=\"wp-block-spacer thor-hidden-sm\"><\/div>\n\n<div class=\"wp-block-columns are-vertically-aligned-center thor-default is-layout-flex wp-container-core-columns-is-layout-0e0088bb wp-block-columns-is-layout-flex\" style=\"padding-top:30px;padding-bottom:30px\">\n<div class=\"wp-block-column is-vertically-aligned-center is-layout-flow wp-block-column-is-layout-flow\">\n<figure class=\"wp-block-image size-large has-custom-border\"><img loading=\"lazy\" decoding=\"async\" width=\"1440\" height=\"2160\" src=\"https:\/\/calzaclemente.it\/app\/uploads\/2025\/02\/quality-control-test-milk-laboratory-dairy-factory-industry-products-1440x2160.jpeg\" alt=\"\" class=\"wp-image-267\" style=\"border-radius:5px;aspect-ratio:1;object-fit:cover\" srcset=\"https:\/\/calzaclemente.it\/app\/uploads\/2025\/02\/quality-control-test-milk-laboratory-dairy-factory-industry-products-1440x2160.jpeg 1440w, https:\/\/calzaclemente.it\/app\/uploads\/2025\/02\/quality-control-test-milk-laboratory-dairy-factory-industry-products-600x900.jpeg 600w, https:\/\/calzaclemente.it\/app\/uploads\/2025\/02\/quality-control-test-milk-laboratory-dairy-factory-industry-products-1024x1536.jpeg 1024w, https:\/\/calzaclemente.it\/app\/uploads\/2025\/02\/quality-control-test-milk-laboratory-dairy-factory-industry-products-1366x2048.jpeg 1366w, https:\/\/calzaclemente.it\/app\/uploads\/2025\/02\/quality-control-test-milk-laboratory-dairy-factory-industry-products-70x105.jpeg 70w, https:\/\/calzaclemente.it\/app\/uploads\/2025\/02\/quality-control-test-milk-laboratory-dairy-factory-industry-products-1920x2880.jpeg 1920w, https:\/\/calzaclemente.it\/app\/uploads\/2025\/02\/quality-control-test-milk-laboratory-dairy-factory-industry-products-scaled.jpeg 1707w\" sizes=\"auto, (max-width: 1440px) 100vw, 1440px\" \/><\/figure>\n<\/div>\n\n\n\n<div class=\"wp-block-column is-vertically-aligned-center is-layout-flow wp-block-column-is-layout-flow\">\n<div class=\"wp-block-columns thor-default is-layout-flex wp-container-core-columns-is-layout-aca22cf8 wp-block-columns-is-layout-flex\">\n<div class=\"wp-block-column thor-hidden-sm thor-hidden-md thor-hidden-lg is-layout-flow wp-block-column-is-layout-flow\" style=\"flex-basis:110px\"><\/div>\n\n\n\n<div class=\"wp-block-column is-layout-flow wp-block-column-is-layout-flow\">\n<h2 class=\"wp-block-heading\">Tu Nueva Soluci\u00f3n F\u00e1cil de Usar para la Texturizaci\u00f3n<\/h2>\n\n\n\n<ul class=\"wp-block-list is-style-checked-list\">\n<li class=\"\">F\u00e1cil de usar<\/li>\n\n\n\n<li class=\"\">Soluci\u00f3n amigable con el etiquetado<\/li>\n\n\n\n<li class=\"\">Calidad y seguridad superiores<\/li>\n\n\n\n<li class=\"\">Herramienta rentable para mejorar la textura<\/li>\n<\/ul>\n<\/div>\n\n\n\n<div class=\"wp-block-column thor-hidden-sm thor-hidden-md thor-hidden-lg is-layout-flow wp-block-column-is-layout-flow\" style=\"flex-basis:110px\"><\/div>\n<\/div>\n<\/div>\n<\/div>\n\n<div style=\"height:30px\" aria-hidden=\"true\" class=\"wp-block-spacer\"><\/div>\n\n<div style=\"height:60px\" aria-hidden=\"true\" class=\"wp-block-spacer thor-hidden-sm\"><\/div>\n","protected":false},"excerpt":{"rendered":"<p>Sistema Inteligente de Texturizaci\u00f3n<\/p>\n","protected":false},"author":1,"featured_media":1961,"parent":1969,"menu_order":0,"template":"","class_list":["post-2016","product","type-product","status-publish","has-post-thumbnail","hentry"],"acf":[],"_links":{"self":[{"href":"https:\/\/calzaclemente.it\/es\/wp-json\/wp\/v2\/product\/2016","targetHints":{"allow":["GET"]}}],"collection":[{"href":"https:\/\/calzaclemente.it\/es\/wp-json\/wp\/v2\/product"}],"about":[{"href":"https:\/\/calzaclemente.it\/es\/wp-json\/wp\/v2\/types\/product"}],"author":[{"embeddable":true,"href":"https:\/\/calzaclemente.it\/es\/wp-json\/wp\/v2\/users\/1"}],"up":[{"embeddable":true,"href":"https:\/\/calzaclemente.it\/es\/wp-json\/wp\/v2\/product\/1969"}],"wp:featuredmedia":[{"embeddable":true,"href":"https:\/\/calzaclemente.it\/es\/wp-json\/wp\/v2\/media\/1961"}],"wp:attachment":[{"href":"https:\/\/calzaclemente.it\/es\/wp-json\/wp\/v2\/media?parent=2016"}],"curies":[{"name":"wp","href":"https:\/\/api.w.org\/{rel}","templated":true}]}}