{"id":2010,"date":"2025-03-10T15:47:24","date_gmt":"2025-03-10T14:47:24","guid":{"rendered":"https:\/\/calzaclemente.it\/products\/enzimas\/cuajo-natural\/"},"modified":"2025-07-29T10:47:39","modified_gmt":"2025-07-29T08:47:39","slug":"cuajo-natural","status":"publish","type":"product","link":"https:\/\/calzaclemente.it\/es\/products\/enzimas\/cuajo-natural\/","title":{"rendered":"Cuajo natural"},"content":{"rendered":"\n<div class=\"wp-block-cover alignfull is-light has-custom-content-position is-position-top-center has-white-color has-text-color has-link-color wp-elements-2bbb0831a6815cd19ce8866d0321d1fa\" style=\"padding-right:15px;padding-left:15px\" id=\"hero\"><span aria-hidden=\"true\" class=\"wp-block-cover__background has-neutral-800-background-color has-background-dim-40 has-background-dim\"><\/span><img loading=\"lazy\" decoding=\"async\" width=\"2560\" height=\"1707\" src=\"https:\/\/calzaclemente.it\/app\/uploads\/2025\/03\/employees-private-cheese-factory-production-scaled.jpg\" class=\"wp-block-cover__image-background wp-post-image\" alt=\"Caglio naturale\" data-object-fit=\"cover\" srcset=\"https:\/\/calzaclemente.it\/app\/uploads\/2025\/03\/employees-private-cheese-factory-production-scaled.jpg 2560w, https:\/\/calzaclemente.it\/app\/uploads\/2025\/03\/employees-private-cheese-factory-production-600x400.jpg 600w, https:\/\/calzaclemente.it\/app\/uploads\/2025\/03\/employees-private-cheese-factory-production-1440x960.jpg 1440w, https:\/\/calzaclemente.it\/app\/uploads\/2025\/03\/employees-private-cheese-factory-production-1024x683.jpg 1024w, https:\/\/calzaclemente.it\/app\/uploads\/2025\/03\/employees-private-cheese-factory-production-1536x1024.jpg 1536w, https:\/\/calzaclemente.it\/app\/uploads\/2025\/03\/employees-private-cheese-factory-production-2048x1365.jpg 2048w, https:\/\/calzaclemente.it\/app\/uploads\/2025\/03\/employees-private-cheese-factory-production-70x47.jpg 70w, https:\/\/calzaclemente.it\/app\/uploads\/2025\/03\/employees-private-cheese-factory-production-1920x1280.jpg 1920w\" sizes=\"auto, (max-width: 2560px) 100vw, 2560px\" \/><div class=\"wp-block-cover__inner-container is-layout-constrained wp-container-core-cover-is-layout-3467996f wp-block-cover-is-layout-constrained\">\n<div class=\"wp-block-group thor-maxwidth-3xl has-link-color wp-elements-df2ed51a40bed9922db979207b19ba26 is-layout-constrained wp-block-group-is-layout-constrained\"><nav aria-label=\"breadcrumbs\" class=\"rank-math-breadcrumb\"><p><span class=\"last\">Home<\/span><\/p><\/nav>\n\n\n<h1 class=\"wp-block-post-title\">Cuajo natural<\/h1><\/div>\n<\/div><\/div>\n\n<div style=\"height:60px\" aria-hidden=\"true\" class=\"wp-block-spacer thor-hidden-sm\"><\/div>\n\n<div class=\"wp-block-columns are-vertically-aligned-center thor-default is-layout-flex wp-container-core-columns-is-layout-0e0088bb wp-block-columns-is-layout-flex\" style=\"padding-top:30px;padding-bottom:30px\">\n<div class=\"wp-block-column is-vertically-aligned-center is-layout-flow wp-block-column-is-layout-flow\">\n<figure class=\"wp-block-image size-large has-custom-border\"><img loading=\"lazy\" decoding=\"async\" width=\"1440\" height=\"960\" src=\"https:\/\/calzaclemente.it\/app\/uploads\/2025\/01\/2148432576-1440x960.jpg\" alt=\"\" class=\"wp-image-1104\" style=\"border-radius:5px;aspect-ratio:4\/3;object-fit:cover\" srcset=\"https:\/\/calzaclemente.it\/app\/uploads\/2025\/01\/2148432576-1440x960.jpg 1440w, https:\/\/calzaclemente.it\/app\/uploads\/2025\/01\/2148432576-600x400.jpg 600w, https:\/\/calzaclemente.it\/app\/uploads\/2025\/01\/2148432576-1024x683.jpg 1024w, https:\/\/calzaclemente.it\/app\/uploads\/2025\/01\/2148432576-70x47.jpg 70w, https:\/\/calzaclemente.it\/app\/uploads\/2025\/01\/2148432576.jpg 1500w\" sizes=\"auto, (max-width: 1440px) 100vw, 1440px\" \/><\/figure>\n<\/div>\n\n\n\n<div class=\"wp-block-column is-vertically-aligned-center is-layout-flow wp-block-column-is-layout-flow\">\n<div class=\"wp-block-columns thor-default is-layout-flex wp-container-core-columns-is-layout-aca22cf8 wp-block-columns-is-layout-flex\">\n<div class=\"wp-block-column thor-hidden-sm thor-hidden-md thor-hidden-lg is-layout-flow wp-block-column-is-layout-flow\" style=\"flex-basis:110px\"><\/div>\n\n\n\n<div class=\"wp-block-column is-layout-flow wp-block-column-is-layout-flow\">\n<h2 class=\"wp-block-heading\">D\u00e9cadas de experiencia<\/h2>\n\n\n\n<p class=\"\">Los tipos de cuajo de origen animal, presentes naturalmente en la naturaleza para interactuar con la leche, son los que a\u00fan proporcionan los mejores resultados tanto cualitativa como financieramente. <\/p>\n\n\n\n<p class=\"\">Estos cuajos producen productos de alta calidad con una estructura y aroma superiores, asegurando una experiencia sensorial deliciosa. <\/p>\n\n\n\n<p class=\"\">Adem\u00e1s, ofrecen beneficios financieros significativos, incluyendo un alto rendimiento de queso y una excelente retenci\u00f3n de l\u00edquidos, lo que los convierte en una opci\u00f3n rentable para la producci\u00f3n de queso. <\/p>\n\n\n\n<p class=\"\">Al elegir cuajo de origen animal, est\u00e1s optando por una soluci\u00f3n que mejora tanto la calidad como la rentabilidad de tus productos l\u00e1cteos.<\/p>\n<\/div>\n\n\n\n<div class=\"wp-block-column thor-hidden-sm thor-hidden-md thor-hidden-lg is-layout-flow wp-block-column-is-layout-flow\" style=\"flex-basis:110px\"><\/div>\n<\/div>\n<\/div>\n<\/div>\n\n<div style=\"height:60px\" aria-hidden=\"true\" class=\"wp-block-spacer thor-hidden-sm\"><\/div>\n\n<div class=\"wp-block-group alignfull thor-maxwidth-default has-neutral-300-background-color has-background is-layout-constrained wp-block-group-is-layout-constrained\" style=\"padding-top:30px;padding-bottom:30px\">\n<div style=\"height:60px\" aria-hidden=\"true\" class=\"wp-block-spacer thor-hidden-sm\"><\/div>\n\n\n\n<h3 class=\"wp-block-heading\">Nuestra cartera<\/h3>\n\n\n<div id=\"thor-block_338356a2c3ee5316777f861867d12f67\" class=\"thor-cards-slider layout-list align wp-block-acf-cards-slider\">\n\n  \n                  <div class=\"cards-list\">\n                                          <div class=\"w-full card-item\">\n                                        <figure>\n                                                    <img decoding=\"async\"\n                    src=\"https:\/\/calzaclemente.it\/app\/uploads\/2025\/03\/u5688888656_When_it_comes_to_cheese_two_names_frequently_appe_98748a55-8a1c-4561-a618-4fe09be6f494_3.png\"\n                    alt=\"\"\n                    srcset=\"https:\/\/calzaclemente.it\/app\/uploads\/2025\/03\/u5688888656_When_it_comes_to_cheese_two_names_frequently_appe_98748a55-8a1c-4561-a618-4fe09be6f494_3-600x600.png 300w, https:\/\/calzaclemente.it\/app\/uploads\/2025\/03\/u5688888656_When_it_comes_to_cheese_two_names_frequently_appe_98748a55-8a1c-4561-a618-4fe09be6f494_3.png 1024w\"\n                    sizes=\"(max-width: 600px) 300px, 1024px\"\n                  \/>\n                              <\/figure>\n              \n                              <div class=\"entry-text\">\n                  <h3>Cuajo de ternera<\/h3>\n<p>Producci\u00f3n de los mejores quesos, desde la mozzarella hasta el Parmigiano-Reggiano<\/p>\n\n                <\/div>\n              \n                          <\/div><!--swiper-slide-->\n                                    <div class=\"w-full card-item\">\n                                        <figure>\n                                                    <img decoding=\"async\"\n                    src=\"https:\/\/calzaclemente.it\/app\/uploads\/2025\/03\/istockphoto-1215395450-1024x1024-1.jpg\"\n                    alt=\"\"\n                    srcset=\"https:\/\/calzaclemente.it\/app\/uploads\/2025\/03\/istockphoto-1215395450-1024x1024-1-600x664.jpg 300w, https:\/\/calzaclemente.it\/app\/uploads\/2025\/03\/istockphoto-1215395450-1024x1024-1.jpg 1024w\"\n                    sizes=\"(max-width: 600px) 300px, 1024px\"\n                  \/>\n                              <\/figure>\n              \n                              <div class=\"entry-text\">\n                  <h3>Cuajo de cabrito<\/h3>\n<p>Caracter\u00edsticas organol\u00e9pticas \u00fanicas<\/p>\n\n                <\/div>\n              \n                          <\/div><!--swiper-slide-->\n                                    <div class=\"w-full card-item\">\n                                        <figure>\n                                                    <img decoding=\"async\"\n                    src=\"https:\/\/calzaclemente.it\/app\/uploads\/2025\/03\/depositphotos_150952590-stock-photo-cheese-platter-of-chopped-spanish.webp\"\n                    alt=\"\"\n                    srcset=\"https:\/\/calzaclemente.it\/app\/uploads\/2025\/03\/depositphotos_150952590-stock-photo-cheese-platter-of-chopped-spanish.webp 300w, https:\/\/calzaclemente.it\/app\/uploads\/2025\/03\/depositphotos_150952590-stock-photo-cheese-platter-of-chopped-spanish.webp 1024w\"\n                    sizes=\"(max-width: 600px) 300px, 1024px\"\n                  \/>\n                              <\/figure>\n              \n                              <div class=\"entry-text\">\n                  <h3>Cuajo de cordero<\/h3>\n<p>Un sello distintivo para su producci\u00f3n<\/p>\n\n                <\/div>\n              \n                          <\/div><!--swiper-slide-->\n          \n              <\/div>\n          <\/div>\n\n\n\n<div style=\"height:60px\" aria-hidden=\"true\" class=\"wp-block-spacer thor-hidden-sm\"><\/div>\n<\/div>\n\n<div class=\"wp-block-cover alignfull\" style=\"padding-right:30px;padding-left:30px\"><span aria-hidden=\"true\" class=\"wp-block-cover__background has-background-dim-100 has-background-dim wp-block-cover__gradient-background has-background-gradient\" style=\"background:linear-gradient(135deg,rgba(0,0,0,0.5) 0%,rgba(0,0,0,0.5) 100%)\"><\/span><img loading=\"lazy\" decoding=\"async\" width=\"2500\" height=\"1515\" class=\"wp-block-cover__image-background wp-image-1225\" alt=\"\" src=\"https:\/\/calzaclemente.it\/app\/uploads\/2025\/03\/20210315094206-pecorino-sardo.jpg\" data-object-fit=\"cover\" srcset=\"https:\/\/calzaclemente.it\/app\/uploads\/2025\/03\/20210315094206-pecorino-sardo.jpg 2500w, https:\/\/calzaclemente.it\/app\/uploads\/2025\/03\/20210315094206-pecorino-sardo-600x364.jpg 600w, https:\/\/calzaclemente.it\/app\/uploads\/2025\/03\/20210315094206-pecorino-sardo-1440x873.jpg 1440w, https:\/\/calzaclemente.it\/app\/uploads\/2025\/03\/20210315094206-pecorino-sardo-1024x621.jpg 1024w, https:\/\/calzaclemente.it\/app\/uploads\/2025\/03\/20210315094206-pecorino-sardo-1536x931.jpg 1536w, https:\/\/calzaclemente.it\/app\/uploads\/2025\/03\/20210315094206-pecorino-sardo-2048x1241.jpg 2048w, https:\/\/calzaclemente.it\/app\/uploads\/2025\/03\/20210315094206-pecorino-sardo-70x42.jpg 70w, https:\/\/calzaclemente.it\/app\/uploads\/2025\/03\/20210315094206-pecorino-sardo-1920x1164.jpg 1920w\" sizes=\"auto, (max-width: 2500px) 100vw, 2500px\" \/><div class=\"wp-block-cover__inner-container is-layout-constrained wp-container-core-cover-is-layout-7c3f3d2e wp-block-cover-is-layout-constrained\">\n<div class=\"wp-block-group thor-maxwidth-3xl is-layout-constrained wp-block-group-is-layout-constrained\">\n<div style=\"height:60px\" aria-hidden=\"true\" class=\"wp-block-spacer thor-hidden-sm thor-hidden-md\"><\/div>\n\n\n\n<div class=\"wp-block-columns thor-default is-layout-flex wp-container-core-columns-is-layout-33ba964e wp-block-columns-is-layout-flex\">\n<div class=\"wp-block-column is-layout-flow wp-block-column-is-layout-flow\" style=\"flex-basis:50%\">\n<div style=\"height:60px\" aria-hidden=\"true\" class=\"wp-block-spacer thor-hidden-sm thor-hidden-md\"><\/div>\n\n\n\n<p class=\"has-4-xl-font-size\">La fortaleza de Calza Clemente, perfeccionada a lo largo de d\u00e9cadas de experiencia, reside en nuestra experiencia en la mezcla de materias primas de diversos or\u00edgenes, cada una con caracter\u00edsticas \u00fanicas.<\/p>\n\n\n\n<p class=\"\">Nuestros productos est\u00e1n disponibles en varias formulaciones y provienen de diferentes fuentes, incluyendo ternero, cabrito y cordero. Esta versatilidad nos permite atender una amplia gama de preferencias y requisitos, asegurando que nuestros clientes reciban productos de la m\u00e1s alta calidad adaptados a sus necesidades espec\u00edficas.<\/p>\n<\/div>\n\n\n\n<div class=\"wp-block-column is-layout-flow wp-block-column-is-layout-flow\" style=\"flex-basis:50%\"><\/div>\n<\/div>\n\n\n\n<div style=\"height:60px\" aria-hidden=\"true\" class=\"wp-block-spacer thor-hidden-sm thor-hidden-md\"><\/div>\n<\/div>\n<\/div><\/div>\n\n<div style=\"height:30px\" aria-hidden=\"true\" class=\"wp-block-spacer\"><\/div>\n\n<div style=\"height:60px\" aria-hidden=\"true\" class=\"wp-block-spacer thor-hidden-sm\"><\/div>\n\n<div class=\"wp-block-columns are-vertically-aligned-center thor-default is-layout-flex wp-container-core-columns-is-layout-0e0088bb wp-block-columns-is-layout-flex\" style=\"padding-top:30px;padding-bottom:30px\">\n<div class=\"wp-block-column is-vertically-aligned-center is-layout-flow wp-block-column-is-layout-flow\">\n<figure class=\"wp-block-image size-full has-custom-border\"><img loading=\"lazy\" decoding=\"async\" width=\"612\" height=\"683\" src=\"https:\/\/calzaclemente.it\/app\/uploads\/2025\/03\/istockphoto-163184130-1024x1024-1.jpg\" alt=\"\" class=\"wp-image-1227\" style=\"border-radius:5px;aspect-ratio:1;object-fit:cover\" srcset=\"https:\/\/calzaclemente.it\/app\/uploads\/2025\/03\/istockphoto-163184130-1024x1024-1.jpg 612w, https:\/\/calzaclemente.it\/app\/uploads\/2025\/03\/istockphoto-163184130-1024x1024-1-600x670.jpg 600w, https:\/\/calzaclemente.it\/app\/uploads\/2025\/03\/istockphoto-163184130-1024x1024-1-70x78.jpg 70w\" sizes=\"auto, (max-width: 612px) 100vw, 612px\" \/><\/figure>\n<\/div>\n\n\n\n<div class=\"wp-block-column is-vertically-aligned-center is-layout-flow wp-block-column-is-layout-flow\">\n<div class=\"wp-block-columns thor-default is-layout-flex wp-container-core-columns-is-layout-aca22cf8 wp-block-columns-is-layout-flex\">\n<div class=\"wp-block-column thor-hidden-sm thor-hidden-md thor-hidden-lg is-layout-flow wp-block-column-is-layout-flow\" style=\"flex-basis:110px\"><\/div>\n\n\n\n<div class=\"wp-block-column is-layout-flow wp-block-column-is-layout-flow\">\n<h2 class=\"wp-block-heading\">Experiencia <br\/>y conocimientos t\u00e9cnicos<\/h2>\n\n\n\n<p class=\"\">Gracias a d\u00e9cadas de experiencia, este conocimiento nos permite lograr los resultados deseados para nuestros clientes.<\/p>\n\n\n\n<ul class=\"wp-block-list is-style-checked-list\">\n<li class=\"\">Desarrollo de aroma<\/li>\n\n\n\n<li class=\"\">Sabor espec\u00edfico durante los tiempos de maduraci\u00f3n<\/li>\n<\/ul>\n<\/div>\n\n\n\n<div class=\"wp-block-column thor-hidden-sm thor-hidden-md thor-hidden-lg is-layout-flow wp-block-column-is-layout-flow\" style=\"flex-basis:110px\"><\/div>\n<\/div>\n<\/div>\n<\/div>\n\n<div style=\"height:30px\" aria-hidden=\"true\" class=\"wp-block-spacer\"><\/div>\n\n<div style=\"height:60px\" aria-hidden=\"true\" class=\"wp-block-spacer thor-hidden-sm\"><\/div>\n","protected":false},"excerpt":{"rendered":"<p>D\u00e9cadas de experiencia<\/p>\n","protected":false},"author":1,"featured_media":1983,"parent":1969,"menu_order":0,"template":"","class_list":["post-2010","product","type-product","status-publish","has-post-thumbnail","hentry"],"acf":[],"_links":{"self":[{"href":"https:\/\/calzaclemente.it\/es\/wp-json\/wp\/v2\/product\/2010","targetHints":{"allow":["GET"]}}],"collection":[{"href":"https:\/\/calzaclemente.it\/es\/wp-json\/wp\/v2\/product"}],"about":[{"href":"https:\/\/calzaclemente.it\/es\/wp-json\/wp\/v2\/types\/product"}],"author":[{"embeddable":true,"href":"https:\/\/calzaclemente.it\/es\/wp-json\/wp\/v2\/users\/1"}],"up":[{"embeddable":true,"href":"https:\/\/calzaclemente.it\/es\/wp-json\/wp\/v2\/product\/1969"}],"wp:featuredmedia":[{"embeddable":true,"href":"https:\/\/calzaclemente.it\/es\/wp-json\/wp\/v2\/media\/1983"}],"wp:attachment":[{"href":"https:\/\/calzaclemente.it\/es\/wp-json\/wp\/v2\/media?parent=2010"}],"curies":[{"name":"wp","href":"https:\/\/api.w.org\/{rel}","templated":true}]}}