{"id":2000,"date":"2025-03-08T16:00:29","date_gmt":"2025-03-08T15:00:29","guid":{"rendered":"https:\/\/calzaclemente.it\/products\/enzimas\/lipasa\/"},"modified":"2025-07-28T10:10:58","modified_gmt":"2025-07-28T08:10:58","slug":"lipasa","status":"publish","type":"product","link":"https:\/\/calzaclemente.it\/es\/products\/enzimas\/lipasa\/","title":{"rendered":"Lipasa"},"content":{"rendered":"\n<div class=\"wp-block-cover alignfull is-light has-custom-content-position is-position-top-center has-white-color has-text-color has-link-color wp-elements-2bbb0831a6815cd19ce8866d0321d1fa\" style=\"padding-right:15px;padding-left:15px\" id=\"hero\"><span aria-hidden=\"true\" class=\"wp-block-cover__background has-neutral-800-background-color has-background-dim-40 has-background-dim\"><\/span><img loading=\"lazy\" decoding=\"async\" width=\"1100\" height=\"734\" src=\"https:\/\/calzaclemente.it\/app\/uploads\/2025\/03\/a-variety-of-cheeses-on-a-wooden-table-for-article-about-cholesterol.jpg\" class=\"wp-block-cover__image-background wp-post-image\" alt=\"\" data-object-fit=\"cover\" srcset=\"https:\/\/calzaclemente.it\/app\/uploads\/2025\/03\/a-variety-of-cheeses-on-a-wooden-table-for-article-about-cholesterol.jpg 1100w, https:\/\/calzaclemente.it\/app\/uploads\/2025\/03\/a-variety-of-cheeses-on-a-wooden-table-for-article-about-cholesterol-600x400.jpg 600w, https:\/\/calzaclemente.it\/app\/uploads\/2025\/03\/a-variety-of-cheeses-on-a-wooden-table-for-article-about-cholesterol-1024x683.jpg 1024w, https:\/\/calzaclemente.it\/app\/uploads\/2025\/03\/a-variety-of-cheeses-on-a-wooden-table-for-article-about-cholesterol-70x47.jpg 70w\" sizes=\"auto, (max-width: 1100px) 100vw, 1100px\" \/><div class=\"wp-block-cover__inner-container is-layout-constrained wp-container-core-cover-is-layout-3467996f wp-block-cover-is-layout-constrained\">\n<div class=\"wp-block-group thor-maxwidth-3xl has-link-color wp-elements-df2ed51a40bed9922db979207b19ba26 is-layout-constrained wp-block-group-is-layout-constrained\"><nav aria-label=\"breadcrumbs\" class=\"rank-math-breadcrumb\"><p><span class=\"last\">Home<\/span><\/p><\/nav>\n\n\n<h1 class=\"wp-block-post-title\">Lipasa<\/h1><\/div>\n<\/div><\/div>\n\n<div style=\"height:60px\" aria-hidden=\"true\" class=\"wp-block-spacer thor-hidden-sm\"><\/div>\n\n<div class=\"wp-block-columns are-vertically-aligned-center thor-default is-layout-flex wp-container-core-columns-is-layout-0e0088bb wp-block-columns-is-layout-flex\" style=\"padding-top:30px;padding-bottom:30px\">\n<div class=\"wp-block-column is-vertically-aligned-center is-layout-flow wp-block-column-is-layout-flow\">\n<figure class=\"wp-block-image size-full has-custom-border\"><img loading=\"lazy\" decoding=\"async\" width=\"1280\" height=\"852\" src=\"https:\/\/calzaclemente.it\/app\/uploads\/2025\/03\/cheese-3463368_1280-1.avif\" alt=\"\" class=\"wp-image-1272\" style=\"border-radius:5px;aspect-ratio:4\/3;object-fit:cover\" srcset=\"https:\/\/calzaclemente.it\/app\/uploads\/2025\/03\/cheese-3463368_1280-1.avif 1280w, https:\/\/calzaclemente.it\/app\/uploads\/2025\/03\/cheese-3463368_1280-1-600x399.avif 600w, https:\/\/calzaclemente.it\/app\/uploads\/2025\/03\/cheese-3463368_1280-1-1024x682.avif 1024w, https:\/\/calzaclemente.it\/app\/uploads\/2025\/03\/cheese-3463368_1280-1-70x47.avif 70w\" sizes=\"auto, (max-width: 1280px) 100vw, 1280px\" \/><\/figure>\n<\/div>\n\n\n\n<div class=\"wp-block-column is-vertically-aligned-center is-layout-flow wp-block-column-is-layout-flow\">\n<div class=\"wp-block-columns thor-default is-layout-flex wp-container-core-columns-is-layout-aca22cf8 wp-block-columns-is-layout-flex\">\n<div class=\"wp-block-column thor-hidden-sm thor-hidden-md thor-hidden-lg is-layout-flow wp-block-column-is-layout-flow\" style=\"flex-basis:110px\"><\/div>\n\n\n\n<div class=\"wp-block-column is-layout-flow wp-block-column-is-layout-flow\">\n<h2 class=\"wp-block-heading\">La forma de mejorar la intensidad del sabor.<\/h2>\n\n\n\n<p class=\"\">El uso de lipasas en la industria l\u00e1ctea es esencial para crear sabores \u00fanicos en el queso al descomponer la grasa de la leche y liberar \u00e1cidos grasos libres. <\/p>\n\n\n\n<p class=\"\">Este proceso contribuye a los sabores deseados y complejos en el queso. Adem\u00e1s, las lipasas ayudan a acelerar la maduraci\u00f3n del queso, reduciendo el tiempo de producci\u00f3n mientras se mantiene una alta calidad.  <\/p>\n\n\n\n<p class=\"\">Esto hace que las lipasas sean una herramienta valiosa en el procesamiento l\u00e1cteo moderno, atendiendo a los gustos y preferencias de los consumidores en evoluci\u00f3n.<\/p>\n<\/div>\n\n\n\n<div class=\"wp-block-column thor-hidden-sm thor-hidden-md thor-hidden-lg is-layout-flow wp-block-column-is-layout-flow\" style=\"flex-basis:110px\"><\/div>\n<\/div>\n<\/div>\n<\/div>\n\n<div style=\"height:60px\" aria-hidden=\"true\" class=\"wp-block-spacer thor-hidden-sm\"><\/div>\n\n<div class=\"wp-block-group alignfull thor-maxwidth-default has-neutral-300-background-color has-background is-layout-constrained wp-block-group-is-layout-constrained\" style=\"padding-top:30px;padding-bottom:30px\">\n<div style=\"height:60px\" aria-hidden=\"true\" class=\"wp-block-spacer thor-hidden-sm\"><\/div>\n\n\n\n<h3 class=\"wp-block-heading\">Nuestra cartera<\/h3>\n\n\n<div id=\"thor-block_a7967fd79772b3a28a1ee90f962b8b6a\" class=\"thor-cards-slider layout-list align wp-block-acf-cards-slider\">\n\n  \n                  <div class=\"cards-list\">\n                                          <div class=\"w-full card-item\">\n                                        <figure>\n                                                    <img decoding=\"async\"\n                    src=\"https:\/\/calzaclemente.it\/app\/uploads\/2025\/03\/cheese-type-provolone.webp\"\n                    alt=\"\"\n                    srcset=\"https:\/\/calzaclemente.it\/app\/uploads\/2025\/03\/cheese-type-provolone.webp 300w, https:\/\/calzaclemente.it\/app\/uploads\/2025\/03\/cheese-type-provolone.webp 1024w\"\n                    sizes=\"(max-width: 600px) 300px, 1024px\"\n                  \/>\n                              <\/figure>\n              \n                              <div class=\"entry-text\">\n                  <h3>Lipasa de ternera<\/h3>\n<p>Mejora el sabor<\/p>\n\n                <\/div>\n              \n                          <\/div><!--swiper-slide-->\n                                    <div class=\"w-full card-item\">\n                                        <figure>\n                                                    <img decoding=\"async\"\n                    src=\"https:\/\/calzaclemente.it\/app\/uploads\/2025\/03\/top-view-tasty-snacks-table-1440x960.jpg\"\n                    alt=\"\"\n                    srcset=\"https:\/\/calzaclemente.it\/app\/uploads\/2025\/03\/top-view-tasty-snacks-table-600x400.jpg 300w, https:\/\/calzaclemente.it\/app\/uploads\/2025\/03\/top-view-tasty-snacks-table-1440x960.jpg 1024w\"\n                    sizes=\"(max-width: 600px) 300px, 1024px\"\n                  \/>\n                              <\/figure>\n              \n                              <div class=\"entry-text\">\n                  <h3>Lipasa de cabrito<\/h3>\n<p>Potencia el aroma tradicional<\/p>\n\n                <\/div>\n              \n                          <\/div><!--swiper-slide-->\n                                    <div class=\"w-full card-item\">\n                                        <figure>\n                                                    <img decoding=\"async\"\n                    src=\"https:\/\/calzaclemente.it\/app\/uploads\/2025\/03\/Simple-feta-cheese.jpg\"\n                    alt=\"\"\n                    srcset=\"https:\/\/calzaclemente.it\/app\/uploads\/2025\/03\/Simple-feta-cheese-600x336.jpg 300w, https:\/\/calzaclemente.it\/app\/uploads\/2025\/03\/Simple-feta-cheese.jpg 1024w\"\n                    sizes=\"(max-width: 600px) 300px, 1024px\"\n                  \/>\n                              <\/figure>\n              \n                              <div class=\"entry-text\">\n                  <h3>Lipasa de cordero<\/h3>\n<p>Aporte de sabores aut\u00e9nticos a tus productos l\u00e1cteos<\/p>\n\n                <\/div>\n              \n                          <\/div><!--swiper-slide-->\n          \n              <\/div>\n          <\/div>\n\n\n\n<div style=\"height:60px\" aria-hidden=\"true\" class=\"wp-block-spacer thor-hidden-sm\"><\/div>\n<\/div>\n\n<div class=\"wp-block-cover alignfull\" style=\"padding-right:30px;padding-left:30px\"><span aria-hidden=\"true\" class=\"wp-block-cover__background has-background-dim-100 has-background-dim wp-block-cover__gradient-background has-background-gradient\" style=\"background:linear-gradient(135deg,rgba(0,0,0,0.5) 0%,rgba(0,0,0,0.5) 100%)\"><\/span><img loading=\"lazy\" decoding=\"async\" width=\"1280\" height=\"780\" class=\"wp-block-cover__image-background wp-image-1280\" alt=\"\" src=\"https:\/\/calzaclemente.it\/app\/uploads\/2025\/03\/ba7619156bd50b738c539a98299675cd_slidexb.jpg\" data-object-fit=\"cover\" srcset=\"https:\/\/calzaclemente.it\/app\/uploads\/2025\/03\/ba7619156bd50b738c539a98299675cd_slidexb.jpg 1280w, https:\/\/calzaclemente.it\/app\/uploads\/2025\/03\/ba7619156bd50b738c539a98299675cd_slidexb-600x366.jpg 600w, https:\/\/calzaclemente.it\/app\/uploads\/2025\/03\/ba7619156bd50b738c539a98299675cd_slidexb-1024x624.jpg 1024w, https:\/\/calzaclemente.it\/app\/uploads\/2025\/03\/ba7619156bd50b738c539a98299675cd_slidexb-70x43.jpg 70w\" sizes=\"auto, (max-width: 1280px) 100vw, 1280px\" \/><div class=\"wp-block-cover__inner-container is-layout-constrained wp-container-core-cover-is-layout-7c3f3d2e wp-block-cover-is-layout-constrained\">\n<div class=\"wp-block-group thor-maxwidth-3xl is-layout-constrained wp-block-group-is-layout-constrained\">\n<div style=\"height:60px\" aria-hidden=\"true\" class=\"wp-block-spacer thor-hidden-sm thor-hidden-md\"><\/div>\n\n\n\n<div class=\"wp-block-columns thor-default is-layout-flex wp-container-core-columns-is-layout-33ba964e wp-block-columns-is-layout-flex\">\n<div class=\"wp-block-column is-layout-flow wp-block-column-is-layout-flow\" style=\"flex-basis:50%\">\n<div style=\"height:60px\" aria-hidden=\"true\" class=\"wp-block-spacer thor-hidden-sm thor-hidden-md\"><\/div>\n\n\n\n<p class=\"has-4-xl-font-size\">El uso de lipasas espec\u00edficas permite un control preciso sobre el perfil de sabor del queso, permitiendo a los fabricantes de queso crear una variedad de experiencias de sabor, incluyendo picor y aroma.<\/p>\n\n\n\n<p class=\"\">Esta versatilidad es valiosa para la elaboraci\u00f3n de quesos especiales que destacan en el mercado.<\/p>\n<\/div>\n\n\n\n<div class=\"wp-block-column is-layout-flow wp-block-column-is-layout-flow\" style=\"flex-basis:50%\"><\/div>\n<\/div>\n\n\n\n<div style=\"height:60px\" aria-hidden=\"true\" class=\"wp-block-spacer thor-hidden-sm thor-hidden-md\"><\/div>\n<\/div>\n<\/div><\/div>\n\n<div style=\"height:30px\" aria-hidden=\"true\" class=\"wp-block-spacer\"><\/div>\n\n<div style=\"height:60px\" aria-hidden=\"true\" class=\"wp-block-spacer thor-hidden-sm\"><\/div>\n\n<div class=\"wp-block-columns are-vertically-aligned-center thor-default is-layout-flex wp-container-core-columns-is-layout-0e0088bb wp-block-columns-is-layout-flex\" style=\"padding-top:30px;padding-bottom:30px\">\n<div class=\"wp-block-column is-vertically-aligned-center is-layout-flow wp-block-column-is-layout-flow\">\n<figure class=\"wp-block-image size-large has-custom-border\"><img loading=\"lazy\" decoding=\"async\" width=\"1440\" height=\"960\" src=\"https:\/\/calzaclemente.it\/app\/uploads\/2025\/03\/scientific-research-with-chemicals-solids-laboratory-1440x960.jpg\" alt=\"\" class=\"wp-image-1282\" style=\"border-radius:5px;aspect-ratio:1;object-fit:cover\" srcset=\"https:\/\/calzaclemente.it\/app\/uploads\/2025\/03\/scientific-research-with-chemicals-solids-laboratory-1440x960.jpg 1440w, https:\/\/calzaclemente.it\/app\/uploads\/2025\/03\/scientific-research-with-chemicals-solids-laboratory-600x400.jpg 600w, https:\/\/calzaclemente.it\/app\/uploads\/2025\/03\/scientific-research-with-chemicals-solids-laboratory-1024x683.jpg 1024w, https:\/\/calzaclemente.it\/app\/uploads\/2025\/03\/scientific-research-with-chemicals-solids-laboratory-1536x1024.jpg 1536w, https:\/\/calzaclemente.it\/app\/uploads\/2025\/03\/scientific-research-with-chemicals-solids-laboratory-2048x1365.jpg 2048w, https:\/\/calzaclemente.it\/app\/uploads\/2025\/03\/scientific-research-with-chemicals-solids-laboratory-70x47.jpg 70w, https:\/\/calzaclemente.it\/app\/uploads\/2025\/03\/scientific-research-with-chemicals-solids-laboratory-1920x1280.jpg 1920w\" sizes=\"auto, (max-width: 1440px) 100vw, 1440px\" \/><\/figure>\n<\/div>\n\n\n\n<div class=\"wp-block-column is-vertically-aligned-center is-layout-flow wp-block-column-is-layout-flow\">\n<div class=\"wp-block-columns thor-default is-layout-flex wp-container-core-columns-is-layout-aca22cf8 wp-block-columns-is-layout-flex\">\n<div class=\"wp-block-column thor-hidden-sm thor-hidden-md thor-hidden-lg is-layout-flow wp-block-column-is-layout-flow\" style=\"flex-basis:110px\"><\/div>\n\n\n\n<div class=\"wp-block-column is-layout-flow wp-block-column-is-layout-flow\">\n<h2 class=\"wp-block-heading\">La familia de lipasas de Calza Clemente<\/h2>\n\n\n\n<p class=\"\">La familia de lipasas de Calza Clemente ofrece una oportunidad \u00fanica para aprovechar las lipasas de origen animal, mezclando sabores tradicionales con tendencias de mercado contempor\u00e1neas.<\/p>\n\n\n\n<ul class=\"wp-block-list is-style-checked-list\">\n<li class=\"\">Al incorporar lipasas de origen animal, puedes lograr los sabores ricos y aut\u00e9nticos que han sido apreciados durante generaciones.<\/li>\n\n\n\n<li class=\"\">Estas lipasas son particularmente efectivas para mejorar el sabor y el aroma de los quesos, proporcionando una profundidad de sabor que es dif\u00edcil de replicar con la producci\u00f3n industrial moderna.<\/li>\n<\/ul>\n<\/div>\n\n\n\n<div class=\"wp-block-column thor-hidden-sm thor-hidden-md thor-hidden-lg is-layout-flow wp-block-column-is-layout-flow\" style=\"flex-basis:110px\"><\/div>\n<\/div>\n<\/div>\n<\/div>\n\n<div style=\"height:30px\" aria-hidden=\"true\" class=\"wp-block-spacer\"><\/div>\n\n<div style=\"height:60px\" aria-hidden=\"true\" class=\"wp-block-spacer thor-hidden-sm\"><\/div>\n","protected":false},"excerpt":{"rendered":"<p>La forma de mejorar la intensidad del sabor.<\/p>\n","protected":false},"author":1,"featured_media":2001,"parent":1969,"menu_order":0,"template":"","class_list":["post-2000","product","type-product","status-publish","has-post-thumbnail","hentry"],"acf":[],"_links":{"self":[{"href":"https:\/\/calzaclemente.it\/es\/wp-json\/wp\/v2\/product\/2000","targetHints":{"allow":["GET"]}}],"collection":[{"href":"https:\/\/calzaclemente.it\/es\/wp-json\/wp\/v2\/product"}],"about":[{"href":"https:\/\/calzaclemente.it\/es\/wp-json\/wp\/v2\/types\/product"}],"author":[{"embeddable":true,"href":"https:\/\/calzaclemente.it\/es\/wp-json\/wp\/v2\/users\/1"}],"up":[{"embeddable":true,"href":"https:\/\/calzaclemente.it\/es\/wp-json\/wp\/v2\/product\/1969"}],"wp:featuredmedia":[{"embeddable":true,"href":"https:\/\/calzaclemente.it\/es\/wp-json\/wp\/v2\/media\/2001"}],"wp:attachment":[{"href":"https:\/\/calzaclemente.it\/es\/wp-json\/wp\/v2\/media?parent=2000"}],"curies":[{"name":"wp","href":"https:\/\/api.w.org\/{rel}","templated":true}]}}