{"id":1984,"date":"2025-03-10T16:06:21","date_gmt":"2025-03-10T15:06:21","guid":{"rendered":"https:\/\/calzaclemente.it\/products\/enzimas\/lactasa\/"},"modified":"2025-07-25T14:18:04","modified_gmt":"2025-07-25T12:18:04","slug":"lactasa","status":"publish","type":"product","link":"https:\/\/calzaclemente.it\/es\/products\/enzimas\/lactasa\/","title":{"rendered":"Lactasa"},"content":{"rendered":"\n<div class=\"wp-block-cover alignfull is-light has-custom-content-position is-position-top-center has-white-color has-text-color has-link-color wp-elements-2bbb0831a6815cd19ce8866d0321d1fa\" style=\"padding-right:15px;padding-left:15px\" id=\"hero\"><span aria-hidden=\"true\" class=\"wp-block-cover__background has-neutral-800-background-color has-background-dim-40 has-background-dim\"><\/span><img loading=\"lazy\" decoding=\"async\" width=\"2030\" height=\"1160\" src=\"https:\/\/calzaclemente.it\/app\/uploads\/2025\/03\/photo-1638258581353-0ab658542e73.avif\" class=\"wp-block-cover__image-background wp-post-image\" alt=\"\" data-object-fit=\"cover\" srcset=\"https:\/\/calzaclemente.it\/app\/uploads\/2025\/03\/photo-1638258581353-0ab658542e73.avif 2030w, https:\/\/calzaclemente.it\/app\/uploads\/2025\/03\/photo-1638258581353-0ab658542e73-600x343.avif 600w, https:\/\/calzaclemente.it\/app\/uploads\/2025\/03\/photo-1638258581353-0ab658542e73-1440x823.avif 1440w, https:\/\/calzaclemente.it\/app\/uploads\/2025\/03\/photo-1638258581353-0ab658542e73-1024x585.avif 1024w, https:\/\/calzaclemente.it\/app\/uploads\/2025\/03\/photo-1638258581353-0ab658542e73-1536x878.avif 1536w, https:\/\/calzaclemente.it\/app\/uploads\/2025\/03\/photo-1638258581353-0ab658542e73-70x40.avif 70w, https:\/\/calzaclemente.it\/app\/uploads\/2025\/03\/photo-1638258581353-0ab658542e73-1920x1097.avif 1920w\" sizes=\"auto, (max-width: 2030px) 100vw, 2030px\" \/><div class=\"wp-block-cover__inner-container is-layout-constrained wp-container-core-cover-is-layout-3467996f wp-block-cover-is-layout-constrained\">\n<div class=\"wp-block-group thor-maxwidth-3xl has-link-color wp-elements-df2ed51a40bed9922db979207b19ba26 is-layout-constrained wp-block-group-is-layout-constrained\"><nav aria-label=\"breadcrumbs\" class=\"rank-math-breadcrumb\"><p><span class=\"last\">Home<\/span><\/p><\/nav>\n\n\n<h1 class=\"wp-block-post-title\">Lactasa<\/h1><\/div>\n<\/div><\/div>\n\n<div style=\"height:60px\" aria-hidden=\"true\" class=\"wp-block-spacer thor-hidden-sm\"><\/div>\n\n<div class=\"wp-block-columns are-vertically-aligned-center thor-default is-layout-flex wp-container-core-columns-is-layout-0e0088bb wp-block-columns-is-layout-flex\" style=\"padding-top:30px;padding-bottom:30px\">\n<div class=\"wp-block-column is-vertically-aligned-center is-layout-flow wp-block-column-is-layout-flow\">\n<figure class=\"wp-block-image size-large has-custom-border\"><img loading=\"lazy\" decoding=\"async\" width=\"1440\" height=\"960\" src=\"https:\/\/calzaclemente.it\/app\/uploads\/2025\/03\/mother-hand-offering-glass-milk-1-1440x960.jpg\" alt=\"\" class=\"wp-image-1253\" style=\"border-radius:5px;aspect-ratio:4\/3;object-fit:cover\" srcset=\"https:\/\/calzaclemente.it\/app\/uploads\/2025\/03\/mother-hand-offering-glass-milk-1-1440x960.jpg 1440w, https:\/\/calzaclemente.it\/app\/uploads\/2025\/03\/mother-hand-offering-glass-milk-1-600x400.jpg 600w, https:\/\/calzaclemente.it\/app\/uploads\/2025\/03\/mother-hand-offering-glass-milk-1-1024x683.jpg 1024w, https:\/\/calzaclemente.it\/app\/uploads\/2025\/03\/mother-hand-offering-glass-milk-1-1536x1024.jpg 1536w, https:\/\/calzaclemente.it\/app\/uploads\/2025\/03\/mother-hand-offering-glass-milk-1-2048x1365.jpg 2048w, https:\/\/calzaclemente.it\/app\/uploads\/2025\/03\/mother-hand-offering-glass-milk-1-70x47.jpg 70w, https:\/\/calzaclemente.it\/app\/uploads\/2025\/03\/mother-hand-offering-glass-milk-1-1920x1280.jpg 1920w\" sizes=\"auto, (max-width: 1440px) 100vw, 1440px\" \/><\/figure>\n<\/div>\n\n\n\n<div class=\"wp-block-column is-vertically-aligned-center is-layout-flow wp-block-column-is-layout-flow\">\n<div class=\"wp-block-columns thor-default is-layout-flex wp-container-core-columns-is-layout-aca22cf8 wp-block-columns-is-layout-flex\">\n<div class=\"wp-block-column thor-hidden-sm thor-hidden-md thor-hidden-lg is-layout-flow wp-block-column-is-layout-flow\" style=\"flex-basis:110px\"><\/div>\n\n\n\n<div class=\"wp-block-column is-layout-flow wp-block-column-is-layout-flow\">\n<h2 class=\"wp-block-heading\">Convierte los desaf\u00edos en oportunidades de crecimiento<\/h2>\n\n\n\n<p class=\"\">La gen\u00e9tica influye significativamente en la capacidad de digerir la lactosa, con alrededor del 70% de la poblaci\u00f3n mundial experimentando intolerancia a la lactosa en diversos grados.<\/p>\n\n\n\n<p class=\"\">Comprender estas variaciones gen\u00e9ticas y geogr\u00e1ficas es crucial para la industria l\u00e1ctea, ya que impacta en el desarrollo de productos y estrategias de marketing. <\/p>\n\n\n\n<p class=\"\">Los productores de l\u00e1cteos a menudo crean productos sin lactosa o con bajo contenido de lactosa para atender a las poblaciones con mayores tasas de intolerancia, asegurando que todos puedan disfrutar de los productos l\u00e1cteos sin molestias.<\/p>\n<\/div>\n\n\n\n<div class=\"wp-block-column thor-hidden-sm thor-hidden-md thor-hidden-lg is-layout-flow wp-block-column-is-layout-flow\" style=\"flex-basis:110px\"><\/div>\n<\/div>\n<\/div>\n<\/div>\n\n<div style=\"height:60px\" aria-hidden=\"true\" class=\"wp-block-spacer thor-hidden-sm\"><\/div>\n\n<div class=\"wp-block-group alignfull thor-maxwidth-default has-neutral-300-background-color has-background is-layout-constrained wp-block-group-is-layout-constrained\" style=\"padding-top:30px;padding-bottom:30px\">\n<div style=\"height:60px\" aria-hidden=\"true\" class=\"wp-block-spacer thor-hidden-sm\"><\/div>\n\n\n\n<h3 class=\"wp-block-heading\">Nuestra cartera<\/h3>\n\n\n<div id=\"thor-block_c9c5696213c1082135ba3eb794e0122c\" class=\"thor-cards-slider layout-list align wp-block-acf-cards-slider\">\n\n  \n                  <div class=\"cards-list\">\n                                          <div class=\"w-full card-item\">\n                                        <figure>\n                                                    <img decoding=\"async\"\n                    src=\"https:\/\/calzaclemente.it\/app\/uploads\/2025\/03\/couple-home-eating-togheter-1440x961.jpg\"\n                    alt=\"\"\n                    srcset=\"https:\/\/calzaclemente.it\/app\/uploads\/2025\/03\/couple-home-eating-togheter-600x400.jpg 300w, https:\/\/calzaclemente.it\/app\/uploads\/2025\/03\/couple-home-eating-togheter-1440x961.jpg 1024w\"\n                    sizes=\"(max-width: 600px) 300px, 1024px\"\n                  \/>\n                              <\/figure>\n              \n                              <div class=\"entry-text\">\n                  <h3>Lactasa neutra<\/h3>\n<p>Aplicacines generales<\/p>\n\n                <\/div>\n              \n                          <\/div><!--swiper-slide-->\n                                    <div class=\"w-full card-item\">\n                                        <figure>\n                                                    <img decoding=\"async\"\n                    src=\"https:\/\/calzaclemente.it\/app\/uploads\/2025\/03\/front-view-milk-carton-with-full-glass-copy-space-1440x1349.jpg\"\n                    alt=\"\"\n                    srcset=\"https:\/\/calzaclemente.it\/app\/uploads\/2025\/03\/front-view-milk-carton-with-full-glass-copy-space-600x562.jpg 300w, https:\/\/calzaclemente.it\/app\/uploads\/2025\/03\/front-view-milk-carton-with-full-glass-copy-space-1440x1349.jpg 1024w\"\n                    sizes=\"(max-width: 600px) 300px, 1024px\"\n                  \/>\n                              <\/figure>\n              \n                              <div class=\"entry-text\">\n                  <h3>Lactasa est\u00e9ril<\/h3>\n<p>Leche UHT<\/p>\n\n                <\/div>\n              \n                          <\/div><!--swiper-slide-->\n                                    <div class=\"w-full card-item\">\n                                        <figure>\n                                                    <img decoding=\"async\"\n                    src=\"https:\/\/calzaclemente.it\/app\/uploads\/2025\/03\/person-satisfaction-white-glass-relaxation-1440x2160.jpg\"\n                    alt=\"\"\n                    srcset=\"https:\/\/calzaclemente.it\/app\/uploads\/2025\/03\/person-satisfaction-white-glass-relaxation-600x900.jpg 300w, https:\/\/calzaclemente.it\/app\/uploads\/2025\/03\/person-satisfaction-white-glass-relaxation-1440x2160.jpg 1024w\"\n                    sizes=\"(max-width: 600px) 300px, 1024px\"\n                  \/>\n                              <\/figure>\n              \n                              <div class=\"entry-text\">\n                  <h3>Lactasa acida<\/h3>\n<p>Productos l\u00e1cteos fermentados<\/p>\n\n                <\/div>\n              \n                          <\/div><!--swiper-slide-->\n                                    <div class=\"w-full card-item\">\n                                        <figure>\n                                                    <img decoding=\"async\"\n                    src=\"https:\/\/calzaclemente.it\/app\/uploads\/2025\/03\/doctor-woman-showing-pill-young-female-medical-professional-isolated-selective-focus-1440x958.jpg\"\n                    alt=\"\"\n                    srcset=\"https:\/\/calzaclemente.it\/app\/uploads\/2025\/03\/doctor-woman-showing-pill-young-female-medical-professional-isolated-selective-focus-600x399.jpg 300w, https:\/\/calzaclemente.it\/app\/uploads\/2025\/03\/doctor-woman-showing-pill-young-female-medical-professional-isolated-selective-focus-1440x958.jpg 1024w\"\n                    sizes=\"(max-width: 600px) 300px, 1024px\"\n                  \/>\n                              <\/figure>\n              \n                              <div class=\"entry-text\">\n                  <h3>Lactasa<\/h3>\n<p>Suplemento de lactasa<\/p>\n\n                <\/div>\n              \n                          <\/div><!--swiper-slide-->\n          \n              <\/div>\n          <\/div>\n\n\n\n<div style=\"height:60px\" aria-hidden=\"true\" class=\"wp-block-spacer thor-hidden-sm\"><\/div>\n<\/div>\n\n<div class=\"wp-block-cover alignfull\" style=\"padding-right:30px;padding-left:30px\"><span aria-hidden=\"true\" class=\"wp-block-cover__background has-background-dim-100 has-background-dim wp-block-cover__gradient-background has-background-gradient\" style=\"background:linear-gradient(135deg,rgba(0,0,0,0.5) 0%,rgba(0,0,0,0.5) 100%)\"><\/span><img loading=\"lazy\" decoding=\"async\" width=\"2560\" height=\"1707\" class=\"wp-block-cover__image-background wp-image-1261\" alt=\"\" src=\"https:\/\/calzaclemente.it\/app\/uploads\/2025\/03\/side-view-woman-working-beer-factory-scaled.jpg\" data-object-fit=\"cover\" srcset=\"https:\/\/calzaclemente.it\/app\/uploads\/2025\/03\/side-view-woman-working-beer-factory-scaled.jpg 2560w, https:\/\/calzaclemente.it\/app\/uploads\/2025\/03\/side-view-woman-working-beer-factory-600x400.jpg 600w, https:\/\/calzaclemente.it\/app\/uploads\/2025\/03\/side-view-woman-working-beer-factory-1440x960.jpg 1440w, https:\/\/calzaclemente.it\/app\/uploads\/2025\/03\/side-view-woman-working-beer-factory-1024x683.jpg 1024w, https:\/\/calzaclemente.it\/app\/uploads\/2025\/03\/side-view-woman-working-beer-factory-1536x1024.jpg 1536w, https:\/\/calzaclemente.it\/app\/uploads\/2025\/03\/side-view-woman-working-beer-factory-2048x1365.jpg 2048w, https:\/\/calzaclemente.it\/app\/uploads\/2025\/03\/side-view-woman-working-beer-factory-70x47.jpg 70w, https:\/\/calzaclemente.it\/app\/uploads\/2025\/03\/side-view-woman-working-beer-factory-1920x1280.jpg 1920w\" sizes=\"auto, (max-width: 2560px) 100vw, 2560px\" \/><div class=\"wp-block-cover__inner-container is-layout-constrained wp-container-core-cover-is-layout-7c3f3d2e wp-block-cover-is-layout-constrained\">\n<div class=\"wp-block-group thor-maxwidth-3xl is-layout-constrained wp-block-group-is-layout-constrained\">\n<div style=\"height:60px\" aria-hidden=\"true\" class=\"wp-block-spacer thor-hidden-sm thor-hidden-md\"><\/div>\n\n\n\n<div class=\"wp-block-columns thor-default is-layout-flex wp-container-core-columns-is-layout-33ba964e wp-block-columns-is-layout-flex\">\n<div class=\"wp-block-column is-layout-flow wp-block-column-is-layout-flow\" style=\"flex-basis:50%\">\n<div style=\"height:60px\" aria-hidden=\"true\" class=\"wp-block-spacer thor-hidden-sm thor-hidden-md\"><\/div>\n\n\n\n<p class=\"has-4-xl-font-size\">Calza Clemente ha desarrollado una diversa gama de enzimas lactasa para satisfacer las necesidades espec\u00edficas de diferentes productos l\u00e1cteos.<\/p>\n\n\n\n<p class=\"\">La lactasa neutra cl\u00e1sica es adecuada para aplicaciones generales, mientras que la lactasa est\u00e9ril, desarrollada con Tetrapak, asegura alta esterilidad y seguridad para la producci\u00f3n de leche esterilizada sin lactosa. Las formulaciones especializadas de lactasa optimizan el proceso de hidr\u00f3lisis en productos l\u00e1cteos fermentados. <\/p>\n<\/div>\n\n\n\n<div class=\"wp-block-column is-layout-flow wp-block-column-is-layout-flow\" style=\"flex-basis:50%\"><\/div>\n<\/div>\n\n\n\n<div style=\"height:60px\" aria-hidden=\"true\" class=\"wp-block-spacer thor-hidden-sm thor-hidden-md\"><\/div>\n<\/div>\n<\/div><\/div>\n\n<div style=\"height:30px\" aria-hidden=\"true\" class=\"wp-block-spacer\"><\/div>\n\n<div style=\"height:60px\" aria-hidden=\"true\" class=\"wp-block-spacer thor-hidden-sm\"><\/div>\n\n<div class=\"wp-block-columns are-vertically-aligned-center thor-default is-layout-flex wp-container-core-columns-is-layout-0e0088bb wp-block-columns-is-layout-flex\" style=\"padding-top:30px;padding-bottom:30px\">\n<div class=\"wp-block-column is-vertically-aligned-center is-layout-flow wp-block-column-is-layout-flow\">\n<figure class=\"wp-block-image size-large has-custom-border\"><img loading=\"lazy\" decoding=\"async\" width=\"1440\" height=\"990\" src=\"https:\/\/calzaclemente.it\/app\/uploads\/2025\/03\/milk-cream-molecule-1440x990.jpg\" alt=\"\" class=\"wp-image-1265\" style=\"border-radius:5px;aspect-ratio:1;object-fit:cover\" srcset=\"https:\/\/calzaclemente.it\/app\/uploads\/2025\/03\/milk-cream-molecule-1440x990.jpg 1440w, https:\/\/calzaclemente.it\/app\/uploads\/2025\/03\/milk-cream-molecule-600x413.jpg 600w, https:\/\/calzaclemente.it\/app\/uploads\/2025\/03\/milk-cream-molecule-1024x704.jpg 1024w, https:\/\/calzaclemente.it\/app\/uploads\/2025\/03\/milk-cream-molecule-1536x1056.jpg 1536w, https:\/\/calzaclemente.it\/app\/uploads\/2025\/03\/milk-cream-molecule-2048x1408.jpg 2048w, https:\/\/calzaclemente.it\/app\/uploads\/2025\/03\/milk-cream-molecule-70x48.jpg 70w, https:\/\/calzaclemente.it\/app\/uploads\/2025\/03\/milk-cream-molecule-1920x1320.jpg 1920w\" sizes=\"auto, (max-width: 1440px) 100vw, 1440px\" \/><\/figure>\n<\/div>\n\n\n\n<div class=\"wp-block-column is-vertically-aligned-center is-layout-flow wp-block-column-is-layout-flow\">\n<div class=\"wp-block-columns thor-default is-layout-flex wp-container-core-columns-is-layout-aca22cf8 wp-block-columns-is-layout-flex\">\n<div class=\"wp-block-column thor-hidden-sm thor-hidden-md thor-hidden-lg is-layout-flow wp-block-column-is-layout-flow\" style=\"flex-basis:110px\"><\/div>\n\n\n\n<div class=\"wp-block-column is-layout-flow wp-block-column-is-layout-flow\">\n<h2 class=\"wp-block-heading\">Nuestra amplia gama de enzimas lactasa<\/h2>\n\n\n\n<p class=\"\">Nuestra amplia gama de enzimas lactasa te permite desempe\u00f1ar un papel fundamental en el creciente mercado de consumidores conscientes de la salud que ven los productos sin lactosa como una opci\u00f3n m\u00e1s saludable.<\/p>\n\n\n\n<ul class=\"wp-block-list is-style-checked-list\">\n<li class=\"\">Desarrolla tus productos l\u00e1cteos y fermentados con bajo contenido de lactosa o sin lactosa.<\/li>\n\n\n\n<li class=\"\">Entrega leche esterilizada sin lactosa a tu mercado con la lactasa est\u00e9ril de Calza Clemente, en asociaci\u00f3n con Tetrapak.<\/li>\n\n\n\n<li class=\"\">Utiliza la lactasa para desbloquear el potencial oculto de los az\u00facares de la leche como edulcorantes para reducir el contenido de az\u00facar en productos con az\u00facar a\u00f1adida.<\/li>\n\n\n\n<li class=\"\">Prevenci\u00f3n de la cristalizaci\u00f3n en productos l\u00e1cteos enriquecidos con lactosa.<\/li>\n\n\n\n<li class=\"\">Experimenta nuestra lactasa revolucionaria, capaz de promover la hidr\u00f3lisis de la lactosa en una amplia gama de condiciones de pH y temperatura.<\/li>\n<\/ul>\n<\/div>\n\n\n\n<div class=\"wp-block-column thor-hidden-sm thor-hidden-md thor-hidden-lg is-layout-flow wp-block-column-is-layout-flow\" style=\"flex-basis:110px\"><\/div>\n<\/div>\n<\/div>\n<\/div>\n\n<div style=\"height:30px\" aria-hidden=\"true\" class=\"wp-block-spacer\"><\/div>\n\n<div style=\"height:60px\" aria-hidden=\"true\" class=\"wp-block-spacer thor-hidden-sm\"><\/div>\n","protected":false},"excerpt":{"rendered":"<p>Convierte los desaf\u00edos en oportunidades de crecimiento<\/p>\n","protected":false},"author":1,"featured_media":1985,"parent":1969,"menu_order":0,"template":"","class_list":["post-1984","product","type-product","status-publish","has-post-thumbnail","hentry"],"acf":[],"_links":{"self":[{"href":"https:\/\/calzaclemente.it\/es\/wp-json\/wp\/v2\/product\/1984","targetHints":{"allow":["GET"]}}],"collection":[{"href":"https:\/\/calzaclemente.it\/es\/wp-json\/wp\/v2\/product"}],"about":[{"href":"https:\/\/calzaclemente.it\/es\/wp-json\/wp\/v2\/types\/product"}],"author":[{"embeddable":true,"href":"https:\/\/calzaclemente.it\/es\/wp-json\/wp\/v2\/users\/1"}],"up":[{"embeddable":true,"href":"https:\/\/calzaclemente.it\/es\/wp-json\/wp\/v2\/product\/1969"}],"wp:featuredmedia":[{"embeddable":true,"href":"https:\/\/calzaclemente.it\/es\/wp-json\/wp\/v2\/media\/1985"}],"wp:attachment":[{"href":"https:\/\/calzaclemente.it\/es\/wp-json\/wp\/v2\/media?parent=1984"}],"curies":[{"name":"wp","href":"https:\/\/api.w.org\/{rel}","templated":true}]}}