{"id":1972,"date":"2025-03-09T15:52:45","date_gmt":"2025-03-09T14:52:45","guid":{"rendered":"https:\/\/calzaclemente.it\/products\/enzimas\/coagulantes\/"},"modified":"2025-07-25T14:09:55","modified_gmt":"2025-07-25T12:09:55","slug":"coagulantes","status":"publish","type":"product","link":"https:\/\/calzaclemente.it\/es\/products\/enzimas\/coagulantes\/","title":{"rendered":"Coagulantes"},"content":{"rendered":"\n<div class=\"wp-block-cover alignfull is-light has-custom-content-position is-position-top-center has-white-color has-text-color has-link-color wp-elements-2bbb0831a6815cd19ce8866d0321d1fa\" style=\"padding-right:15px;padding-left:15px\" id=\"hero\"><span aria-hidden=\"true\" class=\"wp-block-cover__background has-neutral-800-background-color has-background-dim-40 has-background-dim\"><\/span><img loading=\"lazy\" decoding=\"async\" width=\"2560\" height=\"1707\" src=\"https:\/\/calzaclemente.it\/app\/uploads\/2025\/03\/employees-private-cheese-factory-production-scaled.jpg\" class=\"wp-block-cover__image-background wp-post-image\" alt=\"Caglio naturale\" data-object-fit=\"cover\" srcset=\"https:\/\/calzaclemente.it\/app\/uploads\/2025\/03\/employees-private-cheese-factory-production-scaled.jpg 2560w, https:\/\/calzaclemente.it\/app\/uploads\/2025\/03\/employees-private-cheese-factory-production-600x400.jpg 600w, https:\/\/calzaclemente.it\/app\/uploads\/2025\/03\/employees-private-cheese-factory-production-1440x960.jpg 1440w, https:\/\/calzaclemente.it\/app\/uploads\/2025\/03\/employees-private-cheese-factory-production-1024x683.jpg 1024w, https:\/\/calzaclemente.it\/app\/uploads\/2025\/03\/employees-private-cheese-factory-production-1536x1024.jpg 1536w, https:\/\/calzaclemente.it\/app\/uploads\/2025\/03\/employees-private-cheese-factory-production-2048x1365.jpg 2048w, https:\/\/calzaclemente.it\/app\/uploads\/2025\/03\/employees-private-cheese-factory-production-70x47.jpg 70w, https:\/\/calzaclemente.it\/app\/uploads\/2025\/03\/employees-private-cheese-factory-production-1920x1280.jpg 1920w\" sizes=\"auto, (max-width: 2560px) 100vw, 2560px\" \/><div class=\"wp-block-cover__inner-container is-layout-constrained wp-container-core-cover-is-layout-3467996f wp-block-cover-is-layout-constrained\">\n<div class=\"wp-block-group thor-maxwidth-3xl has-link-color wp-elements-df2ed51a40bed9922db979207b19ba26 is-layout-constrained wp-block-group-is-layout-constrained\"><nav aria-label=\"breadcrumbs\" class=\"rank-math-breadcrumb\"><p><span class=\"last\">Home<\/span><\/p><\/nav>\n\n\n<h1 class=\"wp-block-post-title\">Coagulantes<\/h1><\/div>\n<\/div><\/div>\n\n<div style=\"height:60px\" aria-hidden=\"true\" class=\"wp-block-spacer thor-hidden-sm\"><\/div>\n\n<div class=\"wp-block-columns are-vertically-aligned-center thor-default is-layout-flex wp-container-core-columns-is-layout-0e0088bb wp-block-columns-is-layout-flex\" style=\"padding-top:30px;padding-bottom:30px\">\n<div class=\"wp-block-column is-vertically-aligned-center is-layout-flow wp-block-column-is-layout-flow\">\n<figure class=\"wp-block-image size-large has-custom-border\"><img loading=\"lazy\" decoding=\"async\" width=\"1440\" height=\"1085\" src=\"https:\/\/calzaclemente.it\/app\/uploads\/2025\/03\/cheese-factory-conveyor-1440x1085.jpg\" alt=\"\" class=\"wp-image-1230\" style=\"border-radius:5px;aspect-ratio:4\/3;object-fit:cover\" srcset=\"https:\/\/calzaclemente.it\/app\/uploads\/2025\/03\/cheese-factory-conveyor-1440x1085.jpg 1440w, https:\/\/calzaclemente.it\/app\/uploads\/2025\/03\/cheese-factory-conveyor-600x452.jpg 600w, https:\/\/calzaclemente.it\/app\/uploads\/2025\/03\/cheese-factory-conveyor-1024x771.jpg 1024w, https:\/\/calzaclemente.it\/app\/uploads\/2025\/03\/cheese-factory-conveyor-1536x1157.jpg 1536w, https:\/\/calzaclemente.it\/app\/uploads\/2025\/03\/cheese-factory-conveyor-2048x1543.jpg 2048w, https:\/\/calzaclemente.it\/app\/uploads\/2025\/03\/cheese-factory-conveyor-70x53.jpg 70w, https:\/\/calzaclemente.it\/app\/uploads\/2025\/03\/cheese-factory-conveyor-1920x1446.jpg 1920w\" sizes=\"auto, (max-width: 1440px) 100vw, 1440px\" \/><\/figure>\n<\/div>\n\n\n\n<div class=\"wp-block-column is-vertically-aligned-center is-layout-flow wp-block-column-is-layout-flow\">\n<div class=\"wp-block-columns thor-default is-layout-flex wp-container-core-columns-is-layout-aca22cf8 wp-block-columns-is-layout-flex\">\n<div class=\"wp-block-column thor-hidden-sm thor-hidden-md thor-hidden-lg is-layout-flow wp-block-column-is-layout-flow\" style=\"flex-basis:110px\"><\/div>\n\n\n\n<div class=\"wp-block-column is-layout-flow wp-block-column-is-layout-flow\">\n<h2 class=\"wp-block-heading\">Descubriendo la versatilidad de los coagulantes no animales.<\/h2>\n\n\n\n<p class=\"\">El cuajo de origen no animal est\u00e1 destinado a aquellas producciones que, por razones legales, religiosas, tecnol\u00f3gicas o financieras, no pueden usar el cuajo normal de origen animal.<\/p>\n<\/div>\n\n\n\n<div class=\"wp-block-column thor-hidden-sm thor-hidden-md thor-hidden-lg is-layout-flow wp-block-column-is-layout-flow\" style=\"flex-basis:110px\"><\/div>\n<\/div>\n<\/div>\n<\/div>\n\n<div class=\"wp-block-columns thor-tablet-one-column thor-revert is-style-two-cols is-layout-flex wp-container-core-columns-is-layout-d8981da1 wp-block-columns-is-layout-flex\">\n<div class=\"wp-block-column is-vertically-aligned-center is-layout-flow wp-container-core-column-is-layout-47e5a185 wp-block-column-is-layout-flow\" style=\"flex-basis:50%\">\n<div style=\"height:50px\" aria-hidden=\"true\" class=\"wp-block-spacer thor-hidden-sm\"><\/div>\n\n\n\n<div class=\"wp-block-group thor-maxwidth-default is-layout-constrained wp-container-core-group-is-layout-da70f3a0 wp-block-group-is-layout-constrained\">\n<h3 class=\"wp-block-heading\">Gama ASTRO MICROBIAL<\/h3>\n\n\n\n<p class=\"\">Las preparaciones enzim\u00e1ticas derivadas de Mucor Miehei se utilizan ampliamente en la industria quesera, especialmente para quesos vegetarianos y kosher. Estas enzimas son termol\u00e1biles, lo que significa que se inactivan a temperaturas m\u00e1s altas, lo que ayuda a reducir la actividad enzim\u00e1tica residual en el producto final. Esto es importante para mantener la textura y el sabor deseados del queso.  <\/p>\n<\/div>\n\n\n\n<div style=\"height:50px\" aria-hidden=\"true\" class=\"wp-block-spacer thor-hidden-sm\"><\/div>\n<\/div>\n\n\n\n<div class=\"wp-block-column is-vertically-aligned-stretch is-layout-flow wp-block-column-is-layout-flow\" style=\"flex-basis:50%\">\n<div class=\"wp-block-cover is-light has-aspect-ratio\" style=\"border-radius:5px;padding-top:25%;padding-bottom:25%;min-height:100%;aspect-ratio:4\/3;min-height:unset;\"><span aria-hidden=\"true\" class=\"wp-block-cover__background has-background-dim-0 has-background-dim\" style=\"background-color:#abb1a2\"><\/span><img loading=\"lazy\" decoding=\"async\" width=\"607\" height=\"680\" class=\"wp-block-cover__image-background wp-image-1232\" alt=\"\" src=\"https:\/\/calzaclemente.it\/app\/uploads\/2025\/03\/istockphoto-1311160153-1024x1024-1.jpg\" data-object-fit=\"cover\" srcset=\"https:\/\/calzaclemente.it\/app\/uploads\/2025\/03\/istockphoto-1311160153-1024x1024-1.jpg 607w, https:\/\/calzaclemente.it\/app\/uploads\/2025\/03\/istockphoto-1311160153-1024x1024-1-600x672.jpg 600w, https:\/\/calzaclemente.it\/app\/uploads\/2025\/03\/istockphoto-1311160153-1024x1024-1-70x78.jpg 70w\" sizes=\"auto, (max-width: 607px) 100vw, 607px\" \/><div class=\"wp-block-cover__inner-container is-layout-flow wp-block-cover-is-layout-flow\">\n<p class=\"has-text-align-center has-large-font-size\"><\/p>\n<\/div><\/div>\n<\/div>\n<\/div>\n\n<div class=\"wp-block-columns thor-tablet-one-column is-style-two-cols is-layout-flex wp-container-core-columns-is-layout-d8981da1 wp-block-columns-is-layout-flex\">\n<div class=\"wp-block-column is-vertically-aligned-stretch is-layout-flow wp-block-column-is-layout-flow\" style=\"flex-basis:50%\">\n<div class=\"wp-block-cover has-aspect-ratio\" style=\"border-radius:5px;padding-top:25%;padding-bottom:25%;min-height:100%;aspect-ratio:4\/3;min-height:unset;\"><span aria-hidden=\"true\" class=\"wp-block-cover__background has-background-dim-0 has-background-dim\" style=\"background-color:#828072\"><\/span><img loading=\"lazy\" decoding=\"async\" width=\"1709\" height=\"2560\" class=\"wp-block-cover__image-background wp-image-1341\" alt=\"\" src=\"https:\/\/calzaclemente.it\/app\/uploads\/2025\/03\/traditional-cheese-production-according-ancient-patented-recipes-scaled.jpg\" data-object-fit=\"cover\" srcset=\"https:\/\/calzaclemente.it\/app\/uploads\/2025\/03\/traditional-cheese-production-according-ancient-patented-recipes-scaled.jpg 1709w, https:\/\/calzaclemente.it\/app\/uploads\/2025\/03\/traditional-cheese-production-according-ancient-patented-recipes-600x899.jpg 600w, https:\/\/calzaclemente.it\/app\/uploads\/2025\/03\/traditional-cheese-production-according-ancient-patented-recipes-1440x2157.jpg 1440w, https:\/\/calzaclemente.it\/app\/uploads\/2025\/03\/traditional-cheese-production-according-ancient-patented-recipes-1024x1534.jpg 1024w, https:\/\/calzaclemente.it\/app\/uploads\/2025\/03\/traditional-cheese-production-according-ancient-patented-recipes-1025x1536.jpg 1025w, https:\/\/calzaclemente.it\/app\/uploads\/2025\/03\/traditional-cheese-production-according-ancient-patented-recipes-1367x2048.jpg 1367w, https:\/\/calzaclemente.it\/app\/uploads\/2025\/03\/traditional-cheese-production-according-ancient-patented-recipes-70x105.jpg 70w, https:\/\/calzaclemente.it\/app\/uploads\/2025\/03\/traditional-cheese-production-according-ancient-patented-recipes-1920x2876.jpg 1920w\" sizes=\"auto, (max-width: 1709px) 100vw, 1709px\" \/><div class=\"wp-block-cover__inner-container is-layout-flow wp-block-cover-is-layout-flow\">\n<p class=\"has-text-align-center has-large-font-size\"><\/p>\n<\/div><\/div>\n<\/div>\n\n\n\n<div class=\"wp-block-column is-vertically-aligned-center is-layout-flow wp-container-core-column-is-layout-47e5a185 wp-block-column-is-layout-flow\" style=\"flex-basis:50%\">\n<div style=\"height:50px\" aria-hidden=\"true\" class=\"wp-block-spacer thor-hidden-sm\"><\/div>\n\n\n\n<div class=\"wp-block-group thor-maxwidth-default is-layout-constrained wp-container-core-group-is-layout-da70f3a0 wp-block-group-is-layout-constrained\">\n<h3 class=\"wp-block-heading\">Gama ASTRO CHYMOSIN<\/h3>\n\n\n\n<p class=\"\">ASTRO CHYMOSIN es un coagulante altamente eficiente y confiable que asegura una calidad y rendimiento de queso consistentes. Es una quimosina producida por fermentaci\u00f3n (FPC) derivada de organismos gen\u00e9ticamente modificados para producir quimosina que se encuentra naturalmente en el cuajo animal. Su precisi\u00f3n y pureza ayudan a minimizar los subproductos no deseados, asegurando un proceso de fabricaci\u00f3n de queso m\u00e1s limpio y sostenible.  <\/p>\n<\/div>\n\n\n\n<div style=\"height:50px\" aria-hidden=\"true\" class=\"wp-block-spacer thor-hidden-sm\"><\/div>\n<\/div>\n<\/div>\n\n<div style=\"height:60px\" aria-hidden=\"true\" class=\"wp-block-spacer thor-hidden-sm\"><\/div>\n\n<div class=\"wp-block-group alignfull thor-maxwidth-default has-neutral-300-background-color has-background is-layout-constrained wp-block-group-is-layout-constrained\" style=\"padding-top:30px;padding-bottom:30px\">\n<div style=\"height:60px\" aria-hidden=\"true\" class=\"wp-block-spacer thor-hidden-sm\"><\/div>\n\n\n\n<h3 class=\"wp-block-heading\">Nuestra cartera<\/h3>\n\n\n<div id=\"thor-block_64a4e1b6e4ba73081a11386faeea8582\" class=\"thor-cards-slider layout-list align wp-block-acf-cards-slider\">\n\n  \n                  <div class=\"cards-list\">\n                                          <div class=\"w-full card-item\">\n                                        <figure>\n                                                    <img decoding=\"async\"\n                    src=\"https:\/\/calzaclemente.it\/app\/uploads\/2025\/03\/GettyImages-641861534-f2aa3092e0754b0a99e314d32b1d8f53-1440x960.jpg\"\n                    alt=\"\"\n                    srcset=\"https:\/\/calzaclemente.it\/app\/uploads\/2025\/03\/GettyImages-641861534-f2aa3092e0754b0a99e314d32b1d8f53-600x400.jpg 300w, https:\/\/calzaclemente.it\/app\/uploads\/2025\/03\/GettyImages-641861534-f2aa3092e0754b0a99e314d32b1d8f53-1440x960.jpg 1024w\"\n                    sizes=\"(max-width: 600px) 300px, 1024px\"\n                  \/>\n                              <\/figure>\n              \n                              <div class=\"entry-text\">\n                  <h3>Gama microbiana<\/h3>\n<p>Soluci\u00f3n econ\u00f3mica para la industria quesera moderna<\/p>\n\n                <\/div>\n              \n                          <\/div><!--swiper-slide-->\n                                    <div class=\"w-full card-item\">\n                                        <figure>\n                                                    <img decoding=\"async\"\n                    src=\"https:\/\/calzaclemente.it\/app\/uploads\/2025\/03\/mozzarella-pizza-recipe-instructions-120348.webp\"\n                    alt=\"\"\n                    srcset=\"https:\/\/calzaclemente.it\/app\/uploads\/2025\/03\/mozzarella-pizza-recipe-instructions-120348-600x600.webp 300w, https:\/\/calzaclemente.it\/app\/uploads\/2025\/03\/mozzarella-pizza-recipe-instructions-120348.webp 1024w\"\n                    sizes=\"(max-width: 600px) 300px, 1024px\"\n                  \/>\n                              <\/figure>\n              \n                              <div class=\"entry-text\">\n                  <h3>Gama de Quimosina Pura<\/h3>\n<p>Ofreciendo cualidades excepcionales para la producci\u00f3n de queso<\/p>\n\n                <\/div>\n              \n                          <\/div><!--swiper-slide-->\n          \n              <\/div>\n          <\/div>\n\n\n\n<div style=\"height:60px\" aria-hidden=\"true\" class=\"wp-block-spacer thor-hidden-sm\"><\/div>\n<\/div>\n\n<div class=\"wp-block-cover alignfull\" style=\"padding-right:30px;padding-left:30px\"><span aria-hidden=\"true\" class=\"wp-block-cover__background has-background-dim-100 has-background-dim wp-block-cover__gradient-background has-background-gradient\" style=\"background:linear-gradient(135deg,rgba(0,0,0,0.5) 0%,rgba(0,0,0,0.5) 100%)\"><\/span><img loading=\"lazy\" decoding=\"async\" width=\"2560\" height=\"1118\" class=\"wp-block-cover__image-background wp-image-1240\" alt=\"\" src=\"https:\/\/calzaclemente.it\/app\/uploads\/2025\/03\/woman-white-coat-examining-cheese-factory-scaled.jpg\" data-object-fit=\"cover\" srcset=\"https:\/\/calzaclemente.it\/app\/uploads\/2025\/03\/woman-white-coat-examining-cheese-factory-scaled.jpg 2560w, https:\/\/calzaclemente.it\/app\/uploads\/2025\/03\/woman-white-coat-examining-cheese-factory-600x262.jpg 600w, https:\/\/calzaclemente.it\/app\/uploads\/2025\/03\/woman-white-coat-examining-cheese-factory-1440x629.jpg 1440w, https:\/\/calzaclemente.it\/app\/uploads\/2025\/03\/woman-white-coat-examining-cheese-factory-1024x447.jpg 1024w, https:\/\/calzaclemente.it\/app\/uploads\/2025\/03\/woman-white-coat-examining-cheese-factory-1536x671.jpg 1536w, https:\/\/calzaclemente.it\/app\/uploads\/2025\/03\/woman-white-coat-examining-cheese-factory-2048x895.jpg 2048w, https:\/\/calzaclemente.it\/app\/uploads\/2025\/03\/woman-white-coat-examining-cheese-factory-70x31.jpg 70w, https:\/\/calzaclemente.it\/app\/uploads\/2025\/03\/woman-white-coat-examining-cheese-factory-1920x839.jpg 1920w\" sizes=\"auto, (max-width: 2560px) 100vw, 2560px\" \/><div class=\"wp-block-cover__inner-container is-layout-constrained wp-container-core-cover-is-layout-7c3f3d2e wp-block-cover-is-layout-constrained\">\n<div class=\"wp-block-group thor-maxwidth-3xl is-layout-constrained wp-block-group-is-layout-constrained\">\n<div style=\"height:60px\" aria-hidden=\"true\" class=\"wp-block-spacer thor-hidden-sm thor-hidden-md\"><\/div>\n\n\n\n<div class=\"wp-block-columns thor-default is-layout-flex wp-container-core-columns-is-layout-33ba964e wp-block-columns-is-layout-flex\">\n<div class=\"wp-block-column is-layout-flow wp-block-column-is-layout-flow\" style=\"flex-basis:50%\">\n<div style=\"height:60px\" aria-hidden=\"true\" class=\"wp-block-spacer thor-hidden-sm thor-hidden-md\"><\/div>\n\n\n\n<p class=\"has-4-xl-font-size\">Nuestra amplia gama de coagulantes proporciona a los fabricantes de queso la soluci\u00f3n perfecta para sus necesidades espec\u00edficas de producci\u00f3n. <\/p>\n\n\n\n<p class=\"\">Ya sea que produzcan quesos blandos, duros o especiales, nuestros coagulantes aseguran resultados consistentes y confiables. Al ofrecer coagulantes tanto microbianos como producidos por fermentaci\u00f3n, apoyamos diversos procesos de fabricaci\u00f3n de queso, asegurando una textura, sabor y rendimiento \u00f3ptimos en el producto final. <\/p>\n<\/div>\n\n\n\n<div class=\"wp-block-column is-layout-flow wp-block-column-is-layout-flow\" style=\"flex-basis:50%\"><\/div>\n<\/div>\n\n\n\n<div style=\"height:60px\" aria-hidden=\"true\" class=\"wp-block-spacer thor-hidden-sm thor-hidden-md\"><\/div>\n<\/div>\n<\/div><\/div>\n\n<div style=\"height:30px\" aria-hidden=\"true\" class=\"wp-block-spacer\"><\/div>\n\n<div style=\"height:60px\" aria-hidden=\"true\" class=\"wp-block-spacer thor-hidden-sm\"><\/div>\n\n<div class=\"wp-block-columns are-vertically-aligned-center thor-default is-layout-flex wp-container-core-columns-is-layout-0e0088bb wp-block-columns-is-layout-flex\" style=\"padding-top:30px;padding-bottom:30px\">\n<div class=\"wp-block-column is-vertically-aligned-center is-layout-flow wp-block-column-is-layout-flow\">\n<figure class=\"wp-block-image size-large has-custom-border\"><img loading=\"lazy\" decoding=\"async\" width=\"1440\" height=\"960\" src=\"https:\/\/calzaclemente.it\/app\/uploads\/2025\/03\/homemade-cheese-producer-produces-handmade-mozzarella-with-fresh-quality-milk-from-her-cows-sheep-morning-concept-tradition-italy-mozzarella-1-1440x960.jpg\" alt=\"\" class=\"wp-image-1244\" style=\"border-radius:5px;aspect-ratio:1;object-fit:cover\" srcset=\"https:\/\/calzaclemente.it\/app\/uploads\/2025\/03\/homemade-cheese-producer-produces-handmade-mozzarella-with-fresh-quality-milk-from-her-cows-sheep-morning-concept-tradition-italy-mozzarella-1-1440x960.jpg 1440w, https:\/\/calzaclemente.it\/app\/uploads\/2025\/03\/homemade-cheese-producer-produces-handmade-mozzarella-with-fresh-quality-milk-from-her-cows-sheep-morning-concept-tradition-italy-mozzarella-1-600x400.jpg 600w, https:\/\/calzaclemente.it\/app\/uploads\/2025\/03\/homemade-cheese-producer-produces-handmade-mozzarella-with-fresh-quality-milk-from-her-cows-sheep-morning-concept-tradition-italy-mozzarella-1-1024x682.jpg 1024w, https:\/\/calzaclemente.it\/app\/uploads\/2025\/03\/homemade-cheese-producer-produces-handmade-mozzarella-with-fresh-quality-milk-from-her-cows-sheep-morning-concept-tradition-italy-mozzarella-1-1536x1024.jpg 1536w, https:\/\/calzaclemente.it\/app\/uploads\/2025\/03\/homemade-cheese-producer-produces-handmade-mozzarella-with-fresh-quality-milk-from-her-cows-sheep-morning-concept-tradition-italy-mozzarella-1-2048x1365.jpg 2048w, https:\/\/calzaclemente.it\/app\/uploads\/2025\/03\/homemade-cheese-producer-produces-handmade-mozzarella-with-fresh-quality-milk-from-her-cows-sheep-morning-concept-tradition-italy-mozzarella-1-70x47.jpg 70w, https:\/\/calzaclemente.it\/app\/uploads\/2025\/03\/homemade-cheese-producer-produces-handmade-mozzarella-with-fresh-quality-milk-from-her-cows-sheep-morning-concept-tradition-italy-mozzarella-1-1920x1280.jpg 1920w\" sizes=\"auto, (max-width: 1440px) 100vw, 1440px\" \/><\/figure>\n<\/div>\n\n\n\n<div class=\"wp-block-column is-vertically-aligned-center is-layout-flow wp-block-column-is-layout-flow\">\n<div class=\"wp-block-columns thor-default is-layout-flex wp-container-core-columns-is-layout-aca22cf8 wp-block-columns-is-layout-flex\">\n<div class=\"wp-block-column thor-hidden-sm thor-hidden-md thor-hidden-lg is-layout-flow wp-block-column-is-layout-flow\" style=\"flex-basis:110px\"><\/div>\n\n\n\n<div class=\"wp-block-column is-layout-flow wp-block-column-is-layout-flow\">\n<h2 class=\"wp-block-heading\">Familia de Coagulantes Astro: Propiedades Superiores para la Industria Quesera<\/h2>\n\n\n\n<ul class=\"wp-block-list is-style-checked-list\">\n<li class=\"\">La gama ASTRO MICROBIAL es un producto altamente purificado que permite obtener un mayor rendimiento de queso y mejorar la textura del queso.<\/li>\n\n\n\n<li class=\"\">La gama ASTRO CHYMOSIN es un producto premium que permite alcanzar un mayor rendimiento de queso con una menor dosis, textura m\u00e1s firme y sin amargor.<\/li>\n\n\n\n<li class=\"\">Todos est\u00e1n disponibles en diferentes formatos, actividades y tama\u00f1os de embalaje.<\/li>\n\n\n\n<li class=\"\">Todos los productos est\u00e1n certificados como kosher y halal.<\/li>\n<\/ul>\n<\/div>\n\n\n\n<div class=\"wp-block-column thor-hidden-sm thor-hidden-md thor-hidden-lg is-layout-flow wp-block-column-is-layout-flow\" style=\"flex-basis:110px\"><\/div>\n<\/div>\n<\/div>\n<\/div>\n\n<div style=\"height:30px\" aria-hidden=\"true\" class=\"wp-block-spacer\"><\/div>\n\n<div style=\"height:60px\" aria-hidden=\"true\" class=\"wp-block-spacer thor-hidden-sm\"><\/div>\n","protected":false},"excerpt":{"rendered":"<p>Descubriendo la versatilidad de los coagulantes no animales.<\/p>\n","protected":false},"author":1,"featured_media":1983,"parent":1969,"menu_order":0,"template":"","class_list":["post-1972","product","type-product","status-publish","has-post-thumbnail","hentry"],"acf":[],"_links":{"self":[{"href":"https:\/\/calzaclemente.it\/es\/wp-json\/wp\/v2\/product\/1972","targetHints":{"allow":["GET"]}}],"collection":[{"href":"https:\/\/calzaclemente.it\/es\/wp-json\/wp\/v2\/product"}],"about":[{"href":"https:\/\/calzaclemente.it\/es\/wp-json\/wp\/v2\/types\/product"}],"author":[{"embeddable":true,"href":"https:\/\/calzaclemente.it\/es\/wp-json\/wp\/v2\/users\/1"}],"up":[{"embeddable":true,"href":"https:\/\/calzaclemente.it\/es\/wp-json\/wp\/v2\/product\/1969"}],"wp:featuredmedia":[{"embeddable":true,"href":"https:\/\/calzaclemente.it\/es\/wp-json\/wp\/v2\/media\/1983"}],"wp:attachment":[{"href":"https:\/\/calzaclemente.it\/es\/wp-json\/wp\/v2\/media?parent=1972"}],"curies":[{"name":"wp","href":"https:\/\/api.w.org\/{rel}","templated":true}]}}