{"id":1969,"date":"2025-02-18T18:20:46","date_gmt":"2025-02-18T17:20:46","guid":{"rendered":"https:\/\/calzaclemente.it\/products\/enzimas\/"},"modified":"2025-07-25T13:34:01","modified_gmt":"2025-07-25T11:34:01","slug":"enzimas","status":"publish","type":"product","link":"https:\/\/calzaclemente.it\/es\/products\/enzimas\/","title":{"rendered":"Enzimas"},"content":{"rendered":"\n<div class=\"wp-block-cover alignfull is-light has-custom-content-position is-position-top-center has-white-color has-text-color has-link-color wp-elements-2bbb0831a6815cd19ce8866d0321d1fa\" style=\"padding-right:15px;padding-left:15px\" id=\"hero\"><span aria-hidden=\"true\" class=\"wp-block-cover__background has-neutral-800-background-color has-background-dim-40 has-background-dim\"><\/span><img loading=\"lazy\" decoding=\"async\" width=\"2560\" height=\"1707\" src=\"https:\/\/calzaclemente.it\/app\/uploads\/2025\/02\/close-up-organic-milk-with-gourmet-cheese-scaled.jpeg\" class=\"wp-block-cover__image-background wp-post-image\" alt=\"\" data-object-fit=\"cover\" srcset=\"https:\/\/calzaclemente.it\/app\/uploads\/2025\/02\/close-up-organic-milk-with-gourmet-cheese-scaled.jpeg 2560w, https:\/\/calzaclemente.it\/app\/uploads\/2025\/02\/close-up-organic-milk-with-gourmet-cheese-600x400.jpeg 600w, https:\/\/calzaclemente.it\/app\/uploads\/2025\/02\/close-up-organic-milk-with-gourmet-cheese-1440x960.jpeg 1440w, https:\/\/calzaclemente.it\/app\/uploads\/2025\/02\/close-up-organic-milk-with-gourmet-cheese-1024x683.jpeg 1024w, https:\/\/calzaclemente.it\/app\/uploads\/2025\/02\/close-up-organic-milk-with-gourmet-cheese-1536x1024.jpeg 1536w, https:\/\/calzaclemente.it\/app\/uploads\/2025\/02\/close-up-organic-milk-with-gourmet-cheese-2048x1366.jpeg 2048w, https:\/\/calzaclemente.it\/app\/uploads\/2025\/02\/close-up-organic-milk-with-gourmet-cheese-70x47.jpeg 70w, https:\/\/calzaclemente.it\/app\/uploads\/2025\/02\/close-up-organic-milk-with-gourmet-cheese-1920x1280.jpeg 1920w\" sizes=\"auto, (max-width: 2560px) 100vw, 2560px\" \/><div class=\"wp-block-cover__inner-container is-layout-constrained wp-container-core-cover-is-layout-3467996f wp-block-cover-is-layout-constrained\">\n<div class=\"wp-block-group thor-maxwidth-3xl has-link-color wp-elements-df2ed51a40bed9922db979207b19ba26 is-layout-constrained wp-block-group-is-layout-constrained\"><nav aria-label=\"breadcrumbs\" class=\"rank-math-breadcrumb\"><p><span class=\"last\">Home<\/span><\/p><\/nav>\n\n\n<h1 class=\"wp-block-post-title\">Enzimas<\/h1><\/div>\n<\/div><\/div>\n\n<div class=\"wp-block-group thor-maxwidth-default is-layout-constrained wp-block-group-is-layout-constrained\">\n<div style=\"height:35px\" aria-hidden=\"true\" class=\"wp-block-spacer\"><\/div>\n\n\n\n<div style=\"height:35px\" aria-hidden=\"true\" class=\"wp-block-spacer thor-hidden-sm\"><\/div>\n\n\n\n<div class=\"wp-block-columns is-layout-flex wp-container-core-columns-is-layout-28f84493 wp-block-columns-is-layout-flex\">\n<div class=\"wp-block-column is-layout-flow wp-block-column-is-layout-flow\" style=\"flex-basis:35%\">\n<h3 class=\"wp-block-heading\">Descubriendo la Magia de las Enzimas L\u00e1cteas<\/h3>\n\n\n<\/div>\n\n\n\n<div class=\"wp-block-column thor-hidden-sm thor-hidden-md is-layout-flow wp-block-column-is-layout-flow\" style=\"flex-basis:15%\"><\/div>\n\n\n\n<div class=\"wp-block-column is-layout-flow wp-block-column-is-layout-flow\" style=\"flex-basis:50%\">\n<p class=\"\">Las enzimas juegan un papel fundamental en la industria l\u00e1ctea, impulsando la innovaci\u00f3n y mejorando la producci\u00f3n de una amplia gama de productos l\u00e1cteos. Desde mejorar la digestibilidad de la leche sin lactosa hasta desarrollar los ricos sabores de los quesos a\u00f1ejos, las enzimas est\u00e1n en el coraz\u00f3n de la creaci\u00f3n de productos l\u00e1cteos de alta calidad que los consumidores aman. <\/p>\n\n\n\n<p class=\"\">Desbloquea el incre\u00edble potencial de las enzimas para mejorar la calidad, el sabor y los beneficios nutricionales de tus productos l\u00e1cteos. Nuestras enzimas trabajan diligentemente para optimizar los procesos, promover la sostenibilidad y reducir el desperdicio. <\/p>\n<\/div>\n<\/div>\n\n\n\n<div style=\"height:35px\" aria-hidden=\"true\" class=\"wp-block-spacer\"><\/div>\n\n\n\n<div style=\"height:35px\" aria-hidden=\"true\" class=\"wp-block-spacer thor-hidden-sm\"><\/div>\n<\/div>\n\n<div class=\"wp-block-group thor-maxwidth-default is-layout-constrained wp-block-group-is-layout-constrained\"><div id=\"thor-block_dfc028f8741b587a0d5ac69dbd1bbcaa\" class=\"thor-posts-list align wp-block-acf-posts-list\">\n\n      <div class=\"flex flex-wrap justify-between items-center mb-8\">\n      <h3 class=\"mb-0 wp-block-heading has-2-xl-font-size\">\n        Nuestros productos enzim\u00e1ticos\n      <\/h3>\n\n              <div class=\"hidden relative gap-8 items-center w-1\/2 md:flex md:justify-end\">\n          <div class=\"swiper-button-prev\">\n            <svg width=\"16\" height=\"15\" viewBox=\"0 0 16 15\" fill=\"none\" xmlns=\"http:\/\/www.w3.org\/2000\/svg\">\n<path d=\"M0.292901 6.7927C-0.0975993 7.18323 -0.0975993 7.81639 0.292901 8.20692L6.65685 14.5709C7.04738 14.9614 7.68054 14.9614 8.07107 14.5709C8.46159 14.1804 8.46159 13.5472 8.07107 13.1567L2.4142 7.49981L8.07107 1.84291C8.46159 1.45241 8.46159 0.819307 8.07107 0.428707C7.68054 0.0382073 7.04738 0.0382073 6.65685 0.428707L0.292901 6.7927ZM16 6.49981L1 6.49981L1 8.49981L16 8.49981L16 6.49981Z\" fill=\"#E30613\"\/>\n<\/svg>\n          <\/div>\n          <div class=\"swiper-button-next\">\n            <svg width=\"16\" height=\"15\" viewBox=\"0 0 16 15\" fill=\"none\" xmlns=\"http:\/\/www.w3.org\/2000\/svg\">\n<path d=\"M15.7071 8.20711C16.0976 7.81658 16.0976 7.18342 15.7071 6.79289L9.34315 0.428932C8.95262 0.0384078 8.31946 0.0384078 7.92893 0.428932C7.53841 0.819457 7.53841 1.45262 7.92893 1.84315L13.5858 7.5L7.92893 13.1569C7.53841 13.5474 7.53841 14.1805 7.92893 14.5711C8.31946 14.9616 8.95262 14.9616 9.34315 14.5711L15.7071 8.20711ZM0 8.5H15V6.5H0V8.5Z\" fill=\"#E30613\"\/>\n<\/svg>\n          <\/div>\n        <\/div>\n          <\/div>\n  \n  \n  <div\n    class=\"slider swiper\"\n    id=\"posts-container\"\n          data-slides-per-view=\"4\"\n      >\n          <div class=\"swiper-wrapper\">\n    \n                  <div class=\"swiper-slide square-image-preview\">\n                    <article class=\"teaser-post post-2010 product type-product status-publish has-post-thumbnail hentry\">\n  <header>\n    <a href=\"https:\/\/calzaclemente.it\/es\/products\/enzimas\/cuajo-natural\/\" title=\"Cuajo natural\">\n      <figure>\n                  <img decoding=\"async\" width=\"1440\" height=\"960\" src=\"https:\/\/calzaclemente.it\/app\/uploads\/2025\/03\/employees-private-cheese-factory-production-1440x960.jpg\" class=\"attachment-large size-large wp-post-image\" alt=\"Caglio naturale\" loading=\"lazy\" srcset=\"https:\/\/calzaclemente.it\/app\/uploads\/2025\/03\/employees-private-cheese-factory-production-1440x960.jpg 1440w, https:\/\/calzaclemente.it\/app\/uploads\/2025\/03\/employees-private-cheese-factory-production-600x400.jpg 600w, https:\/\/calzaclemente.it\/app\/uploads\/2025\/03\/employees-private-cheese-factory-production-1024x683.jpg 1024w, https:\/\/calzaclemente.it\/app\/uploads\/2025\/03\/employees-private-cheese-factory-production-1536x1024.jpg 1536w, https:\/\/calzaclemente.it\/app\/uploads\/2025\/03\/employees-private-cheese-factory-production-2048x1365.jpg 2048w, https:\/\/calzaclemente.it\/app\/uploads\/2025\/03\/employees-private-cheese-factory-production-70x47.jpg 70w, https:\/\/calzaclemente.it\/app\/uploads\/2025\/03\/employees-private-cheese-factory-production-1920x1280.jpg 1920w\" sizes=\"auto, (max-width: 1440px) 100vw, 1440px\" \/>\n              <\/figure>\n    <\/a>\n    \n\n    <h2 class=\"entry-title\">\n      <a href=\"https:\/\/calzaclemente.it\/es\/products\/enzimas\/cuajo-natural\/\" title=\"Cuajo natural\">\n        Cuajo natural\n      <\/a>\n    <\/h2>\n\n          <p>D\u00e9cadas de experiencia<\/p>\n      <\/header>\n\n  <div class=\"entry-link\">\n    <a href=\"https:\/\/calzaclemente.it\/es\/products\/enzimas\/cuajo-natural\/\" title=\"Cuajo natural\">\n      Descubrir\n      <svg width=\"16\" height=\"15\" viewBox=\"0 0 16 15\" fill=\"none\" xmlns=\"http:\/\/www.w3.org\/2000\/svg\">\n<path d=\"M15.7071 8.20711C16.0976 7.81658 16.0976 7.18342 15.7071 6.79289L9.34315 0.428932C8.95262 0.0384078 8.31946 0.0384078 7.92893 0.428932C7.53841 0.819457 7.53841 1.45262 7.92893 1.84315L13.5858 7.5L7.92893 13.1569C7.53841 13.5474 7.53841 14.1805 7.92893 14.5711C8.31946 14.9616 8.95262 14.9616 9.34315 14.5711L15.7071 8.20711ZM0 8.5H15V6.5H0V8.5Z\" fill=\"#E30613\"\/>\n<\/svg>\n    <\/a>\n  <\/div>\n<\/article>\n        <\/div>\n              <div class=\"swiper-slide square-image-preview\">\n                    <article class=\"teaser-post post-1972 product type-product status-publish has-post-thumbnail hentry\">\n  <header>\n    <a href=\"https:\/\/calzaclemente.it\/es\/products\/enzimas\/coagulantes\/\" title=\"Coagulantes\">\n      <figure>\n                  <img decoding=\"async\" width=\"1440\" height=\"960\" src=\"https:\/\/calzaclemente.it\/app\/uploads\/2025\/03\/employees-private-cheese-factory-production-1440x960.jpg\" class=\"attachment-large size-large wp-post-image\" alt=\"Caglio naturale\" loading=\"lazy\" srcset=\"https:\/\/calzaclemente.it\/app\/uploads\/2025\/03\/employees-private-cheese-factory-production-1440x960.jpg 1440w, https:\/\/calzaclemente.it\/app\/uploads\/2025\/03\/employees-private-cheese-factory-production-600x400.jpg 600w, https:\/\/calzaclemente.it\/app\/uploads\/2025\/03\/employees-private-cheese-factory-production-1024x683.jpg 1024w, https:\/\/calzaclemente.it\/app\/uploads\/2025\/03\/employees-private-cheese-factory-production-1536x1024.jpg 1536w, https:\/\/calzaclemente.it\/app\/uploads\/2025\/03\/employees-private-cheese-factory-production-2048x1365.jpg 2048w, https:\/\/calzaclemente.it\/app\/uploads\/2025\/03\/employees-private-cheese-factory-production-70x47.jpg 70w, https:\/\/calzaclemente.it\/app\/uploads\/2025\/03\/employees-private-cheese-factory-production-1920x1280.jpg 1920w\" sizes=\"auto, (max-width: 1440px) 100vw, 1440px\" \/>\n              <\/figure>\n    <\/a>\n    \n\n    <h2 class=\"entry-title\">\n      <a href=\"https:\/\/calzaclemente.it\/es\/products\/enzimas\/coagulantes\/\" title=\"Coagulantes\">\n        Coagulantes\n      <\/a>\n    <\/h2>\n\n          <p>Descubriendo la versatilidad de los coagulantes no animales.<\/p>\n      <\/header>\n\n  <div class=\"entry-link\">\n    <a href=\"https:\/\/calzaclemente.it\/es\/products\/enzimas\/coagulantes\/\" title=\"Coagulantes\">\n      Descubrir\n      <svg width=\"16\" height=\"15\" viewBox=\"0 0 16 15\" fill=\"none\" xmlns=\"http:\/\/www.w3.org\/2000\/svg\">\n<path d=\"M15.7071 8.20711C16.0976 7.81658 16.0976 7.18342 15.7071 6.79289L9.34315 0.428932C8.95262 0.0384078 8.31946 0.0384078 7.92893 0.428932C7.53841 0.819457 7.53841 1.45262 7.92893 1.84315L13.5858 7.5L7.92893 13.1569C7.53841 13.5474 7.53841 14.1805 7.92893 14.5711C8.31946 14.9616 8.95262 14.9616 9.34315 14.5711L15.7071 8.20711ZM0 8.5H15V6.5H0V8.5Z\" fill=\"#E30613\"\/>\n<\/svg>\n    <\/a>\n  <\/div>\n<\/article>\n        <\/div>\n              <div class=\"swiper-slide square-image-preview\">\n                    <article class=\"teaser-post post-1984 product type-product status-publish has-post-thumbnail hentry\">\n  <header>\n    <a href=\"https:\/\/calzaclemente.it\/es\/products\/enzimas\/lactasa\/\" title=\"Lactasa\">\n      <figure>\n                  <img decoding=\"async\" width=\"1440\" height=\"823\" src=\"https:\/\/calzaclemente.it\/app\/uploads\/2025\/03\/photo-1638258581353-0ab658542e73-1440x823.avif\" class=\"attachment-large size-large wp-post-image\" alt=\"\" loading=\"lazy\" srcset=\"https:\/\/calzaclemente.it\/app\/uploads\/2025\/03\/photo-1638258581353-0ab658542e73-1440x823.avif 1440w, https:\/\/calzaclemente.it\/app\/uploads\/2025\/03\/photo-1638258581353-0ab658542e73-600x343.avif 600w, https:\/\/calzaclemente.it\/app\/uploads\/2025\/03\/photo-1638258581353-0ab658542e73-1024x585.avif 1024w, https:\/\/calzaclemente.it\/app\/uploads\/2025\/03\/photo-1638258581353-0ab658542e73-1536x878.avif 1536w, https:\/\/calzaclemente.it\/app\/uploads\/2025\/03\/photo-1638258581353-0ab658542e73-70x40.avif 70w, https:\/\/calzaclemente.it\/app\/uploads\/2025\/03\/photo-1638258581353-0ab658542e73-1920x1097.avif 1920w, https:\/\/calzaclemente.it\/app\/uploads\/2025\/03\/photo-1638258581353-0ab658542e73.avif 2030w\" sizes=\"auto, (max-width: 1440px) 100vw, 1440px\" \/>\n              <\/figure>\n    <\/a>\n    \n\n    <h2 class=\"entry-title\">\n      <a href=\"https:\/\/calzaclemente.it\/es\/products\/enzimas\/lactasa\/\" title=\"Lactasa\">\n        Lactasa\n      <\/a>\n    <\/h2>\n\n          <p>Convierte los desaf\u00edos en oportunidades de crecimiento<\/p>\n      <\/header>\n\n  <div class=\"entry-link\">\n    <a href=\"https:\/\/calzaclemente.it\/es\/products\/enzimas\/lactasa\/\" title=\"Lactasa\">\n      Descubrir\n      <svg width=\"16\" height=\"15\" viewBox=\"0 0 16 15\" fill=\"none\" xmlns=\"http:\/\/www.w3.org\/2000\/svg\">\n<path d=\"M15.7071 8.20711C16.0976 7.81658 16.0976 7.18342 15.7071 6.79289L9.34315 0.428932C8.95262 0.0384078 8.31946 0.0384078 7.92893 0.428932C7.53841 0.819457 7.53841 1.45262 7.92893 1.84315L13.5858 7.5L7.92893 13.1569C7.53841 13.5474 7.53841 14.1805 7.92893 14.5711C8.31946 14.9616 8.95262 14.9616 9.34315 14.5711L15.7071 8.20711ZM0 8.5H15V6.5H0V8.5Z\" fill=\"#E30613\"\/>\n<\/svg>\n    <\/a>\n  <\/div>\n<\/article>\n        <\/div>\n              <div class=\"swiper-slide square-image-preview\">\n                    <article class=\"teaser-post post-2000 product type-product status-publish has-post-thumbnail hentry\">\n  <header>\n    <a href=\"https:\/\/calzaclemente.it\/es\/products\/enzimas\/lipasa\/\" title=\"Lipasa\">\n      <figure>\n                  <img decoding=\"async\" width=\"1100\" height=\"734\" src=\"https:\/\/calzaclemente.it\/app\/uploads\/2025\/03\/a-variety-of-cheeses-on-a-wooden-table-for-article-about-cholesterol.jpg\" class=\"attachment-large size-large wp-post-image\" alt=\"\" loading=\"lazy\" srcset=\"https:\/\/calzaclemente.it\/app\/uploads\/2025\/03\/a-variety-of-cheeses-on-a-wooden-table-for-article-about-cholesterol.jpg 1100w, https:\/\/calzaclemente.it\/app\/uploads\/2025\/03\/a-variety-of-cheeses-on-a-wooden-table-for-article-about-cholesterol-600x400.jpg 600w, https:\/\/calzaclemente.it\/app\/uploads\/2025\/03\/a-variety-of-cheeses-on-a-wooden-table-for-article-about-cholesterol-1024x683.jpg 1024w, https:\/\/calzaclemente.it\/app\/uploads\/2025\/03\/a-variety-of-cheeses-on-a-wooden-table-for-article-about-cholesterol-70x47.jpg 70w\" sizes=\"auto, (max-width: 1100px) 100vw, 1100px\" \/>\n              <\/figure>\n    <\/a>\n    \n\n    <h2 class=\"entry-title\">\n      <a href=\"https:\/\/calzaclemente.it\/es\/products\/enzimas\/lipasa\/\" title=\"Lipasa\">\n        Lipasa\n      <\/a>\n    <\/h2>\n\n          <p>La forma de mejorar la intensidad del sabor.<\/p>\n      <\/header>\n\n  <div class=\"entry-link\">\n    <a href=\"https:\/\/calzaclemente.it\/es\/products\/enzimas\/lipasa\/\" title=\"Lipasa\">\n      Descubrir\n      <svg width=\"16\" height=\"15\" viewBox=\"0 0 16 15\" fill=\"none\" xmlns=\"http:\/\/www.w3.org\/2000\/svg\">\n<path d=\"M15.7071 8.20711C16.0976 7.81658 16.0976 7.18342 15.7071 6.79289L9.34315 0.428932C8.95262 0.0384078 8.31946 0.0384078 7.92893 0.428932C7.53841 0.819457 7.53841 1.45262 7.92893 1.84315L13.5858 7.5L7.92893 13.1569C7.53841 13.5474 7.53841 14.1805 7.92893 14.5711C8.31946 14.9616 8.95262 14.9616 9.34315 14.5711L15.7071 8.20711ZM0 8.5H15V6.5H0V8.5Z\" fill=\"#E30613\"\/>\n<\/svg>\n    <\/a>\n  <\/div>\n<\/article>\n        <\/div>\n              <div class=\"swiper-slide square-image-preview\">\n                    <article class=\"teaser-post post-2016 product type-product status-publish has-post-thumbnail hentry\">\n  <header>\n    <a href=\"https:\/\/calzaclemente.it\/es\/products\/enzimas\/transglutaminasa\/\" title=\"Transglutaminasa\">\n      <figure>\n                  <img decoding=\"async\" width=\"1440\" height=\"960\" src=\"https:\/\/calzaclemente.it\/app\/uploads\/2025\/02\/pouring-organic-milk-spoon-1440x960.jpg\" class=\"attachment-large size-large wp-post-image\" alt=\"\" loading=\"lazy\" srcset=\"https:\/\/calzaclemente.it\/app\/uploads\/2025\/02\/pouring-organic-milk-spoon-1440x960.jpg 1440w, https:\/\/calzaclemente.it\/app\/uploads\/2025\/02\/pouring-organic-milk-spoon-600x400.jpg 600w, https:\/\/calzaclemente.it\/app\/uploads\/2025\/02\/pouring-organic-milk-spoon-1024x683.jpg 1024w, https:\/\/calzaclemente.it\/app\/uploads\/2025\/02\/pouring-organic-milk-spoon-1536x1024.jpg 1536w, https:\/\/calzaclemente.it\/app\/uploads\/2025\/02\/pouring-organic-milk-spoon-2048x1365.jpg 2048w, https:\/\/calzaclemente.it\/app\/uploads\/2025\/02\/pouring-organic-milk-spoon-70x47.jpg 70w, https:\/\/calzaclemente.it\/app\/uploads\/2025\/02\/pouring-organic-milk-spoon-1920x1280.jpg 1920w\" sizes=\"auto, (max-width: 1440px) 100vw, 1440px\" \/>\n              <\/figure>\n    <\/a>\n    \n\n    <h2 class=\"entry-title\">\n      <a href=\"https:\/\/calzaclemente.it\/es\/products\/enzimas\/transglutaminasa\/\" title=\"Transglutaminasa\">\n        Transglutaminasa\n      <\/a>\n    <\/h2>\n\n          <p>Sistema Inteligente de Texturizaci\u00f3n<\/p>\n      <\/header>\n\n  <div class=\"entry-link\">\n    <a href=\"https:\/\/calzaclemente.it\/es\/products\/enzimas\/transglutaminasa\/\" title=\"Transglutaminasa\">\n      Descubrir\n      <svg width=\"16\" height=\"15\" viewBox=\"0 0 16 15\" fill=\"none\" xmlns=\"http:\/\/www.w3.org\/2000\/svg\">\n<path d=\"M15.7071 8.20711C16.0976 7.81658 16.0976 7.18342 15.7071 6.79289L9.34315 0.428932C8.95262 0.0384078 8.31946 0.0384078 7.92893 0.428932C7.53841 0.819457 7.53841 1.45262 7.92893 1.84315L13.5858 7.5L7.92893 13.1569C7.53841 13.5474 7.53841 14.1805 7.92893 14.5711C8.31946 14.9616 8.95262 14.9616 9.34315 14.5711L15.7071 8.20711ZM0 8.5H15V6.5H0V8.5Z\" fill=\"#E30613\"\/>\n<\/svg>\n    <\/a>\n  <\/div>\n<\/article>\n        <\/div>\n          \n          <\/div>\n      <\/div><!--row-->\n<\/div>\n<\/div>\n\n<div style=\"height:35px\" aria-hidden=\"true\" class=\"wp-block-spacer\"><\/div>\n\n<div style=\"height:35px\" aria-hidden=\"true\" class=\"wp-block-spacer thor-hidden-sm\"><\/div>\n","protected":false},"excerpt":{"rendered":"<p>Desbloquea el incre\u00edble potencial de las enzimas para mejorar la calidad, el sabor y los beneficios nutricionales de tus productos l\u00e1cteos. Nuestras enzimas trabajan diligentemente para optimizar los procesos, promover la sostenibilidad y reducir el desperdicio. <\/p>\n","protected":false},"author":1,"featured_media":548,"parent":0,"menu_order":0,"template":"","class_list":["post-1969","product","type-product","status-publish","has-post-thumbnail","hentry"],"acf":[],"_links":{"self":[{"href":"https:\/\/calzaclemente.it\/es\/wp-json\/wp\/v2\/product\/1969","targetHints":{"allow":["GET"]}}],"collection":[{"href":"https:\/\/calzaclemente.it\/es\/wp-json\/wp\/v2\/product"}],"about":[{"href":"https:\/\/calzaclemente.it\/es\/wp-json\/wp\/v2\/types\/product"}],"author":[{"embeddable":true,"href":"https:\/\/calzaclemente.it\/es\/wp-json\/wp\/v2\/users\/1"}],"wp:featuredmedia":[{"embeddable":true,"href":"https:\/\/calzaclemente.it\/es\/wp-json\/wp\/v2\/media\/548"}],"wp:attachment":[{"href":"https:\/\/calzaclemente.it\/es\/wp-json\/wp\/v2\/media?parent=1969"}],"curies":[{"name":"wp","href":"https:\/\/api.w.org\/{rel}","templated":true}]}}