{"id":1957,"date":"2025-02-24T09:49:26","date_gmt":"2025-02-24T08:49:26","guid":{"rendered":"https:\/\/calzaclemente.it\/products\/cultivos-y-probioticos\/cepas-de-probioticos\/"},"modified":"2025-07-25T12:43:26","modified_gmt":"2025-07-25T10:43:26","slug":"cepas-de-probioticos","status":"publish","type":"product","link":"https:\/\/calzaclemente.it\/es\/products\/cultivos-y-probioticos\/cepas-de-probioticos\/","title":{"rendered":"Cepas de Probi\u00f3ticos"},"content":{"rendered":"\n<div class=\"wp-block-cover alignfull is-light has-custom-content-position is-position-top-center has-white-color has-text-color has-link-color wp-elements-2bbb0831a6815cd19ce8866d0321d1fa\" style=\"padding-right:15px;padding-left:15px\" id=\"hero\"><span aria-hidden=\"true\" class=\"wp-block-cover__background has-neutral-800-background-color has-background-dim-40 has-background-dim\"><\/span><img loading=\"lazy\" decoding=\"async\" width=\"2560\" height=\"1053\" src=\"https:\/\/calzaclemente.it\/app\/uploads\/2025\/02\/happy-family-baking-together-kitchen-scaled.jpg\" class=\"wp-block-cover__image-background wp-post-image\" alt=\"\" data-object-fit=\"cover\" srcset=\"https:\/\/calzaclemente.it\/app\/uploads\/2025\/02\/happy-family-baking-together-kitchen-scaled.jpg 2560w, https:\/\/calzaclemente.it\/app\/uploads\/2025\/02\/happy-family-baking-together-kitchen-600x247.jpg 600w, https:\/\/calzaclemente.it\/app\/uploads\/2025\/02\/happy-family-baking-together-kitchen-1440x592.jpg 1440w, https:\/\/calzaclemente.it\/app\/uploads\/2025\/02\/happy-family-baking-together-kitchen-1024x421.jpg 1024w, https:\/\/calzaclemente.it\/app\/uploads\/2025\/02\/happy-family-baking-together-kitchen-1536x632.jpg 1536w, https:\/\/calzaclemente.it\/app\/uploads\/2025\/02\/happy-family-baking-together-kitchen-2048x842.jpg 2048w, https:\/\/calzaclemente.it\/app\/uploads\/2025\/02\/happy-family-baking-together-kitchen-70x29.jpg 70w, https:\/\/calzaclemente.it\/app\/uploads\/2025\/02\/happy-family-baking-together-kitchen-1920x790.jpg 1920w\" sizes=\"auto, (max-width: 2560px) 100vw, 2560px\" \/><div class=\"wp-block-cover__inner-container is-layout-constrained wp-container-core-cover-is-layout-3467996f wp-block-cover-is-layout-constrained\">\n<div class=\"wp-block-group thor-maxwidth-3xl has-link-color wp-elements-df2ed51a40bed9922db979207b19ba26 is-layout-constrained wp-block-group-is-layout-constrained\"><nav aria-label=\"breadcrumbs\" class=\"rank-math-breadcrumb\"><p><span class=\"last\">Home<\/span><\/p><\/nav>\n\n\n<h1 class=\"wp-block-post-title\">Cepas de Probi\u00f3ticos<\/h1><\/div>\n<\/div><\/div>\n\n<div style=\"height:60px\" aria-hidden=\"true\" class=\"wp-block-spacer thor-hidden-sm\"><\/div>\n\n<div class=\"wp-block-columns are-vertically-aligned-center thor-default is-layout-flex wp-container-core-columns-is-layout-0e0088bb wp-block-columns-is-layout-flex\" style=\"padding-top:30px;padding-bottom:30px\">\n<div class=\"wp-block-column is-vertically-aligned-center is-layout-flow wp-block-column-is-layout-flow\">\n<figure class=\"wp-block-image size-large has-custom-border\"><img loading=\"lazy\" decoding=\"async\" width=\"1440\" height=\"960\" src=\"https:\/\/calzaclemente.it\/app\/uploads\/2025\/02\/glass-jar-with-homemade-yogurt-with-raspberries-hands-woman-1440x960.jpg\" alt=\"\" class=\"wp-image-1199\" style=\"border-radius:5px;aspect-ratio:4\/3;object-fit:cover\" srcset=\"https:\/\/calzaclemente.it\/app\/uploads\/2025\/02\/glass-jar-with-homemade-yogurt-with-raspberries-hands-woman-1440x960.jpg 1440w, https:\/\/calzaclemente.it\/app\/uploads\/2025\/02\/glass-jar-with-homemade-yogurt-with-raspberries-hands-woman-600x400.jpg 600w, https:\/\/calzaclemente.it\/app\/uploads\/2025\/02\/glass-jar-with-homemade-yogurt-with-raspberries-hands-woman-1024x683.jpg 1024w, https:\/\/calzaclemente.it\/app\/uploads\/2025\/02\/glass-jar-with-homemade-yogurt-with-raspberries-hands-woman-1536x1024.jpg 1536w, https:\/\/calzaclemente.it\/app\/uploads\/2025\/02\/glass-jar-with-homemade-yogurt-with-raspberries-hands-woman-2048x1365.jpg 2048w, https:\/\/calzaclemente.it\/app\/uploads\/2025\/02\/glass-jar-with-homemade-yogurt-with-raspberries-hands-woman-70x47.jpg 70w, https:\/\/calzaclemente.it\/app\/uploads\/2025\/02\/glass-jar-with-homemade-yogurt-with-raspberries-hands-woman-1920x1280.jpg 1920w\" sizes=\"auto, (max-width: 1440px) 100vw, 1440px\" \/><\/figure>\n<\/div>\n\n\n\n<div class=\"wp-block-column is-vertically-aligned-center is-layout-flow wp-block-column-is-layout-flow\">\n<div class=\"wp-block-columns thor-default is-layout-flex wp-container-core-columns-is-layout-aca22cf8 wp-block-columns-is-layout-flex\">\n<div class=\"wp-block-column thor-hidden-sm thor-hidden-md thor-hidden-lg is-layout-flow wp-block-column-is-layout-flow\" style=\"flex-basis:110px\"><\/div>\n\n\n\n<div class=\"wp-block-column is-layout-flow wp-block-column-is-layout-flow\">\n<h2 class=\"wp-block-heading\">Mejorando la Salud L\u00e1ctea con el Poder de de los cultivos probi\u00f3ticos.<\/h2>\n\n\n\n<p class=\"\">CALZA CLEMENTE ofrece una amplia gama de cultivos probi\u00f3ticos para aplicaciones l\u00e1cteas, asegurando una viabilidad confiable durante la vida \u00fatil de tus productos. <\/p>\n\n\n\n<p class=\"\">Estamos comprometidos a brindarte la oportunidad de enriquecer tus productos l\u00e1cteos con nuestras diversas cepas probi\u00f3ticas. <\/p>\n\n\n\n<p class=\"\">As\u00f3ciate con nosotros para llevar los beneficios de los probi\u00f3ticos a tus clientes, promoviendo la salud y el bienestar a trav\u00e9s de soluciones l\u00e1cteas innovadoras.<\/p>\n<\/div>\n\n\n\n<div class=\"wp-block-column thor-hidden-sm thor-hidden-md thor-hidden-lg is-layout-flow wp-block-column-is-layout-flow\" style=\"flex-basis:110px\"><\/div>\n<\/div>\n<\/div>\n<\/div>\n\n<div style=\"height:60px\" aria-hidden=\"true\" class=\"wp-block-spacer thor-hidden-sm\"><\/div>\n\n<div class=\"wp-block-group alignfull thor-maxwidth-default has-neutral-300-background-color has-background is-layout-constrained wp-block-group-is-layout-constrained\" style=\"padding-top:30px;padding-bottom:30px\">\n<div style=\"height:60px\" aria-hidden=\"true\" class=\"wp-block-spacer thor-hidden-sm\"><\/div>\n\n\n\n<h3 class=\"wp-block-heading\">Nuestra cartera<\/h3>\n\n\n<div id=\"thor-block_f8531b7a84e9c9c064e4d4d1caae9be4\" class=\"thor-cards-slider layout-list align wp-block-acf-cards-slider\">\n\n  \n                  <div class=\"cards-list\">\n                                          <div class=\"w-full card-item\">\n                                        <figure>\n                                                    <img decoding=\"async\"\n                    src=\"https:\/\/calzaclemente.it\/app\/uploads\/2025\/02\/GettyImages-1481094493-scaled-thegem-blog-default.jpg\"\n                    alt=\"\"\n                    srcset=\"https:\/\/calzaclemente.it\/app\/uploads\/2025\/02\/GettyImages-1481094493-scaled-thegem-blog-default-600x277.jpg 300w, https:\/\/calzaclemente.it\/app\/uploads\/2025\/02\/GettyImages-1481094493-scaled-thegem-blog-default.jpg 1024w\"\n                    sizes=\"(max-width: 600px) 300px, 1024px\"\n                  \/>\n                              <\/figure>\n              \n                              <div class=\"entry-text\">\n                  <h3>Cepa \u00fanica<\/h3>\n<p>Amplia gama de cepas<\/p>\n\n                <\/div>\n              \n                          <\/div><!--swiper-slide-->\n                                    <div class=\"w-full card-item\">\n                                        <figure>\n                                                    <img decoding=\"async\"\n                    src=\"https:\/\/calzaclemente.it\/app\/uploads\/2025\/02\/close-up-girl-with-vanilla-ice-cream-1440x1981.jpg\"\n                    alt=\"\"\n                    srcset=\"https:\/\/calzaclemente.it\/app\/uploads\/2025\/02\/close-up-girl-with-vanilla-ice-cream-600x825.jpg 300w, https:\/\/calzaclemente.it\/app\/uploads\/2025\/02\/close-up-girl-with-vanilla-ice-cream-1440x1981.jpg 1024w\"\n                    sizes=\"(max-width: 600px) 300px, 1024px\"\n                  \/>\n                              <\/figure>\n              \n                              <div class=\"entry-text\">\n                  <h3>Soluciones mixtas<\/h3>\n<p>Calidad y estabilidad<\/p>\n\n                <\/div>\n              \n                          <\/div><!--swiper-slide-->\n                                    <div class=\"w-full card-item\">\n                                        <figure>\n                                                    <img decoding=\"async\"\n                    src=\"https:\/\/calzaclemente.it\/app\/uploads\/2025\/02\/scientific-weighing-white-liquid-beaker-1440x2160.jpg\"\n                    alt=\"\"\n                    srcset=\"https:\/\/calzaclemente.it\/app\/uploads\/2025\/02\/scientific-weighing-white-liquid-beaker-600x900.jpg 300w, https:\/\/calzaclemente.it\/app\/uploads\/2025\/02\/scientific-weighing-white-liquid-beaker-1440x2160.jpg 1024w\"\n                    sizes=\"(max-width: 600px) 300px, 1024px\"\n                  \/>\n                              <\/figure>\n              \n                              <div class=\"entry-text\">\n                  <h3>Soluciones personalizadas<\/h3>\n<p>Mejorando funcionalidad<\/p>\n\n                <\/div>\n              \n                          <\/div><!--swiper-slide-->\n          \n              <\/div>\n          <\/div>\n\n\n\n<div style=\"height:60px\" aria-hidden=\"true\" class=\"wp-block-spacer thor-hidden-sm\"><\/div>\n<\/div>\n\n<div class=\"wp-block-cover alignfull\" style=\"padding-right:30px;padding-left:30px\"><span aria-hidden=\"true\" class=\"wp-block-cover__background has-background-dim wp-block-cover__gradient-background has-background-gradient\" style=\"background:linear-gradient(135deg,rgba(0,0,0,0.5) 0%,rgba(0,0,0,0.5) 100%)\"><\/span><img loading=\"lazy\" decoding=\"async\" width=\"2560\" height=\"1019\" class=\"wp-block-cover__image-background wp-image-1202\" alt=\"\" src=\"https:\/\/calzaclemente.it\/app\/uploads\/2025\/02\/abstract-white-textured-foam-shapes-smooth-flowing-surface-resembling-soft-organic-forms-scaled.jpg\" data-object-fit=\"cover\" srcset=\"https:\/\/calzaclemente.it\/app\/uploads\/2025\/02\/abstract-white-textured-foam-shapes-smooth-flowing-surface-resembling-soft-organic-forms-scaled.jpg 2560w, https:\/\/calzaclemente.it\/app\/uploads\/2025\/02\/abstract-white-textured-foam-shapes-smooth-flowing-surface-resembling-soft-organic-forms-600x239.jpg 600w, https:\/\/calzaclemente.it\/app\/uploads\/2025\/02\/abstract-white-textured-foam-shapes-smooth-flowing-surface-resembling-soft-organic-forms-1440x573.jpg 1440w, https:\/\/calzaclemente.it\/app\/uploads\/2025\/02\/abstract-white-textured-foam-shapes-smooth-flowing-surface-resembling-soft-organic-forms-1024x408.jpg 1024w, https:\/\/calzaclemente.it\/app\/uploads\/2025\/02\/abstract-white-textured-foam-shapes-smooth-flowing-surface-resembling-soft-organic-forms-1536x612.jpg 1536w, https:\/\/calzaclemente.it\/app\/uploads\/2025\/02\/abstract-white-textured-foam-shapes-smooth-flowing-surface-resembling-soft-organic-forms-2048x815.jpg 2048w, https:\/\/calzaclemente.it\/app\/uploads\/2025\/02\/abstract-white-textured-foam-shapes-smooth-flowing-surface-resembling-soft-organic-forms-70x28.jpg 70w, https:\/\/calzaclemente.it\/app\/uploads\/2025\/02\/abstract-white-textured-foam-shapes-smooth-flowing-surface-resembling-soft-organic-forms-1920x764.jpg 1920w\" sizes=\"auto, (max-width: 2560px) 100vw, 2560px\" \/><div class=\"wp-block-cover__inner-container is-layout-constrained wp-container-core-cover-is-layout-7c3f3d2e wp-block-cover-is-layout-constrained\">\n<div class=\"wp-block-group thor-maxwidth-3xl is-layout-constrained wp-block-group-is-layout-constrained\">\n<div style=\"height:60px\" aria-hidden=\"true\" class=\"wp-block-spacer thor-hidden-sm thor-hidden-md\"><\/div>\n\n\n\n<div class=\"wp-block-columns thor-default is-layout-flex wp-container-core-columns-is-layout-33ba964e wp-block-columns-is-layout-flex\">\n<div class=\"wp-block-column is-layout-flow wp-block-column-is-layout-flow\" style=\"flex-basis:50%\">\n<div style=\"height:60px\" aria-hidden=\"true\" class=\"wp-block-spacer thor-hidden-sm thor-hidden-md\"><\/div>\n\n\n\n<p class=\"has-4-xl-font-size\">Al elegirnos, obtienes formulaciones personalizadas adaptadas a tus necesidades, creando soluciones probi\u00f3ticas \u00fanicas que mejoran tu diferenciaci\u00f3n en el mercado. Nuestra experiencia asegura que tu producto aumente el valor y el atractivo de tu marca, destac\u00e1ndote en el mercado competitivo. <\/p>\n\n\n\n<div style=\"height:60px\" aria-hidden=\"true\" class=\"wp-block-spacer thor-hidden-sm thor-hidden-md\"><\/div>\n<\/div>\n\n\n\n<div class=\"wp-block-column is-layout-flow wp-block-column-is-layout-flow\" style=\"flex-basis:50%\"><\/div>\n<\/div>\n\n\n\n<div style=\"height:60px\" aria-hidden=\"true\" class=\"wp-block-spacer thor-hidden-sm thor-hidden-md\"><\/div>\n<\/div>\n<\/div><\/div>\n\n<div style=\"height:30px\" aria-hidden=\"true\" class=\"wp-block-spacer\"><\/div>\n\n<div style=\"height:60px\" aria-hidden=\"true\" class=\"wp-block-spacer thor-hidden-sm\"><\/div>\n\n<div class=\"wp-block-columns are-vertically-aligned-center thor-default is-layout-flex wp-container-core-columns-is-layout-0e0088bb wp-block-columns-is-layout-flex\" style=\"padding-top:30px;padding-bottom:30px\">\n<div class=\"wp-block-column is-vertically-aligned-center is-layout-flow wp-block-column-is-layout-flow\">\n<figure class=\"wp-block-image size-large has-custom-border\"><img loading=\"lazy\" decoding=\"async\" width=\"1440\" height=\"823\" src=\"https:\/\/calzaclemente.it\/app\/uploads\/2025\/02\/female-scientist-lab-with-glass-milk-1440x823.jpg\" alt=\"\" class=\"wp-image-1211\" style=\"border-radius:5px;aspect-ratio:1;object-fit:cover\" srcset=\"https:\/\/calzaclemente.it\/app\/uploads\/2025\/02\/female-scientist-lab-with-glass-milk-1440x823.jpg 1440w, https:\/\/calzaclemente.it\/app\/uploads\/2025\/02\/female-scientist-lab-with-glass-milk-600x343.jpg 600w, https:\/\/calzaclemente.it\/app\/uploads\/2025\/02\/female-scientist-lab-with-glass-milk-1024x585.jpg 1024w, https:\/\/calzaclemente.it\/app\/uploads\/2025\/02\/female-scientist-lab-with-glass-milk-1536x878.jpg 1536w, https:\/\/calzaclemente.it\/app\/uploads\/2025\/02\/female-scientist-lab-with-glass-milk-2048x1170.jpg 2048w, https:\/\/calzaclemente.it\/app\/uploads\/2025\/02\/female-scientist-lab-with-glass-milk-70x40.jpg 70w, https:\/\/calzaclemente.it\/app\/uploads\/2025\/02\/female-scientist-lab-with-glass-milk-1920x1097.jpg 1920w\" sizes=\"auto, (max-width: 1440px) 100vw, 1440px\" \/><\/figure>\n<\/div>\n\n\n\n<div class=\"wp-block-column is-vertically-aligned-center is-layout-flow wp-block-column-is-layout-flow\">\n<div class=\"wp-block-columns thor-default is-layout-flex wp-container-core-columns-is-layout-aca22cf8 wp-block-columns-is-layout-flex\">\n<div class=\"wp-block-column thor-hidden-sm thor-hidden-md thor-hidden-lg is-layout-flow wp-block-column-is-layout-flow\" style=\"flex-basis:110px\"><\/div>\n\n\n\n<div class=\"wp-block-column is-layout-flow wp-block-column-is-layout-flow\">\n<h2 class=\"wp-block-heading\">Juntos podemos ayudarte a encontrar el producto perfecto para satisfacer tus necesidades:<\/h2>\n\n\n\n<ul class=\"wp-block-list is-style-checked-list\">\n<li class=\"\">Elegir entre nuestras cepas probi\u00f3ticas<\/li>\n\n\n\n<li class=\"\">Personalizar la mezcla en t\u00e9rminos de cepas deseadas<\/li>\n\n\n\n<li class=\"\">Personalizar la mezcla en t\u00e9rminos de concentraci\u00f3n de inoculaci\u00f3n<\/li>\n<\/ul>\n<\/div>\n\n\n\n<div class=\"wp-block-column thor-hidden-sm thor-hidden-md thor-hidden-lg is-layout-flow wp-block-column-is-layout-flow\" style=\"flex-basis:110px\"><\/div>\n<\/div>\n<\/div>\n<\/div>\n\n<div style=\"height:30px\" aria-hidden=\"true\" class=\"wp-block-spacer\"><\/div>\n\n<div style=\"height:60px\" aria-hidden=\"true\" class=\"wp-block-spacer thor-hidden-sm\"><\/div>\n","protected":false},"excerpt":{"rendered":"<p>Mejorando la Salud L\u00e1ctea con el Poder de de los cultivos probi\u00f3ticos.<\/p>\n","protected":false},"author":1,"featured_media":1958,"parent":1911,"menu_order":0,"template":"","class_list":["post-1957","product","type-product","status-publish","has-post-thumbnail","hentry"],"acf":[],"_links":{"self":[{"href":"https:\/\/calzaclemente.it\/es\/wp-json\/wp\/v2\/product\/1957","targetHints":{"allow":["GET"]}}],"collection":[{"href":"https:\/\/calzaclemente.it\/es\/wp-json\/wp\/v2\/product"}],"about":[{"href":"https:\/\/calzaclemente.it\/es\/wp-json\/wp\/v2\/types\/product"}],"author":[{"embeddable":true,"href":"https:\/\/calzaclemente.it\/es\/wp-json\/wp\/v2\/users\/1"}],"up":[{"embeddable":true,"href":"https:\/\/calzaclemente.it\/es\/wp-json\/wp\/v2\/product\/1911"}],"wp:featuredmedia":[{"embeddable":true,"href":"https:\/\/calzaclemente.it\/es\/wp-json\/wp\/v2\/media\/1958"}],"wp:attachment":[{"href":"https:\/\/calzaclemente.it\/es\/wp-json\/wp\/v2\/media?parent=1957"}],"curies":[{"name":"wp","href":"https:\/\/api.w.org\/{rel}","templated":true}]}}