{"id":1943,"date":"2025-01-29T18:33:21","date_gmt":"2025-01-29T17:33:21","guid":{"rendered":"https:\/\/calzaclemente.it\/products\/cultivos-y-probioticos\/lacteos-frescos\/"},"modified":"2025-07-25T12:35:51","modified_gmt":"2025-07-25T10:35:51","slug":"lacteos-frescos","status":"publish","type":"product","link":"https:\/\/calzaclemente.it\/es\/products\/cultivos-y-probioticos\/lacteos-frescos\/","title":{"rendered":"L\u00e1cteos Frescos"},"content":{"rendered":"\n<div class=\"wp-block-cover alignfull is-light has-custom-content-position is-position-top-center has-white-color has-text-color has-link-color wp-elements-2bbb0831a6815cd19ce8866d0321d1fa\" style=\"padding-right:15px;padding-left:15px\" id=\"hero\"><span aria-hidden=\"true\" class=\"wp-block-cover__background has-neutral-800-background-color has-background-dim-40 has-background-dim\"><\/span><img loading=\"lazy\" decoding=\"async\" width=\"2560\" height=\"1707\" src=\"https:\/\/calzaclemente.it\/app\/uploads\/2025\/01\/little-girl-having-raspberry-with-cream-scaled.jpg\" class=\"wp-block-cover__image-background wp-post-image\" alt=\"\" data-object-fit=\"cover\" srcset=\"https:\/\/calzaclemente.it\/app\/uploads\/2025\/01\/little-girl-having-raspberry-with-cream-scaled.jpg 2560w, https:\/\/calzaclemente.it\/app\/uploads\/2025\/01\/little-girl-having-raspberry-with-cream-600x400.jpg 600w, https:\/\/calzaclemente.it\/app\/uploads\/2025\/01\/little-girl-having-raspberry-with-cream-1440x960.jpg 1440w, https:\/\/calzaclemente.it\/app\/uploads\/2025\/01\/little-girl-having-raspberry-with-cream-1024x683.jpg 1024w, https:\/\/calzaclemente.it\/app\/uploads\/2025\/01\/little-girl-having-raspberry-with-cream-1536x1024.jpg 1536w, https:\/\/calzaclemente.it\/app\/uploads\/2025\/01\/little-girl-having-raspberry-with-cream-2048x1365.jpg 2048w, https:\/\/calzaclemente.it\/app\/uploads\/2025\/01\/little-girl-having-raspberry-with-cream-70x47.jpg 70w, https:\/\/calzaclemente.it\/app\/uploads\/2025\/01\/little-girl-having-raspberry-with-cream-1920x1280.jpg 1920w\" sizes=\"auto, (max-width: 2560px) 100vw, 2560px\" \/><div class=\"wp-block-cover__inner-container is-layout-constrained wp-container-core-cover-is-layout-3467996f wp-block-cover-is-layout-constrained\">\n<div class=\"wp-block-group thor-maxwidth-3xl has-link-color wp-elements-df2ed51a40bed9922db979207b19ba26 is-layout-constrained wp-block-group-is-layout-constrained\"><nav aria-label=\"breadcrumbs\" class=\"rank-math-breadcrumb\"><p><span class=\"last\">Home<\/span><\/p><\/nav>\n\n\n<h1 class=\"wp-block-post-title\">L\u00e1cteos Frescos<\/h1><\/div>\n<\/div><\/div>\n\n<div style=\"height:60px\" aria-hidden=\"true\" class=\"wp-block-spacer thor-hidden-sm\"><\/div>\n\n<div class=\"wp-block-columns are-vertically-aligned-center thor-default is-layout-flex wp-container-core-columns-is-layout-0e0088bb wp-block-columns-is-layout-flex\" style=\"padding-top:30px;padding-bottom:30px\">\n<div class=\"wp-block-column is-vertically-aligned-center is-layout-flow wp-block-column-is-layout-flow\">\n<figure class=\"wp-block-image size-large has-custom-border\"><img loading=\"lazy\" decoding=\"async\" width=\"1440\" height=\"960\" src=\"https:\/\/calzaclemente.it\/app\/uploads\/2025\/01\/raspberries-1925178_1920-1440x960.jpeg\" alt=\"\" class=\"wp-image-1096\" style=\"border-radius:5px;aspect-ratio:4\/3;object-fit:cover\" srcset=\"https:\/\/calzaclemente.it\/app\/uploads\/2025\/01\/raspberries-1925178_1920-1440x960.jpeg 1440w, https:\/\/calzaclemente.it\/app\/uploads\/2025\/01\/raspberries-1925178_1920-600x400.jpeg 600w, https:\/\/calzaclemente.it\/app\/uploads\/2025\/01\/raspberries-1925178_1920-1024x683.jpeg 1024w, https:\/\/calzaclemente.it\/app\/uploads\/2025\/01\/raspberries-1925178_1920-1536x1024.jpeg 1536w, https:\/\/calzaclemente.it\/app\/uploads\/2025\/01\/raspberries-1925178_1920-70x47.jpeg 70w, https:\/\/calzaclemente.it\/app\/uploads\/2025\/01\/raspberries-1925178_1920.jpeg 1920w\" sizes=\"auto, (max-width: 1440px) 100vw, 1440px\" \/><\/figure>\n<\/div>\n\n\n\n<div class=\"wp-block-column is-vertically-aligned-center is-layout-flow wp-block-column-is-layout-flow\">\n<div class=\"wp-block-columns thor-default is-layout-flex wp-container-core-columns-is-layout-aca22cf8 wp-block-columns-is-layout-flex\">\n<div class=\"wp-block-column thor-hidden-sm thor-hidden-md thor-hidden-lg is-layout-flow wp-block-column-is-layout-flow\" style=\"flex-basis:110px\"><\/div>\n\n\n\n<div class=\"wp-block-column is-layout-flow wp-block-column-is-layout-flow\">\n<h2 class=\"wp-block-heading\">Parece que est\u00e1s explorando el mundo de los productos l\u00e1cteos frescos fermentados!<\/h2>\n\n\n\n<p class=\"\">La gama CALZA CY ofrece una selecci\u00f3n diversa de yogur liofilizado y leche fermentada fresca para inoculaci\u00f3n directa en cuba (DVI). Esta gama est\u00e1 dise\u00f1ada para proporcionar una variedad de sabor y textura, atendiendo a las preferencias de los consumidores a nivel mundial. <\/p>\n\n\n\n<p class=\"\">Est\u00e1s buscando informaci\u00f3n espec\u00edfica sobre estos productos, o quiz\u00e1s interesado en probarlos?<\/p>\n<\/div>\n\n\n\n<div class=\"wp-block-column thor-hidden-sm thor-hidden-md thor-hidden-lg is-layout-flow wp-block-column-is-layout-flow\" style=\"flex-basis:110px\"><\/div>\n<\/div>\n<\/div>\n<\/div>\n\n<div style=\"height:60px\" aria-hidden=\"true\" class=\"wp-block-spacer thor-hidden-sm\"><\/div>\n\n<div class=\"wp-block-group alignfull thor-maxwidth-default has-neutral-300-background-color has-background is-layout-constrained wp-block-group-is-layout-constrained\" style=\"padding-top:30px;padding-bottom:30px\">\n<div style=\"height:60px\" aria-hidden=\"true\" class=\"wp-block-spacer thor-hidden-sm\"><\/div>\n\n\n\n<h3 class=\"wp-block-heading has-2-xl-font-size\">Nuestra cartera<\/h3>\n\n\n<div id=\"thor-block_caada4cf2be2a9fd0ae707562fb790f6\" class=\"thor-cards-slider layout-list align wp-block-acf-cards-slider\">\n\n  \n                  <div class=\"cards-list\">\n                                          <div class=\"w-full card-item\">\n                                        <figure>\n                                                    <img decoding=\"async\"\n                    src=\"https:\/\/calzaclemente.it\/app\/uploads\/2025\/01\/Health-and-wellness-goals-will-continue-to-drive-US-yogurt-demand-Mintel.jpg\"\n                    alt=\"\"\n                    srcset=\"https:\/\/calzaclemente.it\/app\/uploads\/2025\/01\/Health-and-wellness-goals-will-continue-to-drive-US-yogurt-demand-Mintel.jpg 300w, https:\/\/calzaclemente.it\/app\/uploads\/2025\/01\/Health-and-wellness-goals-will-continue-to-drive-US-yogurt-demand-Mintel.jpg 1024w\"\n                    sizes=\"(max-width: 600px) 300px, 1024px\"\n                  \/>\n                              <\/figure>\n              \n                              <div class=\"entry-text\">\n                  <h3>Tipo SET<\/h3>\n<p>Textura firme<\/p>\n\n                <\/div>\n              \n                          <\/div><!--swiper-slide-->\n                                    <div class=\"w-full card-item\">\n                                        <figure>\n                                                    <img decoding=\"async\"\n                    src=\"https:\/\/calzaclemente.it\/app\/uploads\/2025\/01\/s-well-EBIBk49hXxI-unsplash-1440x1791.jpg\"\n                    alt=\"\"\n                    srcset=\"https:\/\/calzaclemente.it\/app\/uploads\/2025\/01\/s-well-EBIBk49hXxI-unsplash-600x746.jpg 300w, https:\/\/calzaclemente.it\/app\/uploads\/2025\/01\/s-well-EBIBk49hXxI-unsplash-1440x1791.jpg 1024w\"\n                    sizes=\"(max-width: 600px) 300px, 1024px\"\n                  \/>\n                              <\/figure>\n              \n                              <div class=\"entry-text\">\n                  <h3>Tipo batido<\/h3>\n<p>Textura cremosa<\/p>\n\n                <\/div>\n              \n                          <\/div><!--swiper-slide-->\n                                    <div class=\"w-full card-item\">\n                                        <figure>\n                                                    <img decoding=\"async\"\n                    src=\"https:\/\/calzaclemente.it\/app\/uploads\/2025\/01\/201203-xl-greek-style-yogurt-2000-1440x1440.jpg\"\n                    alt=\"\"\n                    srcset=\"https:\/\/calzaclemente.it\/app\/uploads\/2025\/01\/201203-xl-greek-style-yogurt-2000-600x600.jpg 300w, https:\/\/calzaclemente.it\/app\/uploads\/2025\/01\/201203-xl-greek-style-yogurt-2000-1440x1440.jpg 1024w\"\n                    sizes=\"(max-width: 600px) 300px, 1024px\"\n                  \/>\n                              <\/figure>\n              \n                              <div class=\"entry-text\">\n                  <h3>Tipo concentrado<\/h3>\n<p>Textura suave y cremosa<\/p>\n\n                <\/div>\n              \n                          <\/div><!--swiper-slide-->\n                                    <div class=\"w-full card-item\">\n                                        <figure>\n                                                    <img decoding=\"async\"\n                    src=\"https:\/\/calzaclemente.it\/app\/uploads\/2025\/01\/little-kid-drinking-milk-kitchen-1440x2157.jpg\"\n                    alt=\"\"\n                    srcset=\"https:\/\/calzaclemente.it\/app\/uploads\/2025\/01\/little-kid-drinking-milk-kitchen-600x899.jpg 300w, https:\/\/calzaclemente.it\/app\/uploads\/2025\/01\/little-kid-drinking-milk-kitchen-1440x2157.jpg 1024w\"\n                    sizes=\"(max-width: 600px) 300px, 1024px\"\n                  \/>\n                              <\/figure>\n              \n                              <div class=\"entry-text\">\n                  <h3>Bebidas l\u00e1cteas fermentadas<\/h3>\n<p>Sabores frescos<\/p>\n\n                <\/div>\n              \n                          <\/div><!--swiper-slide-->\n          \n              <\/div>\n          <\/div>\n\n\n\n<div style=\"height:60px\" aria-hidden=\"true\" class=\"wp-block-spacer thor-hidden-sm\"><\/div>\n<\/div>\n\n<div class=\"wp-block-cover alignfull\" style=\"padding-right:30px;padding-left:30px\"><img loading=\"lazy\" decoding=\"async\" width=\"2560\" height=\"861\" class=\"wp-block-cover__image-background wp-image-1186\" alt=\"\" src=\"https:\/\/calzaclemente.it\/app\/uploads\/2025\/01\/automated-milk-filling-process-dairy-production-plant-automated-process-filling-milk-scaled.jpg\" data-object-fit=\"cover\" srcset=\"https:\/\/calzaclemente.it\/app\/uploads\/2025\/01\/automated-milk-filling-process-dairy-production-plant-automated-process-filling-milk-scaled.jpg 2560w, https:\/\/calzaclemente.it\/app\/uploads\/2025\/01\/automated-milk-filling-process-dairy-production-plant-automated-process-filling-milk-600x202.jpg 600w, https:\/\/calzaclemente.it\/app\/uploads\/2025\/01\/automated-milk-filling-process-dairy-production-plant-automated-process-filling-milk-1440x484.jpg 1440w, https:\/\/calzaclemente.it\/app\/uploads\/2025\/01\/automated-milk-filling-process-dairy-production-plant-automated-process-filling-milk-1024x344.jpg 1024w, https:\/\/calzaclemente.it\/app\/uploads\/2025\/01\/automated-milk-filling-process-dairy-production-plant-automated-process-filling-milk-1536x516.jpg 1536w, https:\/\/calzaclemente.it\/app\/uploads\/2025\/01\/automated-milk-filling-process-dairy-production-plant-automated-process-filling-milk-2048x688.jpg 2048w, https:\/\/calzaclemente.it\/app\/uploads\/2025\/01\/automated-milk-filling-process-dairy-production-plant-automated-process-filling-milk-70x24.jpg 70w, https:\/\/calzaclemente.it\/app\/uploads\/2025\/01\/automated-milk-filling-process-dairy-production-plant-automated-process-filling-milk-1920x645.jpg 1920w\" sizes=\"auto, (max-width: 2560px) 100vw, 2560px\" \/><span aria-hidden=\"true\" class=\"wp-block-cover__background has-background-dim-100 has-background-dim wp-block-cover__gradient-background has-background-gradient\" style=\"background:linear-gradient(135deg,rgba(0,0,0,0.5) 0%,rgba(0,0,0,0.5) 100%)\"><\/span><div class=\"wp-block-cover__inner-container is-layout-constrained wp-container-core-cover-is-layout-7c3f3d2e wp-block-cover-is-layout-constrained\">\n<div class=\"wp-block-group thor-maxwidth-3xl is-layout-constrained wp-block-group-is-layout-constrained\">\n<div style=\"height:60px\" aria-hidden=\"true\" class=\"wp-block-spacer thor-hidden-sm thor-hidden-md\"><\/div>\n\n\n\n<div class=\"wp-block-columns thor-default is-layout-flex wp-container-core-columns-is-layout-33ba964e wp-block-columns-is-layout-flex\">\n<div class=\"wp-block-column is-layout-flow wp-block-column-is-layout-flow\" style=\"flex-basis:33.33%\">\n<div style=\"height:60px\" aria-hidden=\"true\" class=\"wp-block-spacer thor-hidden-sm thor-hidden-md\"><\/div>\n\n\n\n<p class=\"has-4-xl-font-size\">Nuestra misi\u00f3n es crear productos personalizados adaptados a necesidades y desaf\u00edos espec\u00edficos.<\/p>\n\n\n\n<p class=\"\">Analizamos soluciones personalizadas para mejorar el proceso de producci\u00f3n.<\/p>\n<\/div>\n\n\n\n<div class=\"wp-block-column is-layout-flow wp-block-column-is-layout-flow\" style=\"flex-basis:66.66%\"><\/div>\n<\/div>\n\n\n\n<div style=\"height:60px\" aria-hidden=\"true\" class=\"wp-block-spacer thor-hidden-sm thor-hidden-md\"><\/div>\n<\/div>\n<\/div><\/div>\n\n<div style=\"height:30px\" aria-hidden=\"true\" class=\"wp-block-spacer\"><\/div>\n\n<div style=\"height:60px\" aria-hidden=\"true\" class=\"wp-block-spacer thor-hidden-sm\"><\/div>\n\n<div class=\"wp-block-columns are-vertically-aligned-center thor-default is-layout-flex wp-container-core-columns-is-layout-0e0088bb wp-block-columns-is-layout-flex\" style=\"padding-top:30px;padding-bottom:30px\">\n<div class=\"wp-block-column is-vertically-aligned-center is-layout-flow wp-block-column-is-layout-flow\">\n<figure class=\"wp-block-image size-large has-custom-border\"><img loading=\"lazy\" decoding=\"async\" width=\"1440\" height=\"960\" src=\"https:\/\/calzaclemente.it\/app\/uploads\/2025\/01\/MM1_1624-1440x960.jpg\" alt=\"\" class=\"wp-image-1789\" style=\"border-radius:5px;aspect-ratio:1;object-fit:cover\" srcset=\"https:\/\/calzaclemente.it\/app\/uploads\/2025\/01\/MM1_1624-1440x960.jpg 1440w, https:\/\/calzaclemente.it\/app\/uploads\/2025\/01\/MM1_1624-600x400.jpg 600w, https:\/\/calzaclemente.it\/app\/uploads\/2025\/01\/MM1_1624-1024x683.jpg 1024w, https:\/\/calzaclemente.it\/app\/uploads\/2025\/01\/MM1_1624-1536x1024.jpg 1536w, https:\/\/calzaclemente.it\/app\/uploads\/2025\/01\/MM1_1624-2048x1365.jpg 2048w, https:\/\/calzaclemente.it\/app\/uploads\/2025\/01\/MM1_1624-70x47.jpg 70w, https:\/\/calzaclemente.it\/app\/uploads\/2025\/01\/MM1_1624-1920x1280.jpg 1920w\" sizes=\"auto, (max-width: 1440px) 100vw, 1440px\" \/><\/figure>\n<\/div>\n\n\n\n<div class=\"wp-block-column is-vertically-aligned-center is-layout-flow wp-block-column-is-layout-flow\">\n<div class=\"wp-block-columns thor-default is-layout-flex wp-container-core-columns-is-layout-aca22cf8 wp-block-columns-is-layout-flex\">\n<div class=\"wp-block-column thor-hidden-sm thor-hidden-md thor-hidden-lg is-layout-flow wp-block-column-is-layout-flow\" style=\"flex-basis:110px\"><\/div>\n\n\n\n<div class=\"wp-block-column is-layout-flow wp-block-column-is-layout-flow\">\n<h2 class=\"wp-block-heading\">Evaluamos tus desaf\u00edos diarios y garantizamos firmemente a nuestros clientes una producci\u00f3n segura:<\/h2>\n\n\n\n<ul class=\"wp-block-list is-style-checked-list\">\n<li class=\"\">Lograr alta calidad con un sabor y textura deseables<\/li>\n\n\n\n<li class=\"\">Proceso de fermentaci\u00f3n constante<\/li>\n\n\n\n<li class=\"\">Calidad constante y proceso est\u00e1ndar<\/li>\n\n\n\n<li class=\"\">Marcar la diferencia en tus productos<\/li>\n\n\n\n<li class=\"\">Nuestra gama de cultivos est\u00e1 respaldada por expertos profesionales del equipo de CALZA CLEMENTE.<\/li>\n<\/ul>\n<\/div>\n\n\n\n<div class=\"wp-block-column thor-hidden-sm thor-hidden-md thor-hidden-lg is-layout-flow wp-block-column-is-layout-flow\" style=\"flex-basis:110px\"><\/div>\n<\/div>\n<\/div>\n<\/div>\n\n<div style=\"height:30px\" aria-hidden=\"true\" class=\"wp-block-spacer\"><\/div>\n\n<div style=\"height:60px\" aria-hidden=\"true\" class=\"wp-block-spacer thor-hidden-sm\"><\/div>\n","protected":false},"excerpt":{"rendered":"<p>Parece que est\u00e1s explorando el mundo de los productos l\u00e1cteos frescos fermentados!<\/p>\n","protected":false},"author":1,"featured_media":1946,"parent":1911,"menu_order":0,"template":"","class_list":["post-1943","product","type-product","status-publish","has-post-thumbnail","hentry"],"acf":[],"_links":{"self":[{"href":"https:\/\/calzaclemente.it\/es\/wp-json\/wp\/v2\/product\/1943","targetHints":{"allow":["GET"]}}],"collection":[{"href":"https:\/\/calzaclemente.it\/es\/wp-json\/wp\/v2\/product"}],"about":[{"href":"https:\/\/calzaclemente.it\/es\/wp-json\/wp\/v2\/types\/product"}],"author":[{"embeddable":true,"href":"https:\/\/calzaclemente.it\/es\/wp-json\/wp\/v2\/users\/1"}],"up":[{"embeddable":true,"href":"https:\/\/calzaclemente.it\/es\/wp-json\/wp\/v2\/product\/1911"}],"wp:featuredmedia":[{"embeddable":true,"href":"https:\/\/calzaclemente.it\/es\/wp-json\/wp\/v2\/media\/1946"}],"wp:attachment":[{"href":"https:\/\/calzaclemente.it\/es\/wp-json\/wp\/v2\/media?parent=1943"}],"curies":[{"name":"wp","href":"https:\/\/api.w.org\/{rel}","templated":true}]}}