{"id":1925,"date":"2025-01-30T11:32:55","date_gmt":"2025-01-30T10:32:55","guid":{"rendered":"https:\/\/calzaclemente.it\/products\/cultivos-y-probioticos\/quesos\/"},"modified":"2025-07-25T12:29:27","modified_gmt":"2025-07-25T10:29:27","slug":"quesos","status":"publish","type":"product","link":"https:\/\/calzaclemente.it\/es\/products\/cultivos-y-probioticos\/quesos\/","title":{"rendered":"Quesos"},"content":{"rendered":"\n<div class=\"wp-block-cover alignfull is-light has-custom-content-position is-position-top-center has-white-color has-text-color has-link-color wp-elements-2bbb0831a6815cd19ce8866d0321d1fa\" style=\"padding-right:15px;padding-left:15px\" id=\"hero\"><span aria-hidden=\"true\" class=\"wp-block-cover__background has-neutral-800-background-color has-background-dim-40 has-background-dim\"><\/span><img loading=\"lazy\" decoding=\"async\" width=\"2560\" height=\"1707\" src=\"https:\/\/calzaclemente.it\/app\/uploads\/2025\/01\/close-up-pieces-mature-cheese-scaled.jpg\" class=\"wp-block-cover__image-background wp-post-image\" alt=\"\" data-object-fit=\"cover\" srcset=\"https:\/\/calzaclemente.it\/app\/uploads\/2025\/01\/close-up-pieces-mature-cheese-scaled.jpg 2560w, https:\/\/calzaclemente.it\/app\/uploads\/2025\/01\/close-up-pieces-mature-cheese-600x400.jpg 600w, https:\/\/calzaclemente.it\/app\/uploads\/2025\/01\/close-up-pieces-mature-cheese-1440x960.jpg 1440w, https:\/\/calzaclemente.it\/app\/uploads\/2025\/01\/close-up-pieces-mature-cheese-1024x683.jpg 1024w, https:\/\/calzaclemente.it\/app\/uploads\/2025\/01\/close-up-pieces-mature-cheese-1536x1024.jpg 1536w, https:\/\/calzaclemente.it\/app\/uploads\/2025\/01\/close-up-pieces-mature-cheese-2048x1366.jpg 2048w, https:\/\/calzaclemente.it\/app\/uploads\/2025\/01\/close-up-pieces-mature-cheese-70x47.jpg 70w, https:\/\/calzaclemente.it\/app\/uploads\/2025\/01\/close-up-pieces-mature-cheese-1920x1280.jpg 1920w\" sizes=\"auto, (max-width: 2560px) 100vw, 2560px\" \/><div class=\"wp-block-cover__inner-container is-layout-constrained wp-container-core-cover-is-layout-3467996f wp-block-cover-is-layout-constrained\">\n<div class=\"wp-block-group thor-maxwidth-3xl has-link-color wp-elements-df2ed51a40bed9922db979207b19ba26 is-layout-constrained wp-block-group-is-layout-constrained\"><nav aria-label=\"breadcrumbs\" class=\"rank-math-breadcrumb\"><p><span class=\"last\">Home<\/span><\/p><\/nav>\n\n\n<h1 class=\"wp-block-post-title\">Quesos<\/h1><\/div>\n<\/div><\/div>\n\n<div style=\"height:60px\" aria-hidden=\"true\" class=\"wp-block-spacer thor-hidden-sm\"><\/div>\n\n<div class=\"wp-block-columns are-vertically-aligned-center thor-default is-layout-flex wp-container-core-columns-is-layout-0e0088bb wp-block-columns-is-layout-flex\" style=\"padding-top:30px;padding-bottom:30px\">\n<div class=\"wp-block-column is-vertically-aligned-center is-layout-flow wp-block-column-is-layout-flow\">\n<figure class=\"wp-block-image size-large has-custom-border\"><img loading=\"lazy\" decoding=\"async\" width=\"1440\" height=\"961\" src=\"https:\/\/calzaclemente.it\/app\/uploads\/2025\/01\/542-1440x961.jpg\" alt=\"\" class=\"wp-image-1106\" style=\"border-radius:5px;aspect-ratio:4\/3;object-fit:cover\" srcset=\"https:\/\/calzaclemente.it\/app\/uploads\/2025\/01\/542-1440x961.jpg 1440w, https:\/\/calzaclemente.it\/app\/uploads\/2025\/01\/542-600x400.jpg 600w, https:\/\/calzaclemente.it\/app\/uploads\/2025\/01\/542-1024x683.jpg 1024w, https:\/\/calzaclemente.it\/app\/uploads\/2025\/01\/542-70x47.jpg 70w, https:\/\/calzaclemente.it\/app\/uploads\/2025\/01\/542.jpg 1500w\" sizes=\"auto, (max-width: 1440px) 100vw, 1440px\" \/><\/figure>\n<\/div>\n\n\n\n<div class=\"wp-block-column is-vertically-aligned-center is-layout-flow wp-block-column-is-layout-flow\">\n<div class=\"wp-block-columns thor-default is-layout-flex wp-container-core-columns-is-layout-aca22cf8 wp-block-columns-is-layout-flex\">\n<div class=\"wp-block-column thor-hidden-sm thor-hidden-md thor-hidden-lg is-layout-flow wp-block-column-is-layout-flow\" style=\"flex-basis:110px\"><\/div>\n\n\n\n<div class=\"wp-block-column is-layout-flow wp-block-column-is-layout-flow\">\n<h2 class=\"wp-block-heading\">\u00a1Te espera una asombrosa paleta de tradiciones e innovaciones!<\/h2>\n\n\n\n<p class=\"\">El portafolio de quesos que Calza ofrece es una selecci\u00f3n completa que muestra nuestra profunda comprensi\u00f3n del mundo de la fabricaci\u00f3n de quesos. Entr\u00e1 en nuestro reino y te ofreceremos una experiencia \u00fanica de gustos y sabores. <\/p>\n\n\n\n<p class=\"\">Tambi\u00e9n estamos evolucionando continuamente nuestros conceptos para enfrentar tus desaf\u00edos en el mantenimiento de una calidad y productividad constantes con nuestros ingredientes.<\/p>\n<\/div>\n\n\n\n<div class=\"wp-block-column thor-hidden-sm thor-hidden-md thor-hidden-lg is-layout-flow wp-block-column-is-layout-flow\" style=\"flex-basis:110px\"><\/div>\n<\/div>\n<\/div>\n<\/div>\n\n<div style=\"height:60px\" aria-hidden=\"true\" class=\"wp-block-spacer thor-hidden-sm\"><\/div>\n\n<div class=\"wp-block-group alignfull thor-maxwidth-default has-neutral-300-background-color has-background is-layout-constrained wp-block-group-is-layout-constrained\" style=\"padding-top:30px;padding-bottom:30px\">\n<div style=\"height:60px\" aria-hidden=\"true\" class=\"wp-block-spacer thor-hidden-sm\"><\/div>\n\n\n\n<h3 class=\"wp-block-heading\">Nuestra cartera<\/h3>\n\n\n<div id=\"thor-block_d31e64eaf8b837bc45032ba70844b346\" class=\"thor-cards-slider layout-list align wp-block-acf-cards-slider\">\n\n  \n                  <div class=\"cards-list\">\n                                          <div class=\"w-full card-item\">\n                                        <figure>\n                                                    <img decoding=\"async\"\n                    src=\"https:\/\/calzaclemente.it\/app\/uploads\/2025\/01\/close-up-hand-holding-ice-cream-1440x2160.jpg\"\n                    alt=\"\"\n                    srcset=\"https:\/\/calzaclemente.it\/app\/uploads\/2025\/01\/close-up-hand-holding-ice-cream-600x900.jpg 300w, https:\/\/calzaclemente.it\/app\/uploads\/2025\/01\/close-up-hand-holding-ice-cream-1440x2160.jpg 1024w\"\n                    sizes=\"(max-width: 600px) 300px, 1024px\"\n                  \/>\n                              <\/figure>\n              \n                              <div class=\"entry-text\">\n                  <h3>Familia de quesos frescos<\/h3>\n<p>&nbsp;<\/p>\n\n                <\/div>\n              \n                          <\/div><!--swiper-slide-->\n                                    <div class=\"w-full card-item\">\n                                        <figure>\n                                                    <img decoding=\"async\"\n                    src=\"https:\/\/calzaclemente.it\/app\/uploads\/2025\/01\/Immagine-WhatsApp-2025-04-18-ore-10.46.17_6c49cd3b.jpg\"\n                    alt=\"\"\n                    srcset=\"https:\/\/calzaclemente.it\/app\/uploads\/2025\/01\/Immagine-WhatsApp-2025-04-18-ore-10.46.17_6c49cd3b-600x450.jpg 300w, https:\/\/calzaclemente.it\/app\/uploads\/2025\/01\/Immagine-WhatsApp-2025-04-18-ore-10.46.17_6c49cd3b.jpg 1024w\"\n                    sizes=\"(max-width: 600px) 300px, 1024px\"\n                  \/>\n                              <\/figure>\n              \n                              <div class=\"entry-text\">\n                  <h3>Familia de quesos blandos y azules<\/h3>\n<p>&nbsp;<\/p>\n\n                <\/div>\n              \n                          <\/div><!--swiper-slide-->\n                                    <div class=\"w-full card-item\">\n                                        <figure>\n                                                    <img decoding=\"async\"\n                    src=\"https:\/\/calzaclemente.it\/app\/uploads\/2025\/01\/hands-holding-cottage-cheese-1440x960.jpg\"\n                    alt=\"\"\n                    srcset=\"https:\/\/calzaclemente.it\/app\/uploads\/2025\/01\/hands-holding-cottage-cheese-600x400.jpg 300w, https:\/\/calzaclemente.it\/app\/uploads\/2025\/01\/hands-holding-cottage-cheese-1440x960.jpg 1024w\"\n                    sizes=\"(max-width: 600px) 300px, 1024px\"\n                  \/>\n                              <\/figure>\n              \n                              <div class=\"entry-text\">\n                  <h3>Familia de queso Cottage<\/h3>\n<p>&nbsp;<\/p>\n\n                <\/div>\n              \n                          <\/div><!--swiper-slide-->\n                                    <div class=\"w-full card-item\">\n                                        <figure>\n                                                    <img decoding=\"async\"\n                    src=\"https:\/\/calzaclemente.it\/app\/uploads\/2025\/01\/high-angle-view-food-table-1440x2174.jpg\"\n                    alt=\"\"\n                    srcset=\"https:\/\/calzaclemente.it\/app\/uploads\/2025\/01\/high-angle-view-food-table-600x906.jpg 300w, https:\/\/calzaclemente.it\/app\/uploads\/2025\/01\/high-angle-view-food-table-1440x2174.jpg 1024w\"\n                    sizes=\"(max-width: 600px) 300px, 1024px\"\n                  \/>\n                              <\/figure>\n              \n                              <div class=\"entry-text\">\n                  <h3>Familia de quesos pasta hilada<\/h3>\n<p>&nbsp;<\/p>\n\n                <\/div>\n              \n                          <\/div><!--swiper-slide-->\n                                    <div class=\"w-full card-item\">\n                                        <figure>\n                                                    <img decoding=\"async\"\n                    src=\"https:\/\/calzaclemente.it\/app\/uploads\/2025\/01\/52373948358_043ba21d5a_c.jpg\"\n                    alt=\"\"\n                    srcset=\"https:\/\/calzaclemente.it\/app\/uploads\/2025\/01\/52373948358_043ba21d5a_c-600x450.jpg 300w, https:\/\/calzaclemente.it\/app\/uploads\/2025\/01\/52373948358_043ba21d5a_c.jpg 1024w\"\n                    sizes=\"(max-width: 600px) 300px, 1024px\"\n                  \/>\n                              <\/figure>\n              \n                              <div class=\"entry-text\">\n                  <h3>Familia de quesos blancos y en salmuera<\/h3>\n<p>&nbsp;<\/p>\n\n                <\/div>\n              \n                          <\/div><!--swiper-slide-->\n                                    <div class=\"w-full card-item\">\n                                        <figure>\n                                                    <img decoding=\"async\"\n                    src=\"https:\/\/calzaclemente.it\/app\/uploads\/2025\/01\/360_F_498318376_n9Vpqj9HHDmXm8FlXH2gItkeJeq64fWg.jpg\"\n                    alt=\"\"\n                    srcset=\"https:\/\/calzaclemente.it\/app\/uploads\/2025\/01\/360_F_498318376_n9Vpqj9HHDmXm8FlXH2gItkeJeq64fWg-600x338.jpg 300w, https:\/\/calzaclemente.it\/app\/uploads\/2025\/01\/360_F_498318376_n9Vpqj9HHDmXm8FlXH2gItkeJeq64fWg.jpg 1024w\"\n                    sizes=\"(max-width: 600px) 300px, 1024px\"\n                  \/>\n                              <\/figure>\n              \n                              <div class=\"entry-text\">\n                  <h3>Familia de queso Cheddar<\/h3>\n<p>&nbsp;<\/p>\n\n                <\/div>\n              \n                          <\/div><!--swiper-slide-->\n                                    <div class=\"w-full card-item\">\n                                        <figure>\n                                                    <img decoding=\"async\"\n                    src=\"https:\/\/calzaclemente.it\/app\/uploads\/2025\/01\/closeup-anonymous-teenage-girl-eating-953689374.webp\"\n                    alt=\"\"\n                    srcset=\"https:\/\/calzaclemente.it\/app\/uploads\/2025\/01\/closeup-anonymous-teenage-girl-eating-953689374-600x400.webp 300w, https:\/\/calzaclemente.it\/app\/uploads\/2025\/01\/closeup-anonymous-teenage-girl-eating-953689374.webp 1024w\"\n                    sizes=\"(max-width: 600px) 300px, 1024px\"\n                  \/>\n                              <\/figure>\n              \n                              <div class=\"entry-text\">\n                  <h3>Familia de queso Continental y Suizo<\/h3>\n<p>&nbsp;<\/p>\n\n                <\/div>\n              \n                          <\/div><!--swiper-slide-->\n                                    <div class=\"w-full card-item\">\n                                        <figure>\n                                                    <img decoding=\"async\"\n                    src=\"https:\/\/calzaclemente.it\/app\/uploads\/2025\/01\/male-staff-slicing-block-cheese-local-supermarket-1440x960.jpg\"\n                    alt=\"\"\n                    srcset=\"https:\/\/calzaclemente.it\/app\/uploads\/2025\/01\/male-staff-slicing-block-cheese-local-supermarket-600x400.jpg 300w, https:\/\/calzaclemente.it\/app\/uploads\/2025\/01\/male-staff-slicing-block-cheese-local-supermarket-1440x960.jpg 1024w\"\n                    sizes=\"(max-width: 600px) 300px, 1024px\"\n                  \/>\n                              <\/figure>\n              \n                              <div class=\"entry-text\">\n                  <h3>Familia de quesos Duros<\/h3>\n<p>&nbsp;<\/p>\n\n                <\/div>\n              \n                          <\/div><!--swiper-slide-->\n          \n              <\/div>\n          <\/div>\n\n\n\n<div style=\"height:60px\" aria-hidden=\"true\" class=\"wp-block-spacer thor-hidden-sm\"><\/div>\n<\/div>\n\n<div style=\"height:30px\" aria-hidden=\"true\" class=\"wp-block-spacer\"><\/div>\n\n<div class=\"wp-block-cover alignfull\" style=\"padding-right:30px;padding-left:30px\"><img loading=\"lazy\" decoding=\"async\" width=\"2560\" height=\"1267\" class=\"wp-block-cover__image-background wp-image-1307\" alt=\"\" src=\"https:\/\/calzaclemente.it\/app\/uploads\/2025\/01\/assortment-different-types-cheese-scaled.jpg\" data-object-fit=\"cover\" srcset=\"https:\/\/calzaclemente.it\/app\/uploads\/2025\/01\/assortment-different-types-cheese-scaled.jpg 2560w, https:\/\/calzaclemente.it\/app\/uploads\/2025\/01\/assortment-different-types-cheese-600x297.jpg 600w, https:\/\/calzaclemente.it\/app\/uploads\/2025\/01\/assortment-different-types-cheese-1440x713.jpg 1440w, https:\/\/calzaclemente.it\/app\/uploads\/2025\/01\/assortment-different-types-cheese-1024x507.jpg 1024w, https:\/\/calzaclemente.it\/app\/uploads\/2025\/01\/assortment-different-types-cheese-1536x760.jpg 1536w, https:\/\/calzaclemente.it\/app\/uploads\/2025\/01\/assortment-different-types-cheese-2048x1013.jpg 2048w, https:\/\/calzaclemente.it\/app\/uploads\/2025\/01\/assortment-different-types-cheese-70x35.jpg 70w, https:\/\/calzaclemente.it\/app\/uploads\/2025\/01\/assortment-different-types-cheese-1920x950.jpg 1920w\" sizes=\"auto, (max-width: 2560px) 100vw, 2560px\" \/><span aria-hidden=\"true\" class=\"wp-block-cover__background has-background-dim-100 has-background-dim wp-block-cover__gradient-background has-background-gradient\" style=\"background:linear-gradient(135deg,rgba(0,0,0,0.5) 0%,rgba(0,0,0,0.5) 100%)\"><\/span><div class=\"wp-block-cover__inner-container is-layout-constrained wp-container-core-cover-is-layout-7c3f3d2e wp-block-cover-is-layout-constrained\">\n<div class=\"wp-block-group thor-maxwidth-3xl is-layout-constrained wp-block-group-is-layout-constrained\">\n<div style=\"height:60px\" aria-hidden=\"true\" class=\"wp-block-spacer thor-hidden-sm thor-hidden-md\"><\/div>\n\n\n\n<div class=\"wp-block-columns thor-default is-layout-flex wp-container-core-columns-is-layout-33ba964e wp-block-columns-is-layout-flex\">\n<div class=\"wp-block-column is-layout-flow wp-block-column-is-layout-flow\" style=\"flex-basis:55%\">\n<div style=\"height:60px\" aria-hidden=\"true\" class=\"wp-block-spacer thor-hidden-sm thor-hidden-md\"><\/div>\n\n\n\n<p class=\"has-4-xl-font-size\">Si deseas elevar tu queso m\u00e1s all\u00e1 de los l\u00edmites del sabor, la textura y la funcionalidad, necesitas un socio que pueda proporcionarte asistencia t\u00e9cnica personalizada para cualquier tipo de procesamiento.<\/p>\n\n\n\n<p class=\"\">Cumplimos con los requisitos espec\u00edficos de los productos y procesos de los clientes, las preferencias de los consumidores y las tendencias del mercado.<\/p>\n<\/div>\n\n\n\n<div class=\"wp-block-column is-layout-flow wp-block-column-is-layout-flow\" style=\"flex-basis:50%\"><\/div>\n<\/div>\n\n\n\n<div style=\"height:60px\" aria-hidden=\"true\" class=\"wp-block-spacer thor-hidden-sm thor-hidden-md\"><\/div>\n<\/div>\n<\/div><\/div>\n\n<div style=\"height:60px\" aria-hidden=\"true\" class=\"wp-block-spacer thor-hidden-sm\"><\/div>\n\n<div class=\"wp-block-columns are-vertically-aligned-center thor-default is-layout-flex wp-container-core-columns-is-layout-0e0088bb wp-block-columns-is-layout-flex\" style=\"padding-top:30px;padding-bottom:30px\">\n<div class=\"wp-block-column is-vertically-aligned-center is-layout-flow wp-block-column-is-layout-flow\">\n<figure class=\"wp-block-image size-large has-custom-border\"><img loading=\"lazy\" decoding=\"async\" width=\"1440\" height=\"960\" src=\"https:\/\/calzaclemente.it\/app\/uploads\/2025\/01\/MM1_1655-1440x960.jpg\" alt=\"\" class=\"wp-image-1800\" style=\"border-radius:5px;aspect-ratio:1;object-fit:cover\" srcset=\"https:\/\/calzaclemente.it\/app\/uploads\/2025\/01\/MM1_1655-1440x960.jpg 1440w, https:\/\/calzaclemente.it\/app\/uploads\/2025\/01\/MM1_1655-600x400.jpg 600w, https:\/\/calzaclemente.it\/app\/uploads\/2025\/01\/MM1_1655-1024x683.jpg 1024w, https:\/\/calzaclemente.it\/app\/uploads\/2025\/01\/MM1_1655-1536x1024.jpg 1536w, https:\/\/calzaclemente.it\/app\/uploads\/2025\/01\/MM1_1655-2048x1365.jpg 2048w, https:\/\/calzaclemente.it\/app\/uploads\/2025\/01\/MM1_1655-70x47.jpg 70w, https:\/\/calzaclemente.it\/app\/uploads\/2025\/01\/MM1_1655-1920x1280.jpg 1920w\" sizes=\"auto, (max-width: 1440px) 100vw, 1440px\" \/><\/figure>\n<\/div>\n\n\n\n<div class=\"wp-block-column is-vertically-aligned-center is-layout-flow wp-block-column-is-layout-flow\">\n<div class=\"wp-block-columns thor-default is-layout-flex wp-container-core-columns-is-layout-aca22cf8 wp-block-columns-is-layout-flex\">\n<div class=\"wp-block-column thor-hidden-sm thor-hidden-md thor-hidden-lg is-layout-flow wp-block-column-is-layout-flow\" style=\"flex-basis:110px\"><\/div>\n\n\n\n<div class=\"wp-block-column is-layout-flow wp-block-column-is-layout-flow\">\n<h2 class=\"wp-block-heading\">Perm\u00edtenos apoyarte en la superaci\u00f3n de tus desaf\u00edos diarios:<\/h2>\n\n\n\n<ul class=\"wp-block-list is-style-checked-list\">\n<li class=\"\">Lograr alta productividad, eficiencia en el proceso y consistencia<\/li>\n\n\n\n<li class=\"\">Marcar la diferencia en tus productos<\/li>\n\n\n\n<li class=\"\">Cumplir con altos est\u00e1ndares de seguridad y calidad para garantizar la confianza de clientes y consumidores<\/li>\n\n\n\n<li class=\"\">Asegurar la sostenibilidad de tu empresa<\/li>\n<\/ul>\n<\/div>\n\n\n\n<div class=\"wp-block-column thor-hidden-sm thor-hidden-md thor-hidden-lg is-layout-flow wp-block-column-is-layout-flow\" style=\"flex-basis:110px\"><\/div>\n<\/div>\n<\/div>\n<\/div>\n\n<div style=\"height:30px\" aria-hidden=\"true\" class=\"wp-block-spacer\"><\/div>\n\n<div style=\"height:60px\" aria-hidden=\"true\" class=\"wp-block-spacer thor-hidden-sm\"><\/div>\n","protected":false},"excerpt":{"rendered":"<p>\u00a1Te espera una asombrosa paleta de tradiciones e innovaciones!<\/p>\n","protected":false},"author":1,"featured_media":1929,"parent":1911,"menu_order":0,"template":"","class_list":["post-1925","product","type-product","status-publish","has-post-thumbnail","hentry"],"acf":[],"_links":{"self":[{"href":"https:\/\/calzaclemente.it\/es\/wp-json\/wp\/v2\/product\/1925","targetHints":{"allow":["GET"]}}],"collection":[{"href":"https:\/\/calzaclemente.it\/es\/wp-json\/wp\/v2\/product"}],"about":[{"href":"https:\/\/calzaclemente.it\/es\/wp-json\/wp\/v2\/types\/product"}],"author":[{"embeddable":true,"href":"https:\/\/calzaclemente.it\/es\/wp-json\/wp\/v2\/users\/1"}],"up":[{"embeddable":true,"href":"https:\/\/calzaclemente.it\/es\/wp-json\/wp\/v2\/product\/1911"}],"wp:featuredmedia":[{"embeddable":true,"href":"https:\/\/calzaclemente.it\/es\/wp-json\/wp\/v2\/media\/1929"}],"wp:attachment":[{"href":"https:\/\/calzaclemente.it\/es\/wp-json\/wp\/v2\/media?parent=1925"}],"curies":[{"name":"wp","href":"https:\/\/api.w.org\/{rel}","templated":true}]}}