{"id":1911,"date":"2025-02-19T11:21:41","date_gmt":"2025-02-19T10:21:41","guid":{"rendered":"https:\/\/calzaclemente.it\/products\/cultivos-y-probioticos\/"},"modified":"2025-10-01T16:23:56","modified_gmt":"2025-10-01T14:23:56","slug":"cultivos-y-probioticos","status":"publish","type":"product","link":"https:\/\/calzaclemente.it\/es\/products\/cultivos-y-probioticos\/","title":{"rendered":"Cultivos y Probi\u00f3ticos"},"content":{"rendered":"\n<div class=\"wp-block-cover alignfull is-light has-custom-content-position is-position-top-center has-white-color has-text-color has-link-color wp-elements-2bbb0831a6815cd19ce8866d0321d1fa\" style=\"padding-right:15px;padding-left:15px\" id=\"hero\"><span aria-hidden=\"true\" class=\"wp-block-cover__background has-neutral-800-background-color has-background-dim-40 has-background-dim\"><\/span><img loading=\"lazy\" decoding=\"async\" width=\"1920\" height=\"1225\" src=\"https:\/\/calzaclemente.it\/app\/uploads\/2025\/01\/dairy-products-packaging-collection-bottles.jpeg\" class=\"wp-block-cover__image-background wp-post-image\" alt=\"Cultures and Probiotics products\" data-object-fit=\"cover\" srcset=\"https:\/\/calzaclemente.it\/app\/uploads\/2025\/01\/dairy-products-packaging-collection-bottles.jpeg 1920w, https:\/\/calzaclemente.it\/app\/uploads\/2025\/01\/dairy-products-packaging-collection-bottles-600x383.jpeg 600w, https:\/\/calzaclemente.it\/app\/uploads\/2025\/01\/dairy-products-packaging-collection-bottles-1440x919.jpeg 1440w, https:\/\/calzaclemente.it\/app\/uploads\/2025\/01\/dairy-products-packaging-collection-bottles-1024x653.jpeg 1024w, https:\/\/calzaclemente.it\/app\/uploads\/2025\/01\/dairy-products-packaging-collection-bottles-1536x980.jpeg 1536w, https:\/\/calzaclemente.it\/app\/uploads\/2025\/01\/dairy-products-packaging-collection-bottles-70x45.jpeg 70w\" sizes=\"auto, (max-width: 1920px) 100vw, 1920px\" \/><div class=\"wp-block-cover__inner-container is-layout-constrained wp-container-core-cover-is-layout-3467996f wp-block-cover-is-layout-constrained\">\n<div class=\"wp-block-group thor-maxwidth-3xl has-link-color wp-elements-df2ed51a40bed9922db979207b19ba26 is-layout-constrained wp-block-group-is-layout-constrained\"><nav aria-label=\"breadcrumbs\" class=\"rank-math-breadcrumb\"><p><span class=\"last\">Home<\/span><\/p><\/nav>\n\n\n<h1 class=\"wp-block-post-title\">Cultivos y Probi\u00f3ticos<\/h1><\/div>\n<\/div><\/div>\n\n<div class=\"wp-block-group thor-maxwidth-default is-layout-constrained wp-block-group-is-layout-constrained\">\n<div style=\"height:35px\" aria-hidden=\"true\" class=\"wp-block-spacer\"><\/div>\n\n\n\n<div style=\"height:35px\" aria-hidden=\"true\" class=\"wp-block-spacer thor-hidden-sm\"><\/div>\n\n\n\n<div class=\"wp-block-columns is-layout-flex wp-container-core-columns-is-layout-28f84493 wp-block-columns-is-layout-flex\">\n<div class=\"wp-block-column is-layout-flow wp-block-column-is-layout-flow\" style=\"flex-basis:35%\">\n<h3 class=\"wp-block-heading\">El rol diario de los productos l\u00e1cteos fermentados<\/h3>\n<\/div>\n\n\n\n<div class=\"wp-block-column thor-hidden-sm thor-hidden-md is-layout-flow wp-block-column-is-layout-flow\" style=\"flex-basis:15%\"><\/div>\n\n\n\n<div class=\"wp-block-column is-layout-flow wp-block-column-is-layout-flow\" style=\"flex-basis:50%\">\n<p class=\"\">Los productos l\u00e1cteos fermentados son una parte importante de las rutina diaria de muchas personas, ofreciendo tanto beneficios para la salud como sabores deliciosos. Desde el desayuno hasta la hora de dormir, estos productos a\u00f1aden un toque \u00fanico a nuestras comidas y refrigerios, haciendo cada momento m\u00e1s agradable. <\/p>\n\n\n\n<p class=\"\">Bienvenido al fascinante mundo de los cultivos acidificantes, donde la diversidad y la innovaci\u00f3n se unen para crear una amplia gama de productos l\u00e1cteos deliciosos y nutritivos. Los cultivos acidificantes son el coraz\u00f3n y el alma de los l\u00e1cteos fermentados, aportando sabor, textura y beneficios para la salud \u00fanicos a nuestras vidas diarias. <\/p>\n<\/div>\n<\/div>\n\n\n\n<div style=\"height:35px\" aria-hidden=\"true\" class=\"wp-block-spacer\"><\/div>\n\n\n\n<div style=\"height:35px\" aria-hidden=\"true\" class=\"wp-block-spacer thor-hidden-sm\"><\/div>\n<\/div>\n\n<div class=\"wp-block-group thor-maxwidth-default is-layout-constrained wp-block-group-is-layout-constrained\"><div id=\"thor-block_5a506ea258488d50b62be5f4ff8e682f\" class=\"thor-posts-list align wp-block-acf-posts-list\">\n\n      <div class=\"flex flex-wrap justify-between items-center mb-8\">\n      <h3 class=\"mb-0 wp-block-heading has-2-xl-font-size\">\n        Nuestros productos Cultivos y Probi\u00f3ticos\n      <\/h3>\n\n              <div class=\"hidden relative gap-8 items-center w-1\/2 md:flex md:justify-end\">\n          <div class=\"swiper-button-prev\">\n            <svg width=\"16\" height=\"15\" viewBox=\"0 0 16 15\" fill=\"none\" xmlns=\"http:\/\/www.w3.org\/2000\/svg\">\n<path d=\"M0.292901 6.7927C-0.0975993 7.18323 -0.0975993 7.81639 0.292901 8.20692L6.65685 14.5709C7.04738 14.9614 7.68054 14.9614 8.07107 14.5709C8.46159 14.1804 8.46159 13.5472 8.07107 13.1567L2.4142 7.49981L8.07107 1.84291C8.46159 1.45241 8.46159 0.819307 8.07107 0.428707C7.68054 0.0382073 7.04738 0.0382073 6.65685 0.428707L0.292901 6.7927ZM16 6.49981L1 6.49981L1 8.49981L16 8.49981L16 6.49981Z\" fill=\"#E30613\"\/>\n<\/svg>\n          <\/div>\n          <div class=\"swiper-button-next\">\n            <svg width=\"16\" height=\"15\" viewBox=\"0 0 16 15\" fill=\"none\" xmlns=\"http:\/\/www.w3.org\/2000\/svg\">\n<path d=\"M15.7071 8.20711C16.0976 7.81658 16.0976 7.18342 15.7071 6.79289L9.34315 0.428932C8.95262 0.0384078 8.31946 0.0384078 7.92893 0.428932C7.53841 0.819457 7.53841 1.45262 7.92893 1.84315L13.5858 7.5L7.92893 13.1569C7.53841 13.5474 7.53841 14.1805 7.92893 14.5711C8.31946 14.9616 8.95262 14.9616 9.34315 14.5711L15.7071 8.20711ZM0 8.5H15V6.5H0V8.5Z\" fill=\"#E30613\"\/>\n<\/svg>\n          <\/div>\n        <\/div>\n          <\/div>\n  \n  \n  <div\n    class=\"slider swiper\"\n    id=\"posts-container\"\n          data-slides-per-view=\"4\"\n      >\n          <div class=\"swiper-wrapper\">\n    \n                  <div class=\"swiper-slide square-image-preview\">\n                    <article class=\"teaser-post post-1943 product type-product status-publish has-post-thumbnail hentry\">\n  <header>\n    <a href=\"https:\/\/calzaclemente.it\/es\/products\/cultivos-y-probioticos\/lacteos-frescos\/\" title=\"L\u00e1cteos Frescos\">\n      <figure>\n                  <img decoding=\"async\" width=\"1440\" height=\"960\" src=\"https:\/\/calzaclemente.it\/app\/uploads\/2025\/01\/little-girl-having-raspberry-with-cream-1440x960.jpg\" class=\"attachment-large size-large wp-post-image\" alt=\"\" loading=\"lazy\" srcset=\"https:\/\/calzaclemente.it\/app\/uploads\/2025\/01\/little-girl-having-raspberry-with-cream-1440x960.jpg 1440w, https:\/\/calzaclemente.it\/app\/uploads\/2025\/01\/little-girl-having-raspberry-with-cream-600x400.jpg 600w, https:\/\/calzaclemente.it\/app\/uploads\/2025\/01\/little-girl-having-raspberry-with-cream-1024x683.jpg 1024w, https:\/\/calzaclemente.it\/app\/uploads\/2025\/01\/little-girl-having-raspberry-with-cream-1536x1024.jpg 1536w, https:\/\/calzaclemente.it\/app\/uploads\/2025\/01\/little-girl-having-raspberry-with-cream-2048x1365.jpg 2048w, https:\/\/calzaclemente.it\/app\/uploads\/2025\/01\/little-girl-having-raspberry-with-cream-70x47.jpg 70w, https:\/\/calzaclemente.it\/app\/uploads\/2025\/01\/little-girl-having-raspberry-with-cream-1920x1280.jpg 1920w\" sizes=\"auto, (max-width: 1440px) 100vw, 1440px\" \/>\n              <\/figure>\n    <\/a>\n    \n\n    <h2 class=\"entry-title\">\n      <a href=\"https:\/\/calzaclemente.it\/es\/products\/cultivos-y-probioticos\/lacteos-frescos\/\" title=\"L\u00e1cteos Frescos\">\n        L\u00e1cteos Frescos\n      <\/a>\n    <\/h2>\n\n          <p>Parece que est\u00e1s explorando el mundo de los productos l\u00e1cteos frescos fermentados!<\/p>\n      <\/header>\n\n  <div class=\"entry-link\">\n    <a href=\"https:\/\/calzaclemente.it\/es\/products\/cultivos-y-probioticos\/lacteos-frescos\/\" title=\"L\u00e1cteos Frescos\">\n      Descubrir\n      <svg width=\"16\" height=\"15\" viewBox=\"0 0 16 15\" fill=\"none\" xmlns=\"http:\/\/www.w3.org\/2000\/svg\">\n<path d=\"M15.7071 8.20711C16.0976 7.81658 16.0976 7.18342 15.7071 6.79289L9.34315 0.428932C8.95262 0.0384078 8.31946 0.0384078 7.92893 0.428932C7.53841 0.819457 7.53841 1.45262 7.92893 1.84315L13.5858 7.5L7.92893 13.1569C7.53841 13.5474 7.53841 14.1805 7.92893 14.5711C8.31946 14.9616 8.95262 14.9616 9.34315 14.5711L15.7071 8.20711ZM0 8.5H15V6.5H0V8.5Z\" fill=\"#E30613\"\/>\n<\/svg>\n    <\/a>\n  <\/div>\n<\/article>\n        <\/div>\n              <div class=\"swiper-slide square-image-preview\">\n                    <article class=\"teaser-post post-1925 product type-product status-publish has-post-thumbnail hentry\">\n  <header>\n    <a href=\"https:\/\/calzaclemente.it\/es\/products\/cultivos-y-probioticos\/quesos\/\" title=\"Quesos\">\n      <figure>\n                  <img decoding=\"async\" width=\"1440\" height=\"960\" src=\"https:\/\/calzaclemente.it\/app\/uploads\/2025\/01\/close-up-pieces-mature-cheese-1440x960.jpg\" class=\"attachment-large size-large wp-post-image\" alt=\"\" loading=\"lazy\" srcset=\"https:\/\/calzaclemente.it\/app\/uploads\/2025\/01\/close-up-pieces-mature-cheese-1440x960.jpg 1440w, https:\/\/calzaclemente.it\/app\/uploads\/2025\/01\/close-up-pieces-mature-cheese-600x400.jpg 600w, https:\/\/calzaclemente.it\/app\/uploads\/2025\/01\/close-up-pieces-mature-cheese-1024x683.jpg 1024w, https:\/\/calzaclemente.it\/app\/uploads\/2025\/01\/close-up-pieces-mature-cheese-1536x1024.jpg 1536w, https:\/\/calzaclemente.it\/app\/uploads\/2025\/01\/close-up-pieces-mature-cheese-2048x1366.jpg 2048w, https:\/\/calzaclemente.it\/app\/uploads\/2025\/01\/close-up-pieces-mature-cheese-70x47.jpg 70w, https:\/\/calzaclemente.it\/app\/uploads\/2025\/01\/close-up-pieces-mature-cheese-1920x1280.jpg 1920w\" sizes=\"auto, (max-width: 1440px) 100vw, 1440px\" \/>\n              <\/figure>\n    <\/a>\n    \n\n    <h2 class=\"entry-title\">\n      <a href=\"https:\/\/calzaclemente.it\/es\/products\/cultivos-y-probioticos\/quesos\/\" title=\"Quesos\">\n        Quesos\n      <\/a>\n    <\/h2>\n\n          <p>\u00a1Te espera una asombrosa paleta de tradiciones e innovaciones!<\/p>\n      <\/header>\n\n  <div class=\"entry-link\">\n    <a href=\"https:\/\/calzaclemente.it\/es\/products\/cultivos-y-probioticos\/quesos\/\" title=\"Quesos\">\n      Descubrir\n      <svg width=\"16\" height=\"15\" viewBox=\"0 0 16 15\" fill=\"none\" xmlns=\"http:\/\/www.w3.org\/2000\/svg\">\n<path d=\"M15.7071 8.20711C16.0976 7.81658 16.0976 7.18342 15.7071 6.79289L9.34315 0.428932C8.95262 0.0384078 8.31946 0.0384078 7.92893 0.428932C7.53841 0.819457 7.53841 1.45262 7.92893 1.84315L13.5858 7.5L7.92893 13.1569C7.53841 13.5474 7.53841 14.1805 7.92893 14.5711C8.31946 14.9616 8.95262 14.9616 9.34315 14.5711L15.7071 8.20711ZM0 8.5H15V6.5H0V8.5Z\" fill=\"#E30613\"\/>\n<\/svg>\n    <\/a>\n  <\/div>\n<\/article>\n        <\/div>\n              <div class=\"swiper-slide square-image-preview\">\n                    <article class=\"teaser-post post-1912 product type-product status-publish has-post-thumbnail hentry\">\n  <header>\n    <a href=\"https:\/\/calzaclemente.it\/es\/products\/cultivos-y-probioticos\/bioproteccion\/\" title=\"Bioprotecci\u00f3n\">\n      <figure>\n                  <img decoding=\"async\" width=\"1440\" height=\"958\" src=\"https:\/\/calzaclemente.it\/app\/uploads\/2025\/02\/woman-checking-label-medium-shot-1440x958.jpg\" class=\"attachment-large size-large wp-post-image\" alt=\"\" loading=\"lazy\" srcset=\"https:\/\/calzaclemente.it\/app\/uploads\/2025\/02\/woman-checking-label-medium-shot-1440x958.jpg 1440w, https:\/\/calzaclemente.it\/app\/uploads\/2025\/02\/woman-checking-label-medium-shot-600x399.jpg 600w, https:\/\/calzaclemente.it\/app\/uploads\/2025\/02\/woman-checking-label-medium-shot-1024x681.jpg 1024w, https:\/\/calzaclemente.it\/app\/uploads\/2025\/02\/woman-checking-label-medium-shot-1536x1022.jpg 1536w, https:\/\/calzaclemente.it\/app\/uploads\/2025\/02\/woman-checking-label-medium-shot-2048x1363.jpg 2048w, https:\/\/calzaclemente.it\/app\/uploads\/2025\/02\/woman-checking-label-medium-shot-70x47.jpg 70w, https:\/\/calzaclemente.it\/app\/uploads\/2025\/02\/woman-checking-label-medium-shot-1920x1277.jpg 1920w\" sizes=\"auto, (max-width: 1440px) 100vw, 1440px\" \/>\n              <\/figure>\n    <\/a>\n    \n\n    <h2 class=\"entry-title\">\n      <a href=\"https:\/\/calzaclemente.it\/es\/products\/cultivos-y-probioticos\/bioproteccion\/\" title=\"Bioprotecci\u00f3n\">\n        Bioprotecci\u00f3n\n      <\/a>\n    <\/h2>\n\n          <p>Cultivos protectores ASTRO: M\u00e1s que un cultivo!<\/p>\n      <\/header>\n\n  <div class=\"entry-link\">\n    <a href=\"https:\/\/calzaclemente.it\/es\/products\/cultivos-y-probioticos\/bioproteccion\/\" title=\"Bioprotecci\u00f3n\">\n      Descubrir\n      <svg width=\"16\" height=\"15\" viewBox=\"0 0 16 15\" fill=\"none\" xmlns=\"http:\/\/www.w3.org\/2000\/svg\">\n<path d=\"M15.7071 8.20711C16.0976 7.81658 16.0976 7.18342 15.7071 6.79289L9.34315 0.428932C8.95262 0.0384078 8.31946 0.0384078 7.92893 0.428932C7.53841 0.819457 7.53841 1.45262 7.92893 1.84315L13.5858 7.5L7.92893 13.1569C7.53841 13.5474 7.53841 14.1805 7.92893 14.5711C8.31946 14.9616 8.95262 14.9616 9.34315 14.5711L15.7071 8.20711ZM0 8.5H15V6.5H0V8.5Z\" fill=\"#E30613\"\/>\n<\/svg>\n    <\/a>\n  <\/div>\n<\/article>\n        <\/div>\n              <div class=\"swiper-slide square-image-preview\">\n                    <article class=\"teaser-post post-1957 product type-product status-publish has-post-thumbnail hentry\">\n  <header>\n    <a href=\"https:\/\/calzaclemente.it\/es\/products\/cultivos-y-probioticos\/cepas-de-probioticos\/\" title=\"Cepas de Probi\u00f3ticos\">\n      <figure>\n                  <img decoding=\"async\" width=\"1440\" height=\"592\" src=\"https:\/\/calzaclemente.it\/app\/uploads\/2025\/02\/happy-family-baking-together-kitchen-1440x592.jpg\" class=\"attachment-large size-large wp-post-image\" alt=\"\" loading=\"lazy\" srcset=\"https:\/\/calzaclemente.it\/app\/uploads\/2025\/02\/happy-family-baking-together-kitchen-1440x592.jpg 1440w, https:\/\/calzaclemente.it\/app\/uploads\/2025\/02\/happy-family-baking-together-kitchen-600x247.jpg 600w, https:\/\/calzaclemente.it\/app\/uploads\/2025\/02\/happy-family-baking-together-kitchen-1024x421.jpg 1024w, https:\/\/calzaclemente.it\/app\/uploads\/2025\/02\/happy-family-baking-together-kitchen-1536x632.jpg 1536w, https:\/\/calzaclemente.it\/app\/uploads\/2025\/02\/happy-family-baking-together-kitchen-2048x842.jpg 2048w, https:\/\/calzaclemente.it\/app\/uploads\/2025\/02\/happy-family-baking-together-kitchen-70x29.jpg 70w, https:\/\/calzaclemente.it\/app\/uploads\/2025\/02\/happy-family-baking-together-kitchen-1920x790.jpg 1920w\" sizes=\"auto, (max-width: 1440px) 100vw, 1440px\" \/>\n              <\/figure>\n    <\/a>\n    \n\n    <h2 class=\"entry-title\">\n      <a href=\"https:\/\/calzaclemente.it\/es\/products\/cultivos-y-probioticos\/cepas-de-probioticos\/\" title=\"Cepas de Probi\u00f3ticos\">\n        Cepas de Probi\u00f3ticos\n      <\/a>\n    <\/h2>\n\n          <p>Mejorando la Salud L\u00e1ctea con el Poder de de los cultivos probi\u00f3ticos.<\/p>\n      <\/header>\n\n  <div class=\"entry-link\">\n    <a href=\"https:\/\/calzaclemente.it\/es\/products\/cultivos-y-probioticos\/cepas-de-probioticos\/\" title=\"Cepas de Probi\u00f3ticos\">\n      Descubrir\n      <svg width=\"16\" height=\"15\" viewBox=\"0 0 16 15\" fill=\"none\" xmlns=\"http:\/\/www.w3.org\/2000\/svg\">\n<path d=\"M15.7071 8.20711C16.0976 7.81658 16.0976 7.18342 15.7071 6.79289L9.34315 0.428932C8.95262 0.0384078 8.31946 0.0384078 7.92893 0.428932C7.53841 0.819457 7.53841 1.45262 7.92893 1.84315L13.5858 7.5L7.92893 13.1569C7.53841 13.5474 7.53841 14.1805 7.92893 14.5711C8.31946 14.9616 8.95262 14.9616 9.34315 14.5711L15.7071 8.20711ZM0 8.5H15V6.5H0V8.5Z\" fill=\"#E30613\"\/>\n<\/svg>\n    <\/a>\n  <\/div>\n<\/article>\n        <\/div>\n          \n          <\/div>\n      <\/div><!--row-->\n<\/div>\n<\/div>\n\n<div style=\"height:35px\" aria-hidden=\"true\" class=\"wp-block-spacer\"><\/div>\n\n<div style=\"height:35px\" aria-hidden=\"true\" class=\"wp-block-spacer thor-hidden-sm\"><\/div>\n","protected":false},"excerpt":{"rendered":"<p>Explora nuestra cartera, donde la diversidad y la innovaci\u00f3n se unen para crear una amplia gama de productos l\u00e1cteos deliciosos y nutritivos.<\/p>\n","protected":false},"author":1,"featured_media":518,"parent":0,"menu_order":0,"template":"","class_list":["post-1911","product","type-product","status-publish","has-post-thumbnail","hentry"],"acf":[],"_links":{"self":[{"href":"https:\/\/calzaclemente.it\/es\/wp-json\/wp\/v2\/product\/1911","targetHints":{"allow":["GET"]}}],"collection":[{"href":"https:\/\/calzaclemente.it\/es\/wp-json\/wp\/v2\/product"}],"about":[{"href":"https:\/\/calzaclemente.it\/es\/wp-json\/wp\/v2\/types\/product"}],"author":[{"embeddable":true,"href":"https:\/\/calzaclemente.it\/es\/wp-json\/wp\/v2\/users\/1"}],"wp:featuredmedia":[{"embeddable":true,"href":"https:\/\/calzaclemente.it\/es\/wp-json\/wp\/v2\/media\/518"}],"wp:attachment":[{"href":"https:\/\/calzaclemente.it\/es\/wp-json\/wp\/v2\/media?parent=1911"}],"curies":[{"name":"wp","href":"https:\/\/api.w.org\/{rel}","templated":true}]}}