{"id":1894,"date":"2025-01-07T17:51:00","date_gmt":"2025-01-07T16:51:00","guid":{"rendered":"https:\/\/calzaclemente.it\/products\/soluciones-analogos\/"},"modified":"2025-07-25T11:44:11","modified_gmt":"2025-07-25T09:44:11","slug":"soluciones-analogos","status":"publish","type":"product","link":"https:\/\/calzaclemente.it\/es\/products\/soluciones-analogos\/","title":{"rendered":"Soluciones an\u00e1logos"},"content":{"rendered":"\n<div class=\"wp-block-cover alignfull is-light has-custom-content-position is-position-top-center has-white-color has-text-color has-link-color wp-elements-2bbb0831a6815cd19ce8866d0321d1fa\" style=\"padding-right:15px;padding-left:15px\" id=\"hero\"><span aria-hidden=\"true\" class=\"wp-block-cover__background has-neutral-800-background-color has-background-dim-40 has-background-dim\"><\/span><img loading=\"lazy\" decoding=\"async\" width=\"2000\" height=\"1125\" src=\"https:\/\/calzaclemente.it\/app\/uploads\/2025\/01\/2148601804.jpg\" class=\"wp-block-cover__image-background wp-post-image\" alt=\"\" data-object-fit=\"cover\" srcset=\"https:\/\/calzaclemente.it\/app\/uploads\/2025\/01\/2148601804.jpg 2000w, https:\/\/calzaclemente.it\/app\/uploads\/2025\/01\/2148601804-600x338.jpg 600w, https:\/\/calzaclemente.it\/app\/uploads\/2025\/01\/2148601804-1440x810.jpg 1440w, https:\/\/calzaclemente.it\/app\/uploads\/2025\/01\/2148601804-1024x576.jpg 1024w, https:\/\/calzaclemente.it\/app\/uploads\/2025\/01\/2148601804-1536x864.jpg 1536w, https:\/\/calzaclemente.it\/app\/uploads\/2025\/01\/2148601804-70x39.jpg 70w, https:\/\/calzaclemente.it\/app\/uploads\/2025\/01\/2148601804-1920x1080.jpg 1920w\" sizes=\"auto, (max-width: 2000px) 100vw, 2000px\" \/><div class=\"wp-block-cover__inner-container is-layout-constrained wp-container-core-cover-is-layout-3467996f wp-block-cover-is-layout-constrained\">\n<div class=\"wp-block-group thor-maxwidth-3xl has-link-color wp-elements-df2ed51a40bed9922db979207b19ba26 is-layout-constrained wp-block-group-is-layout-constrained\"><nav aria-label=\"breadcrumbs\" class=\"rank-math-breadcrumb\"><p><span class=\"last\">Home<\/span><\/p><\/nav>\n\n\n<h1 class=\"wp-block-post-title\">Soluciones an\u00e1logos<\/h1><\/div>\n<\/div><\/div>\n\n<div class=\"wp-block-group thor-maxwidth-default is-layout-constrained wp-block-group-is-layout-constrained\">\n<div style=\"height:35px\" aria-hidden=\"true\" class=\"wp-block-spacer\"><\/div>\n\n\n\n<div style=\"height:35px\" aria-hidden=\"true\" class=\"wp-block-spacer thor-hidden-sm\"><\/div>\n\n\n\n<div class=\"wp-block-columns is-layout-flex wp-container-core-columns-is-layout-28f84493 wp-block-columns-is-layout-flex\">\n<div class=\"wp-block-column is-layout-flow wp-block-column-is-layout-flow\" style=\"flex-basis:35%\">\n<h3 class=\"wp-block-heading\">ASTRO BASE: Soluciones Pioneras para Quesos an\u00e1logos<\/h3>\n<\/div>\n\n\n\n<div class=\"wp-block-column thor-hidden-sm thor-hidden-md is-layout-flow wp-block-column-is-layout-flow\" style=\"flex-basis:15%\"><\/div>\n\n\n\n<div class=\"wp-block-column is-layout-flow wp-block-column-is-layout-flow\" style=\"flex-basis:50%\">\n<p class=\"\">Con nuestra gama de productos ASTRO BASE, Calza Clemente srl tiene como objetivo ofrecer soluciones innovadoras para la industria l\u00e1ctea.<\/p>\n\n\n\n<p class=\"\">Estos productos representan alternativas eficientes y de alta calidad a los quesos tradicionales, dise\u00f1ados para ser personalizables y satisfacer necesidades espec\u00edficas.<\/p>\n<\/div>\n<\/div>\n\n\n\n<div style=\"height:35px\" aria-hidden=\"true\" class=\"wp-block-spacer\"><\/div>\n\n\n\n<div style=\"height:35px\" aria-hidden=\"true\" class=\"wp-block-spacer thor-hidden-sm\"><\/div>\n<\/div>\n\n<div class=\"wp-block-group alignfull thor-maxwidth-default has-neutral-300-background-color has-background is-layout-constrained wp-block-group-is-layout-constrained\" style=\"padding-top:30px;padding-bottom:30px\">\n<div style=\"height:60px\" aria-hidden=\"true\" class=\"wp-block-spacer thor-hidden-sm\"><\/div>\n\n\n\n<h3 class=\"wp-block-heading\">Las principales ventajas de ASTRO BASE<\/h3>\n\n\n<div id=\"thor-block_d47f72642e7701d13aaeca0c52acb2bc\" class=\"thor-cards-slider layout-list align wp-block-acf-cards-slider\">\n\n  \n                  <div class=\"cards-list\">\n                                          <div class=\"w-full card-item\">\n                                        <figure>\n                                                    <img decoding=\"async\"\n                    src=\"https:\/\/calzaclemente.it\/app\/uploads\/2025\/01\/Hard_cheese_unsplash-1.jpeg\"\n                    alt=\"\"\n                    srcset=\"https:\/\/calzaclemente.it\/app\/uploads\/2025\/01\/Hard_cheese_unsplash-1-600x457.jpeg 300w, https:\/\/calzaclemente.it\/app\/uploads\/2025\/01\/Hard_cheese_unsplash-1.jpeg 1024w\"\n                    sizes=\"(max-width: 600px) 300px, 1024px\"\n                  \/>\n                              <\/figure>\n              \n                              <div class=\"entry-text\">\n                  <h3>Astro Base &#8211; Queso Duro<\/h3>\n<p>Premezcla para quesos an\u00e1logos duros para rallar. Ideal para obtener un producto compacto, f\u00e1cil de procesar y con excelente calidad de rallado. <\/p>\n\n                <\/div>\n              \n                          <\/div><!--swiper-slide-->\n                                    <div class=\"w-full card-item\">\n                                        <figure>\n                                                    <img decoding=\"async\"\n                    src=\"https:\/\/calzaclemente.it\/app\/uploads\/2025\/01\/classic-cheese-sandwich-360x361-1.jpg\"\n                    alt=\"\"\n                    srcset=\"https:\/\/calzaclemente.it\/app\/uploads\/2025\/01\/classic-cheese-sandwich-360x361-1.jpg 300w, https:\/\/calzaclemente.it\/app\/uploads\/2025\/01\/classic-cheese-sandwich-360x361-1.jpg 1024w\"\n                    sizes=\"(max-width: 600px) 300px, 1024px\"\n                  \/>\n                              <\/figure>\n              \n                              <div class=\"entry-text\">\n                  <h3>Astro Base &#8211; Queso en fetas<\/h3>\n<p>Premezcla para quesos an\u00e1logos en fetas. Ofrece excelente capacidad de corte, eficiencia de costos y facilidad de procesamiento. <\/p>\n\n                <\/div>\n              \n                          <\/div><!--swiper-slide-->\n                                    <div class=\"w-full card-item\">\n                                        <figure>\n                                                    <img decoding=\"async\"\n                    src=\"https:\/\/calzaclemente.it\/app\/uploads\/2025\/01\/1375577942921.jpeg\"\n                    alt=\"\"\n                    srcset=\"https:\/\/calzaclemente.it\/app\/uploads\/2025\/01\/1375577942921-600x450.jpeg 300w, https:\/\/calzaclemente.it\/app\/uploads\/2025\/01\/1375577942921.jpeg 1024w\"\n                    sizes=\"(max-width: 600px) 300px, 1024px\"\n                  \/>\n                              <\/figure>\n              \n                              <div class=\"entry-text\">\n                  <h3>Astro Base &#8211; Queso Crema para Untar<\/h3>\n<p>Premezcla para quesos an\u00e1logos para untar. Reduce el tiempo de producci\u00f3n y ofrece una soluci\u00f3n rentable. <\/p>\n\n                <\/div>\n              \n                          <\/div><!--swiper-slide-->\n                                    <div class=\"w-full card-item\">\n                                        <figure>\n                                                    <img decoding=\"async\"\n                    src=\"https:\/\/calzaclemente.it\/app\/uploads\/2025\/01\/filatrici-a-vapore-gallery-2.jpeg\"\n                    alt=\"\"\n                    srcset=\"https:\/\/calzaclemente.it\/app\/uploads\/2025\/01\/filatrici-a-vapore-gallery-2-600x405.jpeg 300w, https:\/\/calzaclemente.it\/app\/uploads\/2025\/01\/filatrici-a-vapore-gallery-2.jpeg 1024w\"\n                    sizes=\"(max-width: 600px) 300px, 1024px\"\n                  \/>\n                              <\/figure>\n              \n                              <div class=\"entry-text\">\n                  <h3>Astro Base &#8211; Queso para Pizza<\/h3>\n<p>Premezcla para producir an\u00e1logos de mozzarella para pizza<\/p>\n\n                <\/div>\n              \n                          <\/div><!--swiper-slide-->\n                                    <div class=\"w-full card-item\">\n                                        <figure>\n                                                    <img decoding=\"async\"\n                    src=\"https:\/\/calzaclemente.it\/app\/uploads\/2025\/01\/20240506-SEA-AlkaSeltzerNachoCheese-AmandaSuarez-HERO1-ceedd89a01bc4d8f9e1d3d3a523d4300-1440x1080.jpg\"\n                    alt=\"\"\n                    srcset=\"https:\/\/calzaclemente.it\/app\/uploads\/2025\/01\/20240506-SEA-AlkaSeltzerNachoCheese-AmandaSuarez-HERO1-ceedd89a01bc4d8f9e1d3d3a523d4300-600x450.jpg 300w, https:\/\/calzaclemente.it\/app\/uploads\/2025\/01\/20240506-SEA-AlkaSeltzerNachoCheese-AmandaSuarez-HERO1-ceedd89a01bc4d8f9e1d3d3a523d4300-1440x1080.jpg 1024w\"\n                    sizes=\"(max-width: 600px) 300px, 1024px\"\n                  \/>\n                              <\/figure>\n              \n                              <div class=\"entry-text\">\n                  <h3>Astro Base &#8211; Queso para Exprimir &#8211; CHEDDAR<\/h3>\n<p>Premezcla lista para usar para producir un queso an\u00e1logo exprimible, ideal para rellenos.<\/p>\n\n                <\/div>\n              \n                          <\/div><!--swiper-slide-->\n                                    <div class=\"w-full card-item\">\n                                        <figure>\n                                                    <img decoding=\"async\"\n                    src=\"https:\/\/calzaclemente.it\/app\/uploads\/2025\/01\/white-chocolate-cream-spoon-1440x960.jpg\"\n                    alt=\"\"\n                    srcset=\"https:\/\/calzaclemente.it\/app\/uploads\/2025\/01\/white-chocolate-cream-spoon-600x400.jpg 300w, https:\/\/calzaclemente.it\/app\/uploads\/2025\/01\/white-chocolate-cream-spoon-1440x960.jpg 1024w\"\n                    sizes=\"(max-width: 600px) 300px, 1024px\"\n                  \/>\n                              <\/figure>\n              \n                              <div class=\"entry-text\">\n                  <h3>Astro Base &#8211; Mayonesa<\/h3>\n<p>Premezcla lista para usar para producir un an\u00e1logo de mayonesa, ofreciendo una alternativa conveniente y f\u00e1cil de preparar sin el uso de productos de huevo.<\/p>\n\n                <\/div>\n              \n                          <\/div><!--swiper-slide-->\n          \n              <\/div>\n          <\/div>\n\n\n\n<div style=\"height:60px\" aria-hidden=\"true\" class=\"wp-block-spacer thor-hidden-sm\"><\/div>\n<\/div>\n\n<div style=\"height:30px\" aria-hidden=\"true\" class=\"wp-block-spacer\"><\/div>\n\n<div style=\"height:60px\" aria-hidden=\"true\" class=\"wp-block-spacer thor-hidden-sm\"><\/div>\n\n<div class=\"wp-block-columns are-vertically-aligned-center thor-default is-layout-flex wp-container-core-columns-is-layout-0e0088bb wp-block-columns-is-layout-flex\" style=\"padding-top:30px;padding-bottom:30px\">\n<div class=\"wp-block-column is-vertically-aligned-center is-layout-flow wp-block-column-is-layout-flow\">\n<figure class=\"wp-block-image size-full is-resized has-custom-border\"><img loading=\"lazy\" decoding=\"async\" width=\"424\" height=\"283\" src=\"https:\/\/calzaclemente.it\/app\/uploads\/2025\/01\/2015-11-10-08-36-535345254254_fill_80.jpg\" alt=\"\" class=\"wp-image-1088\" style=\"border-radius:5px;aspect-ratio:1;object-fit:cover;width:647px;height:auto\" srcset=\"https:\/\/calzaclemente.it\/app\/uploads\/2025\/01\/2015-11-10-08-36-535345254254_fill_80.jpg 424w, https:\/\/calzaclemente.it\/app\/uploads\/2025\/01\/2015-11-10-08-36-535345254254_fill_80-70x47.jpg 70w\" sizes=\"auto, (max-width: 424px) 100vw, 424px\" \/><\/figure>\n<\/div>\n\n\n\n<div class=\"wp-block-column is-vertically-aligned-center is-layout-flow wp-block-column-is-layout-flow\">\n<div class=\"wp-block-columns thor-default is-layout-flex wp-container-core-columns-is-layout-aca22cf8 wp-block-columns-is-layout-flex\">\n<div class=\"wp-block-column thor-hidden-sm thor-hidden-md thor-hidden-lg is-layout-flow wp-block-column-is-layout-flow\" style=\"flex-basis:110px\"><\/div>\n\n\n\n<div class=\"wp-block-column is-layout-flow wp-block-column-is-layout-flow\">\n<h2 class=\"wp-block-heading\">Las principales ventajas de ASTRO BASE:<\/h2>\n\n\n\n<ul class=\"wp-block-list is-style-checked-list\">\n<li class=\"\">Formulaciones flexibles: Capacidad para estandarizar el producto final a pesar de las variaciones estacionales y cualitativas de la leche<\/li>\n\n\n\n<li class=\"\">Facilidad de uso: Procedimientos y equipos simples, sin necesidad de maquinaria compleja<\/li>\n\n\n\n<li class=\"\">Estandarizaci\u00f3n del producto: Calidad constante y control del costo final<\/li>\n<\/ul>\n<\/div>\n\n\n\n<div class=\"wp-block-column thor-hidden-sm thor-hidden-md thor-hidden-lg is-layout-flow wp-block-column-is-layout-flow\" style=\"flex-basis:110px\"><\/div>\n<\/div>\n<\/div>\n<\/div>\n\n<div style=\"height:30px\" aria-hidden=\"true\" class=\"wp-block-spacer\"><\/div>\n\n<div style=\"height:60px\" aria-hidden=\"true\" class=\"wp-block-spacer thor-hidden-sm\"><\/div>\n","protected":false},"excerpt":{"rendered":"<p>Estos productos representan alternativas eficientes y de alta calidad a los quesos tradicionales, dise\u00f1ados para ser personalizables y satisfacer necesidades espec\u00edficas.<\/p>\n","protected":false},"author":1,"featured_media":946,"parent":0,"menu_order":0,"template":"","class_list":["post-1894","product","type-product","status-publish","has-post-thumbnail","hentry"],"acf":[],"_links":{"self":[{"href":"https:\/\/calzaclemente.it\/es\/wp-json\/wp\/v2\/product\/1894","targetHints":{"allow":["GET"]}}],"collection":[{"href":"https:\/\/calzaclemente.it\/es\/wp-json\/wp\/v2\/product"}],"about":[{"href":"https:\/\/calzaclemente.it\/es\/wp-json\/wp\/v2\/types\/product"}],"author":[{"embeddable":true,"href":"https:\/\/calzaclemente.it\/es\/wp-json\/wp\/v2\/users\/1"}],"wp:featuredmedia":[{"embeddable":true,"href":"https:\/\/calzaclemente.it\/es\/wp-json\/wp\/v2\/media\/946"}],"wp:attachment":[{"href":"https:\/\/calzaclemente.it\/es\/wp-json\/wp\/v2\/media?parent=1894"}],"curies":[{"name":"wp","href":"https:\/\/api.w.org\/{rel}","templated":true}]}}